{"id":9670,"date":"2022-08-05T16:07:49","date_gmt":"2022-08-05T15:07:49","guid":{"rendered":"https:\/\/now-fertility.com\/politica-de-cancelacion\/"},"modified":"2024-08-14T10:59:26","modified_gmt":"2024-08-14T09:59:26","slug":"politica-de-cancelacion","status":"publish","type":"page","link":"https:\/\/now-fertility.com\/es\/precios\/politica-de-cancelacion\/","title":{"rendered":"Pol\u00edtica de cancelaci\u00f3n"},"content":{"rendered":"\t\t<div data-elementor-type=\"wp-page\" data-elementor-id=\"9670\" class=\"elementor elementor-9670 elementor-6668\" data-elementor-post-type=\"page\">\n\t\t\t\t\t\t<section class=\"elementor-section elementor-top-section elementor-element elementor-element-5b67e178 elementor-section-height-min-height elementor-section-boxed elementor-section-height-default elementor-section-items-middle\" data-id=\"5b67e178\" data-element_type=\"section\" data-e-type=\"section\" data-settings=\"{&quot;background_background&quot;:&quot;classic&quot;,&quot;shape_divider_bottom&quot;:&quot;curve-asymmetrical&quot;,&quot;shape_divider_bottom_negative&quot;:&quot;yes&quot;}\">\n\t\t\t\t\t\t\t<div class=\"elementor-background-overlay\"><\/div>\n\t\t\t\t\t\t<div class=\"elementor-shape elementor-shape-bottom\" aria-hidden=\"true\" data-negative=\"true\">\n\t\t\t<svg xmlns=\"http:\/\/www.w3.org\/2000\/svg\" viewBox=\"0 0 1000 100\" preserveAspectRatio=\"none\">\n\t<path class=\"elementor-shape-fill\" d=\"M615.2,96.7C240.2,97.8,0,18.9,0,0v100h1000V0C1000,19.2,989.8,96,615.2,96.7z\"\/>\n<\/svg>\t\t<\/div>\n\t\t\t\t\t<div class=\"elementor-container elementor-column-gap-default\">\n\t\t\t\t\t<div class=\"elementor-column elementor-col-66 elementor-top-column elementor-element elementor-element-e2d8bef\" data-id=\"e2d8bef\" data-element_type=\"column\" data-e-type=\"column\">\n\t\t\t<div class=\"elementor-widget-wrap elementor-element-populated\">\n\t\t\t\t\t\t<div class=\"elementor-element elementor-element-6d815a94 elementor-widget elementor-widget-heading\" data-id=\"6d815a94\" data-element_type=\"widget\" data-e-type=\"widget\" data-widget_type=\"heading.default\">\n\t\t\t\t<div class=\"elementor-widget-container\">\n\t\t\t\t\t<h1 class=\"elementor-heading-title elementor-size-xl\"><b>Pol\u00edtica de cancelaci\u00f3n<\/b><\/h1>\t\t\t\t<\/div>\n\t\t\t\t<\/div>\n\t\t\t\t\t<\/div>\n\t\t<\/div>\n\t\t\t\t<div class=\"elementor-column elementor-col-33 elementor-top-column elementor-element elementor-element-62f0f4d1\" data-id=\"62f0f4d1\" data-element_type=\"column\" data-e-type=\"column\">\n\t\t\t<div class=\"elementor-widget-wrap elementor-element-populated\">\n\t\t\t\t\t\t<div class=\"elementor-element elementor-element-780ce5e4 elementor-align-left elementor-mobile-align-left elementor-widget elementor-widget-breadcrumbs\" data-id=\"780ce5e4\" data-element_type=\"widget\" data-e-type=\"widget\" data-widget_type=\"breadcrumbs.default\">\n\t\t\t\t<div class=\"elementor-widget-container\">\n\t\t\t\t\t<p id=\"breadcrumbs\"><span><span><a href=\"https:\/\/now-fertility.com\/es\/hogar\/\">Inicio<\/a><\/span><\/span><\/p>\t\t\t\t<\/div>\n\t\t\t\t<\/div>\n\t\t\t\t\t<\/div>\n\t\t<\/div>\n\t\t\t\t\t<\/div>\n\t\t<\/section>\n\t\t\t\t<section class=\"elementor-section elementor-top-section elementor-element elementor-element-fcf80c0 elementor-section-boxed elementor-section-height-default elementor-section-height-default\" data-id=\"fcf80c0\" data-element_type=\"section\" data-e-type=\"section\">\n\t\t\t\t\t\t<div class=\"elementor-container elementor-column-gap-default\">\n\t\t\t\t\t<div class=\"elementor-column elementor-col-100 elementor-top-column elementor-element elementor-element-6d221f3c\" data-id=\"6d221f3c\" data-element_type=\"column\" data-e-type=\"column\">\n\t\t\t<div class=\"elementor-widget-wrap elementor-element-populated\">\n\t\t\t\t\t\t<div class=\"elementor-element elementor-element-3a712a5a elementor-widget elementor-widget-text-editor\" data-id=\"3a712a5a\" data-element_type=\"widget\" data-e-type=\"widget\" data-widget_type=\"text-editor.default\">\n\t\t\t\t<div class=\"elementor-widget-container\">\n\t\t\t\t\t\t\t\t\t<p>El ciclo de tratamiento puede cancelarse en diferentes etapas, y este resultado ciertamente puede ser molesto. Dependiendo de la raz\u00f3n por la que se cancela el ciclo, puede ser posible proceder en un momento diferente utilizando un enfoque alternativo. Estamos aqu\u00ed para apoyarlo con nuestro equipo de consultores de fertilidad, enfermeras y coordinadores de atenci\u00f3n. Tambi\u00e9n podemos organizar asesoramiento de apoyo para usted.<\/p>\n<p>Si se est\u00e1 sometiendo a un nuevo ciclo que involucra la estimulaci\u00f3n hormonal de sus ovarios, el tratamiento puede cancelarse antes de la recolecci\u00f3n de \u00f3vulos debido a:<\/p>\n<ul>\n<li>Respuesta ov\u00e1rica sub\u00f3ptima a la estimulaci\u00f3n hormonal<\/li>\n<li>Alto riesgo de s\u00edndrome de hiperestimulaci\u00f3n ov\u00e1rica (SHO)<\/li>\n<li>Sentirse generalmente mal, por lo que no es prudente proceder en ese momento<\/li>\n<li>No tomar la inyecci\u00f3n de activaci\u00f3n seg\u00fan las instrucciones<\/li>\n<li>Cualquier otra indicaci\u00f3n cl\u00ednica<\/li>\n<\/ul>\n<p>En este caso, le reembolsaremos el 25% de la tarifa que pag\u00f3 a NOW-fertility.&nbsp;<\/p>\n<p>Si se est\u00e1 sometiendo a un nuevo ciclo que involucra la estimulaci\u00f3n hormonal de sus ovarios, el tratamiento puede cancelarse despu\u00e9s de la recolecci\u00f3n de \u00f3vulos y antes de la transferencia de embriones debido a:<\/p>\n<ul>\n<li>No se recogieron huevos<\/li>\n<li>No hay \u00f3vulos maduros disponibles&nbsp;<\/li>\n<li>Los \u00f3vulos no se fertilizan<\/li>\n<li>Los \u00f3vulos no se fertilizan normalmente<\/li>\n<li>Los embriones no se desarrollan<\/li>\n<li>No hay espermatozoides disponibles para fertilizar los \u00f3vulos in vitro<\/li>\n<li>Comenz\u00f3 a tener sangrado uterino<\/li>\n<li>Se observa un p\u00f3lipo dentro del \u00fatero<\/li>\n<li>Se ve l\u00edquido dentro del \u00fatero<\/li>\n<li>Cualquier otra indicaci\u00f3n cl\u00ednica<\/li>\n<\/ul>\n<p>En este caso, no tendr\u00e1 derecho a un reembolso de NOW-fertility, pero se le reembolsar\u00e1 una cierta cantidad de acuerdo con la propia pol\u00edtica de cancelaci\u00f3n y reembolso de la cl\u00ednica asociada.<\/p>\n<p>Si se est\u00e1 sometiendo a un ciclo de transferencia de embriones congelados que implica un tratamiento hormonal para desarrollar el endometrio o simplemente un ciclo natural sin ning\u00fan tipo de terapia hormonal, el tratamiento puede cancelarse antes de la transferencia de embriones debido a:&nbsp;<\/p>\n<ul>\n<li>Sentirse generalmente mal, por lo que no es prudente proceder<\/li>\n<li>Los embriones no han sobrevivido al proceso de descongelaci\u00f3n y calentamiento<\/li>\n<li>El procedimiento no se puede realizar sin sedaci\u00f3n y el anestesista para administrar los medicamentos para la sedaci\u00f3n no est\u00e1 disponible en el d\u00eda<\/li>\n<li>Se encuentra que tiene l\u00edquido o sangre dentro del \u00fatero en una ecograf\u00eda transabdominal el d\u00eda de la transferencia de embriones<\/li>\n<li>Ha comenzado a sangrar y el revestimiento del \u00fatero es m\u00e1s delgado que antes<\/li>\n<li>Ha olvidado tomar los medicamentos hormonales recomendados por su equipo de fertilidad<\/li>\n<li>Cualquier otra indicaci\u00f3n cl\u00ednica<\/li>\n<\/ul>\n<p>En este caso, si el ciclo se cancela antes de la transferencia de embriones, se le reembolsar\u00e1 el 25% de la tarifa que pag\u00f3 a NOW-fertility. Si, en cambio, el ciclo se cancela el d\u00eda en que asiste f\u00edsicamente a la cl\u00ednica asociada para la transferencia de embriones, lo que significa que ha completado su tratamiento de preparaci\u00f3n, no tendr\u00e1 derecho a un reembolso de NOW-fertility, pero es posible que se le reembolse una cierta cantidad de acuerdo con la propia pol\u00edtica de cancelaci\u00f3n y reembolso de la cl\u00ednica asociada.<\/p>\n<p>En el caso de que la\/s parte\/s implicada\/s desistier\/n del tratamiento (fresco o congelado\/s) en cualquier momento no habr\u00e1 reembolso.<\/p>\t\t\t\t\t\t\t\t<\/div>\n\t\t\t\t<\/div>\n\t\t\t\t\t<\/div>\n\t\t<\/div>\n\t\t\t\t\t<\/div>\n\t\t<\/section>\n\t\t\t\t<section class=\"elementor-section elementor-top-section elementor-element elementor-element-6ecb32f8 elementor-section-boxed elementor-section-height-default elementor-section-height-default\" data-id=\"6ecb32f8\" data-element_type=\"section\" data-e-type=\"section\" data-settings=\"{&quot;background_background&quot;:&quot;classic&quot;}\">\n\t\t\t\t\t\t\t<div class=\"elementor-background-overlay\"><\/div>\n\t\t\t\t\t\t\t<div class=\"elementor-container elementor-column-gap-default\">\n\t\t\t\t\t<div class=\"elementor-column elementor-col-66 elementor-top-column elementor-element elementor-element-51debbef\" data-id=\"51debbef\" data-element_type=\"column\" data-e-type=\"column\">\n\t\t\t<div class=\"elementor-widget-wrap elementor-element-populated\">\n\t\t\t\t\t\t<div class=\"elementor-element elementor-element-4881a63a elementor-widget elementor-widget-heading\" data-id=\"4881a63a\" data-element_type=\"widget\" data-e-type=\"widget\" data-widget_type=\"heading.default\">\n\t\t\t\t<div class=\"elementor-widget-container\">\n\t\t\t\t\t<h3 class=\"elementor-heading-title elementor-size-large\"><b>Reservar una consulta<\/b><\/h3>\t\t\t\t<\/div>\n\t\t\t\t<\/div>\n\t\t\t\t<div class=\"elementor-element elementor-element-33ec300f elementor-widget elementor-widget-text-editor\" data-id=\"33ec300f\" data-element_type=\"widget\" data-e-type=\"widget\" data-widget_type=\"text-editor.default\">\n\t\t\t\t<div class=\"elementor-widget-container\">\n\t\t\t\t\t\t\t\t\t<p>El compromiso de NOW-fertility es hacer que la atenci\u00f3n de fertilidad sea accesible, exitosa y libre de estr\u00e9s para los pacientes.<\/p>\n<p class=\"p1\">Si est\u00e1 listo para comenzar su viaje, reserve una consulta con uno de nuestros experimentados consultores de fertilidad.<\/p>\n\t\t\t\t\t\t\t\t<\/div>\n\t\t\t\t<\/div>\n\t\t\t\t\t<\/div>\n\t\t<\/div>\n\t\t\t\t<div class=\"elementor-column elementor-col-33 elementor-top-column elementor-element elementor-element-23c242b1 elementor-hidden-tablet elementor-hidden-mobile\" data-id=\"23c242b1\" data-element_type=\"column\" data-e-type=\"column\">\n\t\t\t<div class=\"elementor-widget-wrap elementor-element-populated\">\n\t\t\t\t\t\t<div class=\"elementor-element elementor-element-6b492514 elementor-align-center elementor-widget elementor-widget-button\" data-id=\"6b492514\" data-element_type=\"widget\" data-e-type=\"widget\" data-widget_type=\"button.default\">\n\t\t\t\t<div class=\"elementor-widget-container\">\n\t\t\t\t\t\t\t\t\t<div class=\"elementor-button-wrapper\">\n\t\t\t\t\t<a class=\"elementor-button elementor-button-link elementor-size-xl\" href=\"#\">\n\t\t\t\t\t\t<span class=\"elementor-button-content-wrapper\">\n\t\t\t\t\t\t\t\t\t<span class=\"elementor-button-text\">COMENZAR<\/span>\n\t\t\t\t\t<\/span>\n\t\t\t\t\t<\/a>\n\t\t\t\t<\/div>\n\t\t\t\t\t\t\t\t<\/div>\n\t\t\t\t<\/div>\n\t\t\t\t\t<\/div>\n\t\t<\/div>\n\t\t\t\t\t<\/div>\n\t\t<\/section>\n\t\t\t\t<\/div>\n\t\t","protected":false},"excerpt":{"rendered":"<p>Pol\u00edtica de cancelaci\u00f3n El ciclo de tratamiento puede cancelarse en diferentes etapas, y este resultado ciertamente puede ser molesto. Dependiendo de la raz\u00f3n por la que se cancela el ciclo, puede ser posible proceder en un momento diferente utilizando un enfoque alternativo. Estamos aqu\u00ed para apoyarlo con nuestro equipo de consultores de fertilidad, enfermeras y [&hellip;]<\/p>\n","protected":false},"author":1,"featured_media":0,"parent":9709,"menu_order":0,"comment_status":"closed","ping_status":"closed","template":"","meta":{"site-sidebar-layout":"no-sidebar","site-content-layout":"page-builder","ast-site-content-layout":"default","site-content-style":"default","site-sidebar-style":"default","ast-global-header-display":"","ast-banner-title-visibility":"","ast-main-header-display":"","ast-hfb-above-header-display":"","ast-hfb-below-header-display":"","ast-hfb-mobile-header-display":"","site-post-title":"disabled","ast-breadcrumbs-content":"disabled","ast-featured-img":"disabled","footer-sml-layout":"","ast-disable-related-posts":"","theme-transparent-header-meta":"default","adv-header-id-meta":"","stick-header-meta":"enabled","header-above-stick-meta":"on","header-main-stick-meta":"on","header-below-stick-meta":"","astra-migrate-meta-layouts":"default","ast-page-background-enabled":"default","ast-page-background-meta":{"desktop":{"background-color":"","background-image":"","background-repeat":"repeat","background-position":"center center","background-size":"auto","background-attachment":"scroll","background-type":"","background-media":"","overlay-type":"","overlay-color":"","overlay-opacity":"","overlay-gradient":""},"tablet":{"background-color":"","background-image":"","background-repeat":"repeat","background-position":"center center","background-size":"auto","background-attachment":"scroll","background-type":"","background-media":"","overlay-type":"","overlay-color":"","overlay-opacity":"","overlay-gradient":""},"mobile":{"background-color":"","background-image":"","background-repeat":"repeat","background-position":"center center","background-size":"auto","background-attachment":"scroll","background-type":"","background-media":"","overlay-type":"","overlay-color":"","overlay-opacity":"","overlay-gradient":""}},"ast-content-background-meta":{"desktop":{"background-color":"var(--ast-global-color-5)","background-image":"","background-repeat":"repeat","background-position":"center center","background-size":"auto","background-attachment":"scroll","background-type":"","background-media":"","overlay-type":"","overlay-color":"","overlay-opacity":"","overlay-gradient":""},"tablet":{"background-color":"var(--ast-global-color-5)","background-image":"","background-repeat":"repeat","background-position":"center center","background-size":"auto","background-attachment":"scroll","background-type":"","background-media":"","overlay-type":"","overlay-color":"","overlay-opacity":"","overlay-gradient":""},"mobile":{"background-color":"var(--ast-global-color-5)","background-image":"","background-repeat":"repeat","background-position":"center center","background-size":"auto","background-attachment":"scroll","background-type":"","background-media":"","overlay-type":"","overlay-color":"","overlay-opacity":"","overlay-gradient":""}},"footnotes":""},"class_list":["post-9670","page","type-page","status-publish","hentry"],"yoast_head":"<!-- This site is optimized with the Yoast SEO plugin v27.2 - https:\/\/yoast.com\/product\/yoast-seo-wordpress\/ -->\n<title>Pol\u00edtica de cancelaci\u00f3n - NOW-fertility<\/title>\n<meta name=\"robots\" content=\"index, follow, max-snippet:-1, max-image-preview:large, max-video-preview:-1\" \/>\n<link rel=\"canonical\" href=\"https:\/\/now-fertility.com\/es\/precios\/politica-de-cancelacion\/\" \/>\n<meta property=\"og:locale\" content=\"es_ES\" \/>\n<meta property=\"og:type\" content=\"article\" \/>\n<meta property=\"og:title\" content=\"Pol\u00edtica de cancelaci\u00f3n - NOW-fertility\" \/>\n<meta property=\"og:description\" content=\"Pol\u00edtica de cancelaci\u00f3n El ciclo de tratamiento puede cancelarse en diferentes etapas, y este resultado ciertamente puede ser molesto. Dependiendo de la raz\u00f3n por la que se cancela el ciclo, puede ser posible proceder en un momento diferente utilizando un enfoque alternativo. Estamos aqu\u00ed para apoyarlo con nuestro equipo de consultores de fertilidad, enfermeras y [&hellip;]\" \/>\n<meta property=\"og:url\" content=\"https:\/\/now-fertility.com\/es\/precios\/politica-de-cancelacion\/\" \/>\n<meta property=\"og:site_name\" content=\"NOW-fertility\" \/>\n<meta property=\"article:publisher\" content=\"https:\/\/www.facebook.com\/nowfertilitycare\" \/>\n<meta property=\"article:modified_time\" content=\"2024-08-14T09:59:26+00:00\" \/>\n<meta property=\"og:image\" content=\"https:\/\/now-fertility.com\/wp-content\/uploads\/2023\/11\/NOW-fertility-Global-fertility-service-without-barriers.webp\" \/>\n\t<meta property=\"og:image:width\" content=\"900\" \/>\n\t<meta property=\"og:image:height\" content=\"600\" \/>\n\t<meta property=\"og:image:type\" content=\"image\/webp\" \/>\n<meta name=\"twitter:card\" content=\"summary_large_image\" \/>\n<meta name=\"twitter:site\" content=\"@nowfertility\" \/>\n<meta name=\"twitter:label1\" content=\"Tiempo de lectura\" \/>\n\t<meta name=\"twitter:data1\" content=\"3 minutos\" \/>\n<script type=\"application\/ld+json\" class=\"yoast-schema-graph\">{\"@context\":\"https:\/\/schema.org\",\"@graph\":[{\"@type\":\"WebPage\",\"@id\":\"https:\/\/now-fertility.com\/es\/precios\/politica-de-cancelacion\/\",\"url\":\"https:\/\/now-fertility.com\/es\/precios\/politica-de-cancelacion\/\",\"name\":\"Pol\u00edtica de cancelaci\u00f3n - NOW-fertility\",\"isPartOf\":{\"@id\":\"https:\/\/now-fertility.com\/es\/#website\"},\"datePublished\":\"2022-08-05T15:07:49+00:00\",\"dateModified\":\"2024-08-14T09:59:26+00:00\",\"breadcrumb\":{\"@id\":\"https:\/\/now-fertility.com\/es\/precios\/politica-de-cancelacion\/#breadcrumb\"},\"inLanguage\":\"es\",\"potentialAction\":[{\"@type\":\"ReadAction\",\"target\":[\"https:\/\/now-fertility.com\/es\/precios\/politica-de-cancelacion\/\"]}]},{\"@type\":\"BreadcrumbList\",\"@id\":\"https:\/\/now-fertility.com\/es\/precios\/politica-de-cancelacion\/#breadcrumb\",\"itemListElement\":[{\"@type\":\"ListItem\",\"position\":1,\"name\":\"Inicio\",\"item\":\"https:\/\/now-fertility.com\/es\/hogar\/\"},{\"@type\":\"ListItem\",\"position\":2,\"name\":\"Precios\",\"item\":\"https:\/\/now-fertility.com\/es\/precios\/\"},{\"@type\":\"ListItem\",\"position\":3,\"name\":\"Pol\u00edtica de cancelaci\u00f3n\"}]},{\"@type\":\"WebSite\",\"@id\":\"https:\/\/now-fertility.com\/es\/#website\",\"url\":\"https:\/\/now-fertility.com\/es\/\",\"name\":\"NOW-fertility\",\"description\":\"Global fertility service without barriers\",\"publisher\":{\"@id\":\"https:\/\/now-fertility.com\/es\/#organization\"},\"potentialAction\":[{\"@type\":\"SearchAction\",\"target\":{\"@type\":\"EntryPoint\",\"urlTemplate\":\"https:\/\/now-fertility.com\/es\/?s={search_term_string}\"},\"query-input\":{\"@type\":\"PropertyValueSpecification\",\"valueRequired\":true,\"valueName\":\"search_term_string\"}}],\"inLanguage\":\"es\"},{\"@type\":\"Organization\",\"@id\":\"https:\/\/now-fertility.com\/es\/#organization\",\"name\":\"NOW-fertility\",\"url\":\"https:\/\/now-fertility.com\/es\/\",\"logo\":{\"@type\":\"ImageObject\",\"inLanguage\":\"es\",\"@id\":\"https:\/\/now-fertility.com\/es\/#\/schema\/logo\/image\/\",\"url\":\"https:\/\/now-fertility.com\/wp-content\/uploads\/2023\/11\/NOW-fertility.png\",\"contentUrl\":\"https:\/\/now-fertility.com\/wp-content\/uploads\/2023\/11\/NOW-fertility.png\",\"width\":720,\"height\":720,\"caption\":\"NOW-fertility\"},\"image\":{\"@id\":\"https:\/\/now-fertility.com\/es\/#\/schema\/logo\/image\/\"},\"sameAs\":[\"https:\/\/www.facebook.com\/nowfertilitycare\",\"https:\/\/x.com\/nowfertility\",\"https:\/\/www.instagram.com\/nowfertilitycare\/\",\"https:\/\/www.linkedin.com\/company\/nowfertilitycare\/\"]}]}<\/script>\n<!-- \/ Yoast SEO plugin. -->","yoast_head_json":{"title":"Pol\u00edtica de cancelaci\u00f3n - NOW-fertility","robots":{"index":"index","follow":"follow","max-snippet":"max-snippet:-1","max-image-preview":"max-image-preview:large","max-video-preview":"max-video-preview:-1"},"canonical":"https:\/\/now-fertility.com\/es\/precios\/politica-de-cancelacion\/","og_locale":"es_ES","og_type":"article","og_title":"Pol\u00edtica de cancelaci\u00f3n - NOW-fertility","og_description":"Pol\u00edtica de cancelaci\u00f3n El ciclo de tratamiento puede cancelarse en diferentes etapas, y este resultado ciertamente puede ser molesto. Dependiendo de la raz\u00f3n por la que se cancela el ciclo, puede ser posible proceder en un momento diferente utilizando un enfoque alternativo. Estamos aqu\u00ed para apoyarlo con nuestro equipo de consultores de fertilidad, enfermeras y [&hellip;]","og_url":"https:\/\/now-fertility.com\/es\/precios\/politica-de-cancelacion\/","og_site_name":"NOW-fertility","article_publisher":"https:\/\/www.facebook.com\/nowfertilitycare","article_modified_time":"2024-08-14T09:59:26+00:00","og_image":[{"width":900,"height":600,"url":"https:\/\/now-fertility.com\/wp-content\/uploads\/2023\/11\/NOW-fertility-Global-fertility-service-without-barriers.webp","type":"image\/webp"}],"twitter_card":"summary_large_image","twitter_site":"@nowfertility","twitter_misc":{"Tiempo de lectura":"3 minutos"},"schema":{"@context":"https:\/\/schema.org","@graph":[{"@type":"WebPage","@id":"https:\/\/now-fertility.com\/es\/precios\/politica-de-cancelacion\/","url":"https:\/\/now-fertility.com\/es\/precios\/politica-de-cancelacion\/","name":"Pol\u00edtica de cancelaci\u00f3n - NOW-fertility","isPartOf":{"@id":"https:\/\/now-fertility.com\/es\/#website"},"datePublished":"2022-08-05T15:07:49+00:00","dateModified":"2024-08-14T09:59:26+00:00","breadcrumb":{"@id":"https:\/\/now-fertility.com\/es\/precios\/politica-de-cancelacion\/#breadcrumb"},"inLanguage":"es","potentialAction":[{"@type":"ReadAction","target":["https:\/\/now-fertility.com\/es\/precios\/politica-de-cancelacion\/"]}]},{"@type":"BreadcrumbList","@id":"https:\/\/now-fertility.com\/es\/precios\/politica-de-cancelacion\/#breadcrumb","itemListElement":[{"@type":"ListItem","position":1,"name":"Inicio","item":"https:\/\/now-fertility.com\/es\/hogar\/"},{"@type":"ListItem","position":2,"name":"Precios","item":"https:\/\/now-fertility.com\/es\/precios\/"},{"@type":"ListItem","position":3,"name":"Pol\u00edtica de cancelaci\u00f3n"}]},{"@type":"WebSite","@id":"https:\/\/now-fertility.com\/es\/#website","url":"https:\/\/now-fertility.com\/es\/","name":"NOW-fertility","description":"Global fertility service without barriers","publisher":{"@id":"https:\/\/now-fertility.com\/es\/#organization"},"potentialAction":[{"@type":"SearchAction","target":{"@type":"EntryPoint","urlTemplate":"https:\/\/now-fertility.com\/es\/?s={search_term_string}"},"query-input":{"@type":"PropertyValueSpecification","valueRequired":true,"valueName":"search_term_string"}}],"inLanguage":"es"},{"@type":"Organization","@id":"https:\/\/now-fertility.com\/es\/#organization","name":"NOW-fertility","url":"https:\/\/now-fertility.com\/es\/","logo":{"@type":"ImageObject","inLanguage":"es","@id":"https:\/\/now-fertility.com\/es\/#\/schema\/logo\/image\/","url":"https:\/\/now-fertility.com\/wp-content\/uploads\/2023\/11\/NOW-fertility.png","contentUrl":"https:\/\/now-fertility.com\/wp-content\/uploads\/2023\/11\/NOW-fertility.png","width":720,"height":720,"caption":"NOW-fertility"},"image":{"@id":"https:\/\/now-fertility.com\/es\/#\/schema\/logo\/image\/"},"sameAs":["https:\/\/www.facebook.com\/nowfertilitycare","https:\/\/x.com\/nowfertility","https:\/\/www.instagram.com\/nowfertilitycare\/","https:\/\/www.linkedin.com\/company\/nowfertilitycare\/"]}]}},"_links":{"self":[{"href":"https:\/\/now-fertility.com\/es\/wp-json\/wp\/v2\/pages\/9670","targetHints":{"allow":["GET"]}}],"collection":[{"href":"https:\/\/now-fertility.com\/es\/wp-json\/wp\/v2\/pages"}],"about":[{"href":"https:\/\/now-fertility.com\/es\/wp-json\/wp\/v2\/types\/page"}],"author":[{"embeddable":true,"href":"https:\/\/now-fertility.com\/es\/wp-json\/wp\/v2\/users\/1"}],"replies":[{"embeddable":true,"href":"https:\/\/now-fertility.com\/es\/wp-json\/wp\/v2\/comments?post=9670"}],"version-history":[{"count":18,"href":"https:\/\/now-fertility.com\/es\/wp-json\/wp\/v2\/pages\/9670\/revisions"}],"predecessor-version":[{"id":26249,"href":"https:\/\/now-fertility.com\/es\/wp-json\/wp\/v2\/pages\/9670\/revisions\/26249"}],"up":[{"embeddable":true,"href":"https:\/\/now-fertility.com\/es\/wp-json\/wp\/v2\/pages\/9709"}],"wp:attachment":[{"href":"https:\/\/now-fertility.com\/es\/wp-json\/wp\/v2\/media?parent=9670"}],"curies":[{"name":"wp","href":"https:\/\/api.w.org\/{rel}","templated":true}]}}