{"id":9741,"date":"2022-08-05T16:21:47","date_gmt":"2022-08-05T15:21:47","guid":{"rendered":"https:\/\/now-fertility.com\/letra-chica\/"},"modified":"2023-03-28T12:52:37","modified_gmt":"2023-03-28T11:52:37","slug":"letra-chica","status":"publish","type":"page","link":"https:\/\/now-fertility.com\/es\/letra-chica\/","title":{"rendered":"Letra chica"},"content":{"rendered":"<p class=\"p1\">Bienvenido a nuestro sitio web. Si contin\u00faa navegando y utilizando este sitio web, acepta cumplir y estar sujeto a los siguientes T\u00e9rminos y Condiciones de uso, que junto con nuestra pol\u00edtica de privacidad <span class=\"s1\">rigen la relaci\u00f3n<\/span> de NOW-fertility SA con usted en relaci\u00f3n con el sitio web. Si no est\u00e1 de acuerdo con alguna parte de los T\u00e9rminos y Condiciones, no utilice nuestro sitio web.<\/p>\n<p class=\"p1\">El t\u00e9rmino &#8216;NOW-fertility SA&#8217; o <span class=\"s1\">&#8216;<\/span>nosotros<span class=\"s1\">&#8216;<\/span> se refiere al propietario del sitio web cuyo domicilio social se encuentra en C\/o Morgaine Advisory SA, Via G.B. Pioda 9, 6900 Lugano, Suiza, y el n\u00famero de registro de la empresa es CHE-429079326. El t\u00e9rmino <span class=\"s1\">\u00ab<\/span>usted\u00bb se refiere al usuario o espectador de nuestro sitio web.<\/p>\n<p class=\"p1\">El uso de este sitio web est\u00e1 sujeto a lo siguiente:<\/p>\n<ul class=\"ul1\">\n<li class=\"li2\"><span class=\"s3\">El contenido de las p\u00e1ginas de este sitio web es solo para su informaci\u00f3n general y uso. Est\u00e1 sujeto a cambios en cualquier momento y sin previo aviso.<\/span><\/li>\n<li class=\"li2\"><span class=\"s3\">Este sitio web utiliza cookies para monitorizar las preferencias de navegaci\u00f3n. Puede ver una copia completa de nuestra <a href=\"\/privacy\/\">pol\u00edtica de privacidad aqu\u00ed<\/a>.<\/span><\/li>\n<li class=\"li2\"><span class=\"s3\">Ni nosotros ni ning\u00fan tercero proporcionamos ninguna garant\u00eda en cuanto a la exactitud, puntualidad, rendimiento, integridad o idoneidad de la informaci\u00f3n y los materiales que se encuentran u ofrecen en este sitio web para cualquier alcance y prop\u00f3sito. Usted reconoce que dicha informaci\u00f3n y materiales pueden contener inexactitudes o errores, y excluimos expresamente la responsabilidad por tales inexactitudes o errores en la m\u00e1xima medida permitida por la ley.<\/span><\/li>\n<li class=\"li2\"><span class=\"s3\">Su uso de cualquier informaci\u00f3n o material en este sitio web es bajo su propio riesgo, por lo que no seremos responsables. Ser\u00e1 su propia responsabilidad asegurarse de que cualquier producto, servicio o informaci\u00f3n disponible a trav\u00e9s de este sitio web cumpla con sus requisitos e intenciones espec\u00edficos.<\/span><\/li>\n<li class=\"li2\"><span class=\"s3\">Este sitio web contiene material que es de nuestra propiedad o con licencia exclusiva. Este material incluye, pero no se limita al dise\u00f1o, dise\u00f1o, apariencia, apariencia, logotipo, texto y gr\u00e1ficos. La reproducci\u00f3n est\u00e1 prohibida excepto de acuerdo con el aviso de derechos de autor, que forma parte de estos T\u00e9rminos y Condiciones.<\/span><\/li>\n<li class=\"li2\"><span class=\"s3\">Todas las marcas comerciales reproducidas en este sitio web, que no son propiedad de, o con licencia para el operador, se reconocen en el sitio web seg\u00fan corresponda.<\/span><\/li>\n<li class=\"li2\"><span class=\"s3\">El uso no autorizado de este sitio web puede dar lugar a una reclamaci\u00f3n por da\u00f1os y perjuicios y\/o constituir un delito penal.<\/span><\/li>\n<li class=\"li2\"><span class=\"s3\">De vez en cuando, este sitio web tambi\u00e9n puede incluir enlaces a otros sitios web. Estos enlaces se proporcionan para su conveniencia y transparencia para ofrecer m\u00e1s informaci\u00f3n seg\u00fan corresponda. No significan que respaldemos el (los) sitio (s) web (s) ni tengamos un inter\u00e9s. No tenemos ninguna responsabilidad por el contenido de los sitios web vinculados.<\/span><\/li>\n<li class=\"li2\"><span class=\"s3\">Su uso de este sitio web y cualquier disputa que surja de dicho uso del sitio web est\u00e1 sujeto a las leyes de Inglaterra.<\/span><\/li>\n<\/ul>\n","protected":false},"excerpt":{"rendered":"<p>Bienvenido a nuestro sitio web. Si contin\u00faa navegando y utilizando este sitio web, acepta cumplir y estar sujeto a los siguientes T\u00e9rminos y Condiciones de uso, que junto con nuestra pol\u00edtica de privacidad rigen la relaci\u00f3n de NOW-fertility SA con usted en relaci\u00f3n con el sitio web. Si no est\u00e1 de acuerdo con alguna parte [&hellip;]<\/p>\n","protected":false},"author":1,"featured_media":0,"parent":0,"menu_order":0,"comment_status":"closed","ping_status":"closed","template":"","meta":{"site-sidebar-layout":"default","site-content-layout":"default","ast-site-content-layout":"default","site-content-style":"default","site-sidebar-style":"default","ast-global-header-display":"","ast-banner-title-visibility":"","ast-main-header-display":"","ast-hfb-above-header-display":"","ast-hfb-below-header-display":"","ast-hfb-mobile-header-display":"","site-post-title":"","ast-breadcrumbs-content":"","ast-featured-img":"","footer-sml-layout":"","ast-disable-related-posts":"","theme-transparent-header-meta":"disabled","adv-header-id-meta":"","stick-header-meta":"enabled","header-above-stick-meta":"on","header-main-stick-meta":"on","header-below-stick-meta":"","astra-migrate-meta-layouts":"default","ast-page-background-enabled":"default","ast-page-background-meta":{"desktop":{"background-color":"","background-image":"","background-repeat":"repeat","background-position":"center center","background-size":"auto","background-attachment":"scroll","background-type":"","background-media":"","overlay-type":"","overlay-color":"","overlay-opacity":"","overlay-gradient":""},"tablet":{"background-color":"","background-image":"","background-repeat":"repeat","background-position":"center center","background-size":"auto","background-attachment":"scroll","background-type":"","background-media":"","overlay-type":"","overlay-color":"","overlay-opacity":"","overlay-gradient":""},"mobile":{"background-color":"","background-image":"","background-repeat":"repeat","background-position":"center center","background-size":"auto","background-attachment":"scroll","background-type":"","background-media":"","overlay-type":"","overlay-color":"","overlay-opacity":"","overlay-gradient":""}},"ast-content-background-meta":{"desktop":{"background-color":"var(--ast-global-color-5)","background-image":"","background-repeat":"repeat","background-position":"center center","background-size":"auto","background-attachment":"scroll","background-type":"","background-media":"","overlay-type":"","overlay-color":"","overlay-opacity":"","overlay-gradient":""},"tablet":{"background-color":"var(--ast-global-color-5)","background-image":"","background-repeat":"repeat","background-position":"center center","background-size":"auto","background-attachment":"scroll","background-type":"","background-media":"","overlay-type":"","overlay-color":"","overlay-opacity":"","overlay-gradient":""},"mobile":{"background-color":"var(--ast-global-color-5)","background-image":"","background-repeat":"repeat","background-position":"center center","background-size":"auto","background-attachment":"scroll","background-type":"","background-media":"","overlay-type":"","overlay-color":"","overlay-opacity":"","overlay-gradient":""}},"footnotes":""},"class_list":["post-9741","page","type-page","status-publish","hentry"],"yoast_head":"<!-- This site is optimized with the Yoast SEO plugin v27.2 - https:\/\/yoast.com\/product\/yoast-seo-wordpress\/ -->\n<title>Letra chica - NOW-fertility<\/title>\n<meta name=\"robots\" content=\"index, follow, max-snippet:-1, max-image-preview:large, max-video-preview:-1\" \/>\n<link rel=\"canonical\" href=\"https:\/\/now-fertility.com\/es\/letra-chica\/\" \/>\n<meta property=\"og:locale\" content=\"es_ES\" \/>\n<meta property=\"og:type\" content=\"article\" \/>\n<meta property=\"og:title\" content=\"Letra chica - NOW-fertility\" \/>\n<meta property=\"og:description\" content=\"Bienvenido a nuestro sitio web. Si contin\u00faa navegando y utilizando este sitio web, acepta cumplir y estar sujeto a los siguientes T\u00e9rminos y Condiciones de uso, que junto con nuestra pol\u00edtica de privacidad rigen la relaci\u00f3n de NOW-fertility SA con usted en relaci\u00f3n con el sitio web. Si no est\u00e1 de acuerdo con alguna parte [&hellip;]\" \/>\n<meta property=\"og:url\" content=\"https:\/\/now-fertility.com\/es\/letra-chica\/\" \/>\n<meta property=\"og:site_name\" content=\"NOW-fertility\" \/>\n<meta property=\"article:publisher\" content=\"https:\/\/www.facebook.com\/nowfertilitycare\" \/>\n<meta property=\"article:modified_time\" content=\"2023-03-28T11:52:37+00:00\" \/>\n<meta property=\"og:image\" content=\"https:\/\/now-fertility.com\/wp-content\/uploads\/2023\/11\/NOW-fertility-Global-fertility-service-without-barriers.webp\" \/>\n\t<meta property=\"og:image:width\" content=\"900\" \/>\n\t<meta property=\"og:image:height\" content=\"600\" \/>\n\t<meta property=\"og:image:type\" content=\"image\/webp\" \/>\n<meta name=\"twitter:card\" content=\"summary_large_image\" \/>\n<meta name=\"twitter:site\" content=\"@nowfertility\" \/>\n<meta name=\"twitter:label1\" content=\"Tiempo de lectura\" \/>\n\t<meta name=\"twitter:data1\" content=\"3 minutos\" \/>\n<script type=\"application\/ld+json\" class=\"yoast-schema-graph\">{\"@context\":\"https:\/\/schema.org\",\"@graph\":[{\"@type\":\"WebPage\",\"@id\":\"https:\/\/now-fertility.com\/es\/letra-chica\/\",\"url\":\"https:\/\/now-fertility.com\/es\/letra-chica\/\",\"name\":\"Letra chica - NOW-fertility\",\"isPartOf\":{\"@id\":\"https:\/\/now-fertility.com\/es\/#website\"},\"datePublished\":\"2022-08-05T15:21:47+00:00\",\"dateModified\":\"2023-03-28T11:52:37+00:00\",\"breadcrumb\":{\"@id\":\"https:\/\/now-fertility.com\/es\/letra-chica\/#breadcrumb\"},\"inLanguage\":\"es\",\"potentialAction\":[{\"@type\":\"ReadAction\",\"target\":[\"https:\/\/now-fertility.com\/es\/letra-chica\/\"]}]},{\"@type\":\"BreadcrumbList\",\"@id\":\"https:\/\/now-fertility.com\/es\/letra-chica\/#breadcrumb\",\"itemListElement\":[{\"@type\":\"ListItem\",\"position\":1,\"name\":\"Inicio\",\"item\":\"https:\/\/now-fertility.com\/es\/hogar\/\"},{\"@type\":\"ListItem\",\"position\":2,\"name\":\"Letra chica\"}]},{\"@type\":\"WebSite\",\"@id\":\"https:\/\/now-fertility.com\/es\/#website\",\"url\":\"https:\/\/now-fertility.com\/es\/\",\"name\":\"NOW-fertility\",\"description\":\"Global fertility service without barriers\",\"publisher\":{\"@id\":\"https:\/\/now-fertility.com\/es\/#organization\"},\"potentialAction\":[{\"@type\":\"SearchAction\",\"target\":{\"@type\":\"EntryPoint\",\"urlTemplate\":\"https:\/\/now-fertility.com\/es\/?s={search_term_string}\"},\"query-input\":{\"@type\":\"PropertyValueSpecification\",\"valueRequired\":true,\"valueName\":\"search_term_string\"}}],\"inLanguage\":\"es\"},{\"@type\":\"Organization\",\"@id\":\"https:\/\/now-fertility.com\/es\/#organization\",\"name\":\"NOW-fertility\",\"url\":\"https:\/\/now-fertility.com\/es\/\",\"logo\":{\"@type\":\"ImageObject\",\"inLanguage\":\"es\",\"@id\":\"https:\/\/now-fertility.com\/es\/#\/schema\/logo\/image\/\",\"url\":\"https:\/\/now-fertility.com\/wp-content\/uploads\/2023\/11\/NOW-fertility.png\",\"contentUrl\":\"https:\/\/now-fertility.com\/wp-content\/uploads\/2023\/11\/NOW-fertility.png\",\"width\":720,\"height\":720,\"caption\":\"NOW-fertility\"},\"image\":{\"@id\":\"https:\/\/now-fertility.com\/es\/#\/schema\/logo\/image\/\"},\"sameAs\":[\"https:\/\/www.facebook.com\/nowfertilitycare\",\"https:\/\/x.com\/nowfertility\",\"https:\/\/www.instagram.com\/nowfertilitycare\/\",\"https:\/\/www.linkedin.com\/company\/nowfertilitycare\/\"]}]}<\/script>\n<!-- \/ Yoast SEO plugin. -->","yoast_head_json":{"title":"Letra chica - NOW-fertility","robots":{"index":"index","follow":"follow","max-snippet":"max-snippet:-1","max-image-preview":"max-image-preview:large","max-video-preview":"max-video-preview:-1"},"canonical":"https:\/\/now-fertility.com\/es\/letra-chica\/","og_locale":"es_ES","og_type":"article","og_title":"Letra chica - NOW-fertility","og_description":"Bienvenido a nuestro sitio web. Si contin\u00faa navegando y utilizando este sitio web, acepta cumplir y estar sujeto a los siguientes T\u00e9rminos y Condiciones de uso, que junto con nuestra pol\u00edtica de privacidad rigen la relaci\u00f3n de NOW-fertility SA con usted en relaci\u00f3n con el sitio web. Si no est\u00e1 de acuerdo con alguna parte [&hellip;]","og_url":"https:\/\/now-fertility.com\/es\/letra-chica\/","og_site_name":"NOW-fertility","article_publisher":"https:\/\/www.facebook.com\/nowfertilitycare","article_modified_time":"2023-03-28T11:52:37+00:00","og_image":[{"width":900,"height":600,"url":"https:\/\/now-fertility.com\/wp-content\/uploads\/2023\/11\/NOW-fertility-Global-fertility-service-without-barriers.webp","type":"image\/webp"}],"twitter_card":"summary_large_image","twitter_site":"@nowfertility","twitter_misc":{"Tiempo de lectura":"3 minutos"},"schema":{"@context":"https:\/\/schema.org","@graph":[{"@type":"WebPage","@id":"https:\/\/now-fertility.com\/es\/letra-chica\/","url":"https:\/\/now-fertility.com\/es\/letra-chica\/","name":"Letra chica - NOW-fertility","isPartOf":{"@id":"https:\/\/now-fertility.com\/es\/#website"},"datePublished":"2022-08-05T15:21:47+00:00","dateModified":"2023-03-28T11:52:37+00:00","breadcrumb":{"@id":"https:\/\/now-fertility.com\/es\/letra-chica\/#breadcrumb"},"inLanguage":"es","potentialAction":[{"@type":"ReadAction","target":["https:\/\/now-fertility.com\/es\/letra-chica\/"]}]},{"@type":"BreadcrumbList","@id":"https:\/\/now-fertility.com\/es\/letra-chica\/#breadcrumb","itemListElement":[{"@type":"ListItem","position":1,"name":"Inicio","item":"https:\/\/now-fertility.com\/es\/hogar\/"},{"@type":"ListItem","position":2,"name":"Letra chica"}]},{"@type":"WebSite","@id":"https:\/\/now-fertility.com\/es\/#website","url":"https:\/\/now-fertility.com\/es\/","name":"NOW-fertility","description":"Global fertility service without barriers","publisher":{"@id":"https:\/\/now-fertility.com\/es\/#organization"},"potentialAction":[{"@type":"SearchAction","target":{"@type":"EntryPoint","urlTemplate":"https:\/\/now-fertility.com\/es\/?s={search_term_string}"},"query-input":{"@type":"PropertyValueSpecification","valueRequired":true,"valueName":"search_term_string"}}],"inLanguage":"es"},{"@type":"Organization","@id":"https:\/\/now-fertility.com\/es\/#organization","name":"NOW-fertility","url":"https:\/\/now-fertility.com\/es\/","logo":{"@type":"ImageObject","inLanguage":"es","@id":"https:\/\/now-fertility.com\/es\/#\/schema\/logo\/image\/","url":"https:\/\/now-fertility.com\/wp-content\/uploads\/2023\/11\/NOW-fertility.png","contentUrl":"https:\/\/now-fertility.com\/wp-content\/uploads\/2023\/11\/NOW-fertility.png","width":720,"height":720,"caption":"NOW-fertility"},"image":{"@id":"https:\/\/now-fertility.com\/es\/#\/schema\/logo\/image\/"},"sameAs":["https:\/\/www.facebook.com\/nowfertilitycare","https:\/\/x.com\/nowfertility","https:\/\/www.instagram.com\/nowfertilitycare\/","https:\/\/www.linkedin.com\/company\/nowfertilitycare\/"]}]}},"_links":{"self":[{"href":"https:\/\/now-fertility.com\/es\/wp-json\/wp\/v2\/pages\/9741","targetHints":{"allow":["GET"]}}],"collection":[{"href":"https:\/\/now-fertility.com\/es\/wp-json\/wp\/v2\/pages"}],"about":[{"href":"https:\/\/now-fertility.com\/es\/wp-json\/wp\/v2\/types\/page"}],"author":[{"embeddable":true,"href":"https:\/\/now-fertility.com\/es\/wp-json\/wp\/v2\/users\/1"}],"replies":[{"embeddable":true,"href":"https:\/\/now-fertility.com\/es\/wp-json\/wp\/v2\/comments?post=9741"}],"version-history":[{"count":1,"href":"https:\/\/now-fertility.com\/es\/wp-json\/wp\/v2\/pages\/9741\/revisions"}],"predecessor-version":[{"id":15321,"href":"https:\/\/now-fertility.com\/es\/wp-json\/wp\/v2\/pages\/9741\/revisions\/15321"}],"wp:attachment":[{"href":"https:\/\/now-fertility.com\/es\/wp-json\/wp\/v2\/media?parent=9741"}],"curies":[{"name":"wp","href":"https:\/\/api.w.org\/{rel}","templated":true}]}}