{"id":9747,"date":"2022-08-05T16:21:49","date_gmt":"2022-08-05T15:21:49","guid":{"rendered":"https:\/\/now-fertility.com\/carreras\/gerente-de-participacion-del-paciente\/"},"modified":"2022-11-08T14:34:20","modified_gmt":"2022-11-08T14:34:20","slug":"gerente-de-participacion-del-paciente","status":"publish","type":"page","link":"https:\/\/now-fertility.com\/es\/carreras\/gerente-de-participacion-del-paciente\/","title":{"rendered":"Gerente de Participaci\u00f3n del Paciente"},"content":{"rendered":"\t\t<div data-elementor-type=\"wp-page\" data-elementor-id=\"9747\" class=\"elementor elementor-9747 elementor-4500\" data-elementor-post-type=\"page\">\n\t\t\t\t\t\t<section class=\"elementor-section elementor-top-section elementor-element elementor-element-6b7ae16a elementor-section-height-min-height elementor-section-boxed elementor-section-height-default elementor-section-items-middle\" data-id=\"6b7ae16a\" data-element_type=\"section\" data-e-type=\"section\" data-settings=\"{&quot;background_background&quot;:&quot;classic&quot;,&quot;shape_divider_bottom&quot;:&quot;curve-asymmetrical&quot;,&quot;shape_divider_bottom_negative&quot;:&quot;yes&quot;}\">\n\t\t\t\t\t\t\t<div class=\"elementor-background-overlay\"><\/div>\n\t\t\t\t\t\t<div class=\"elementor-shape elementor-shape-bottom\" aria-hidden=\"true\" data-negative=\"true\">\n\t\t\t<svg xmlns=\"http:\/\/www.w3.org\/2000\/svg\" viewBox=\"0 0 1000 100\" preserveAspectRatio=\"none\">\n\t<path class=\"elementor-shape-fill\" d=\"M615.2,96.7C240.2,97.8,0,18.9,0,0v100h1000V0C1000,19.2,989.8,96,615.2,96.7z\"\/>\n<\/svg>\t\t<\/div>\n\t\t\t\t\t<div class=\"elementor-container elementor-column-gap-default\">\n\t\t\t\t\t<div class=\"elementor-column elementor-col-66 elementor-top-column elementor-element elementor-element-2541e330\" data-id=\"2541e330\" data-element_type=\"column\" data-e-type=\"column\">\n\t\t\t<div class=\"elementor-widget-wrap elementor-element-populated\">\n\t\t\t\t\t\t<div class=\"elementor-element elementor-element-438bd5ed elementor-widget elementor-widget-heading\" data-id=\"438bd5ed\" data-element_type=\"widget\" data-e-type=\"widget\" data-widget_type=\"heading.default\">\n\t\t\t\t<div class=\"elementor-widget-container\">\n\t\t\t\t\t<h1 class=\"elementor-heading-title elementor-size-xl\">\u00danete a <b>NOW-fertility<\/b><\/h1>\t\t\t\t<\/div>\n\t\t\t\t<\/div>\n\t\t\t\t\t<\/div>\n\t\t<\/div>\n\t\t\t\t<div class=\"elementor-column elementor-col-33 elementor-top-column elementor-element elementor-element-3095141c\" data-id=\"3095141c\" data-element_type=\"column\" data-e-type=\"column\">\n\t\t\t<div class=\"elementor-widget-wrap elementor-element-populated\">\n\t\t\t\t\t\t<div class=\"elementor-element elementor-element-4cf17304 elementor-align-center elementor-mobile-align-left elementor-widget elementor-widget-breadcrumbs\" data-id=\"4cf17304\" data-element_type=\"widget\" data-e-type=\"widget\" data-widget_type=\"breadcrumbs.default\">\n\t\t\t\t<div class=\"elementor-widget-container\">\n\t\t\t\t\t<p id=\"breadcrumbs\"><span><span><a href=\"https:\/\/now-fertility.com\/es\/hogar\/\">Inicio<\/a><\/span><\/span><\/p>\t\t\t\t<\/div>\n\t\t\t\t<\/div>\n\t\t\t\t\t<\/div>\n\t\t<\/div>\n\t\t\t\t\t<\/div>\n\t\t<\/section>\n\t\t\t\t<section class=\"elementor-section elementor-top-section elementor-element elementor-element-2309c7b5 elementor-section-boxed elementor-section-height-default elementor-section-height-default\" data-id=\"2309c7b5\" data-element_type=\"section\" data-e-type=\"section\">\n\t\t\t\t\t\t<div class=\"elementor-container elementor-column-gap-default\">\n\t\t\t\t\t<div class=\"elementor-column elementor-col-100 elementor-top-column elementor-element elementor-element-7a072ce2\" data-id=\"7a072ce2\" data-element_type=\"column\" data-e-type=\"column\">\n\t\t\t<div class=\"elementor-widget-wrap elementor-element-populated\">\n\t\t\t\t\t\t<div class=\"elementor-element elementor-element-3ad3f777 elementor-widget elementor-widget-heading\" data-id=\"3ad3f777\" data-element_type=\"widget\" data-e-type=\"widget\" data-widget_type=\"heading.default\">\n\t\t\t\t<div class=\"elementor-widget-container\">\n\t\t\t\t\t<h2 class=\"elementor-heading-title elementor-size-default\">Gerente de Participaci\u00f3n del Paciente<\/h2>\t\t\t\t<\/div>\n\t\t\t\t<\/div>\n\t\t\t\t<div class=\"elementor-element elementor-element-791693bd elementor-widget-divider--view-line elementor-widget elementor-widget-divider\" data-id=\"791693bd\" data-element_type=\"widget\" data-e-type=\"widget\" data-widget_type=\"divider.default\">\n\t\t\t\t<div class=\"elementor-widget-container\">\n\t\t\t\t\t\t\t<div class=\"elementor-divider\">\n\t\t\t<span class=\"elementor-divider-separator\">\n\t\t\t\t\t\t<\/span>\n\t\t<\/div>\n\t\t\t\t\t\t<\/div>\n\t\t\t\t<\/div>\n\t\t\t\t\t<\/div>\n\t\t<\/div>\n\t\t\t\t\t<\/div>\n\t\t<\/section>\n\t\t\t\t<section class=\"elementor-section elementor-top-section elementor-element elementor-element-2b89387d elementor-section-boxed elementor-section-height-default elementor-section-height-default\" data-id=\"2b89387d\" data-element_type=\"section\" data-e-type=\"section\">\n\t\t\t\t\t\t<div class=\"elementor-container elementor-column-gap-default\">\n\t\t\t\t\t<div class=\"elementor-column elementor-col-50 elementor-top-column elementor-element elementor-element-408d8fb4\" data-id=\"408d8fb4\" data-element_type=\"column\" data-e-type=\"column\">\n\t\t\t<div class=\"elementor-widget-wrap elementor-element-populated\">\n\t\t\t\t\t\t<div class=\"elementor-element elementor-element-36135221 elementor-widget elementor-widget-text-editor\" data-id=\"36135221\" data-element_type=\"widget\" data-e-type=\"widget\" data-widget_type=\"text-editor.default\">\n\t\t\t\t<div class=\"elementor-widget-container\">\n\t\t\t\t\t\t\t\t\t<h4 style=\"margin-bottom: 5px;\">Reporta a:<\/h4>\n<p>Director de Estrategia<span class=\"Apple-converted-space\"> <\/span><\/p>\n\n<h4>Visi\u00f3n general<\/h4>\n\n<p>Ser responsable de coordinar la promoci\u00f3n en l\u00ednea de NOW-fertility y desarrollar relaciones con pacientes, socios y organismos asociados a trav\u00e9s del uso de las redes sociales en todos los pa\u00edses en los que la compa\u00f1\u00eda est\u00e1 activa. Formar parte de un equipo global multidisciplinar que adopta soluciones tecnol\u00f3gicas y medidas innovadoras para ofrecer una experiencia inigualable a los pacientes.\n\n<h4>Responsabilidades clave<\/h4>\n\n<p>Trabajar con el Director de Estrategia para planificar, implementar y monitorear la estrategia de Redes Sociales con el fin de aumentar el conocimiento de la marca, mejorar los esfuerzos de marketing, aumentar la participaci\u00f3n del paciente y, en \u00faltima instancia, los ingresos.<\/p>\n\n<p>Construir y ejecutar la estrategia de redes sociales a trav\u00e9s de la investigaci\u00f3n competitiva, la determinaci\u00f3n de la plataforma, la evaluaci\u00f3n comparativa, la mensajer\u00eda y la identificaci\u00f3n de la audiencia<\/p>\n\n<p>Generar, editar, publicar y compartir contenido regular (texto original, im\u00e1genes, video o HTML) que construya conexiones significativas y aliente a los pacientes a participar.<\/p>\n\n<p>Configurar y optimizar las p\u00e1ginas de la empresa dentro de cada plataforma y, potencialmente, dentro de cada pa\u00eds, aumentar la visibilidad del contenido social de la empresa.<\/p>\n\n<p>Para crear calendarios editoriales<\/p>\n\n<p>Mejorar continuamente capturando y analizando los datos \/ m\u00e9tricas sociales apropiados, informaci\u00f3n y mejores pr\u00e1cticas, y luego actuar sobre la informaci\u00f3n<\/p>\n\n<p>Colaborar con las partes interesadas dentro de NOW-fertility, as\u00ed como con las externas para ayudar a promover el trabajo de la organizaci\u00f3n y sus redes de asociaci\u00f3n.<\/p>\t\t\t\t\t\t\t\t<\/div>\n\t\t\t\t<\/div>\n\t\t\t\t<div class=\"elementor-element elementor-element-57dd18ce elementor-widget elementor-widget-text-editor\" data-id=\"57dd18ce\" data-element_type=\"widget\" data-e-type=\"widget\" data-widget_type=\"text-editor.default\">\n\t\t\t\t<div class=\"elementor-widget-container\">\n\t\t\t\t\t\t\t\t\t<h4 style=\"margin-bottom: 5px;\">Especificaci\u00f3n de la persona<\/h4>\n\n<p><strong>Cualificaciones y experiencia  <\/strong><\/p>\n\n<p>Experiencia previa en salud, fertilidad, salud de la mujer o productos farmac\u00e9uticos<\/p>\n\n<p>Experiencia laboral comprobada en marketing en redes sociales o como especialista en medios digitales<\/p>\n\n<p>Excelentes habilidades de consultor\u00eda, escritura, edici\u00f3n (foto \/ video \/ texto), presentaci\u00f3n y comunicaci\u00f3n<\/p>\n\n<p>Experiencia demostrable en redes sociales y conocimiento de herramientas de an\u00e1lisis social<\/p>\n\n<p>Conocimientos adecuados de dise\u00f1o web, desarrollo web, CRO y SEO<\/p>\n\n<p>Conocimiento del marketing online y buena comprensi\u00f3n de los principales canales de marketing<\/p>\n\n<p>Fluidez en ingl\u00e9s y un idioma adicional<\/p>\n\n<p>Titulaci\u00f3n en Comunicaci\u00f3n, Marketing, Negocios, Nuevos Medios o Relaciones P\u00fablicas<\/p>\n\n<p><strong>Cualidades personales<\/strong><\/p>\n\n<p>Fuerte compromiso con la atenci\u00f3n personalizada e innovadora al paciente<\/p>\n\n<p>Excelentes habilidades organizativas<\/p>\n\n<p>Excelentes habilidades de comunicaci\u00f3n escrita y verbal<\/p>\n\n<p>Jugador de equipo, din\u00e1mico y flexible<\/p>\n\n<h4>Detalles del trabajo<\/h4>\n\n<p>Horas a tiempo completo<\/p>\n\n<p>Trabajo remoto<\/p>\n\n<p>Salario basado en la experiencia<\/p>\t\t\t\t\t\t\t\t<\/div>\n\t\t\t\t<\/div>\n\t\t\t\t\t<\/div>\n\t\t<\/div>\n\t\t\t\t<div class=\"elementor-column elementor-col-50 elementor-top-column elementor-element elementor-element-1018ed03\" data-id=\"1018ed03\" data-element_type=\"column\" data-e-type=\"column\">\n\t\t\t<div class=\"elementor-widget-wrap elementor-element-populated\">\n\t\t\t\t\t\t<section class=\"elementor-section elementor-inner-section elementor-element elementor-element-404c208e elementor-section-boxed elementor-section-height-default elementor-section-height-default\" data-id=\"404c208e\" data-element_type=\"section\" data-e-type=\"section\" data-settings=\"{&quot;background_background&quot;:&quot;classic&quot;}\">\n\t\t\t\t\t\t<div class=\"elementor-container elementor-column-gap-default\">\n\t\t\t\t\t<div class=\"elementor-column elementor-col-100 elementor-inner-column elementor-element elementor-element-7506660b\" data-id=\"7506660b\" data-element_type=\"column\" data-e-type=\"column\">\n\t\t\t<div class=\"elementor-widget-wrap elementor-element-populated\">\n\t\t\t\t\t\t<div class=\"elementor-element elementor-element-84361a5 elementor-widget elementor-widget-heading\" data-id=\"84361a5\" data-element_type=\"widget\" data-e-type=\"widget\" data-widget_type=\"heading.default\">\n\t\t\t\t<div class=\"elementor-widget-container\">\n\t\t\t\t\t<h3 class=\"elementor-heading-title elementor-size-default\">Aplicar en l\u00ednea<\/h3>\t\t\t\t<\/div>\n\t\t\t\t<\/div>\n\t\t\t\t<div class=\"elementor-element elementor-element-179f15b1 elementor-widget elementor-widget-text-editor\" data-id=\"179f15b1\" data-element_type=\"widget\" data-e-type=\"widget\" data-widget_type=\"text-editor.default\">\n\t\t\t\t<div class=\"elementor-widget-container\">\n\t\t\t\t\t\t\t\t\t<p>Para solicitar este puesto, env\u00ede un CV actual a Andrew Coutts, Director de Estrategia, en <a style=\"color: #ffffff;\" href=\"mailto:andrewcoutts@now-fertility.com\">andrewcoutts@now-fertility.com<\/a> o complete el siguiente formulario:<\/p>\n\t\t\t\t\t\t\t\t<\/div>\n\t\t\t\t<\/div>\n\t\t\t\t<div class=\"elementor-element elementor-element-74718c89 elementor-widget elementor-widget-text-editor\" data-id=\"74718c89\" data-element_type=\"widget\" data-e-type=\"widget\" data-widget_type=\"text-editor.default\">\n\t\t\t\t<div class=\"elementor-widget-container\">\n\t\t\t\t\t\t\t\t\t\n\t\t\t\t\t\t\t\t<\/div>\n\t\t\t\t<\/div>\n\t\t\t\t\t<\/div>\n\t\t<\/div>\n\t\t\t\t\t<\/div>\n\t\t<\/section>\n\t\t\t\t\t<\/div>\n\t\t<\/div>\n\t\t\t\t\t<\/div>\n\t\t<\/section>\n\t\t\t\t<section class=\"elementor-section elementor-top-section elementor-element elementor-element-1a607114 elementor-section-full_width elementor-section-height-default elementor-section-height-default\" data-id=\"1a607114\" data-element_type=\"section\" data-e-type=\"section\">\n\t\t\t\t\t\t<div class=\"elementor-container elementor-column-gap-default\">\n\t\t\t\t\t<div class=\"elementor-column elementor-col-100 elementor-top-column elementor-element elementor-element-6d424a01\" data-id=\"6d424a01\" data-element_type=\"column\" data-e-type=\"column\">\n\t\t\t<div class=\"elementor-widget-wrap elementor-element-populated\">\n\t\t\t\t\t\t\t<\/div>\n\t\t<\/div>\n\t\t\t\t\t<\/div>\n\t\t<\/section>\n\t\t\t\t<\/div>\n\t\t","protected":false},"excerpt":{"rendered":"<p>\u00danete a NOW-fertility Gerente de Participaci\u00f3n del Paciente Reporta a: Director de Estrategia Visi\u00f3n general Ser responsable de coordinar la promoci\u00f3n en l\u00ednea de NOW-fertility y desarrollar relaciones con pacientes, socios y organismos asociados a trav\u00e9s del uso de las redes sociales en todos los pa\u00edses en los que la compa\u00f1\u00eda est\u00e1 activa. Formar parte [&hellip;]<\/p>\n","protected":false},"author":1,"featured_media":0,"parent":9657,"menu_order":0,"comment_status":"closed","ping_status":"closed","template":"","meta":{"site-sidebar-layout":"no-sidebar","site-content-layout":"page-builder","ast-site-content-layout":"default","site-content-style":"default","site-sidebar-style":"default","ast-global-header-display":"","ast-banner-title-visibility":"","ast-main-header-display":"","ast-hfb-above-header-display":"","ast-hfb-below-header-display":"","ast-hfb-mobile-header-display":"","site-post-title":"disabled","ast-breadcrumbs-content":"disabled","ast-featured-img":"disabled","footer-sml-layout":"","ast-disable-related-posts":"","theme-transparent-header-meta":"default","adv-header-id-meta":"","stick-header-meta":"enabled","header-above-stick-meta":"on","header-main-stick-meta":"on","header-below-stick-meta":"","astra-migrate-meta-layouts":"default","ast-page-background-enabled":"default","ast-page-background-meta":{"desktop":{"background-color":"","background-image":"","background-repeat":"repeat","background-position":"center center","background-size":"auto","background-attachment":"scroll","background-type":"","background-media":"","overlay-type":"","overlay-color":"","overlay-opacity":"","overlay-gradient":""},"tablet":{"background-color":"","background-image":"","background-repeat":"repeat","background-position":"center center","background-size":"auto","background-attachment":"scroll","background-type":"","background-media":"","overlay-type":"","overlay-color":"","overlay-opacity":"","overlay-gradient":""},"mobile":{"background-color":"","background-image":"","background-repeat":"repeat","background-position":"center center","background-size":"auto","background-attachment":"scroll","background-type":"","background-media":"","overlay-type":"","overlay-color":"","overlay-opacity":"","overlay-gradient":""}},"ast-content-background-meta":{"desktop":{"background-color":"var(--ast-global-color-5)","background-image":"","background-repeat":"repeat","background-position":"center center","background-size":"auto","background-attachment":"scroll","background-type":"","background-media":"","overlay-type":"","overlay-color":"","overlay-opacity":"","overlay-gradient":""},"tablet":{"background-color":"var(--ast-global-color-5)","background-image":"","background-repeat":"repeat","background-position":"center center","background-size":"auto","background-attachment":"scroll","background-type":"","background-media":"","overlay-type":"","overlay-color":"","overlay-opacity":"","overlay-gradient":""},"mobile":{"background-color":"var(--ast-global-color-5)","background-image":"","background-repeat":"repeat","background-position":"center center","background-size":"auto","background-attachment":"scroll","background-type":"","background-media":"","overlay-type":"","overlay-color":"","overlay-opacity":"","overlay-gradient":""}},"footnotes":""},"class_list":["post-9747","page","type-page","status-publish","hentry"],"yoast_head":"<!-- This site is optimized with the Yoast SEO plugin v27.2 - https:\/\/yoast.com\/product\/yoast-seo-wordpress\/ -->\n<title>Gerente de Participaci\u00f3n del Paciente - NOW-fertility<\/title>\n<meta name=\"robots\" content=\"index, follow, max-snippet:-1, max-image-preview:large, max-video-preview:-1\" \/>\n<link rel=\"canonical\" href=\"https:\/\/now-fertility.com\/es\/carreras\/gerente-de-participacion-del-paciente\/\" \/>\n<meta property=\"og:locale\" content=\"es_ES\" \/>\n<meta property=\"og:type\" content=\"article\" \/>\n<meta property=\"og:title\" content=\"Gerente de Participaci\u00f3n del Paciente - NOW-fertility\" \/>\n<meta property=\"og:description\" content=\"\u00danete a NOW-fertility Gerente de Participaci\u00f3n del Paciente Reporta a: Director de Estrategia Visi\u00f3n general Ser responsable de coordinar la promoci\u00f3n en l\u00ednea de NOW-fertility y desarrollar relaciones con pacientes, socios y organismos asociados a trav\u00e9s del uso de las redes sociales en todos los pa\u00edses en los que la compa\u00f1\u00eda est\u00e1 activa. Formar parte [&hellip;]\" \/>\n<meta property=\"og:url\" content=\"https:\/\/now-fertility.com\/es\/carreras\/gerente-de-participacion-del-paciente\/\" \/>\n<meta property=\"og:site_name\" content=\"NOW-fertility\" \/>\n<meta property=\"article:publisher\" content=\"https:\/\/www.facebook.com\/nowfertilitycare\" \/>\n<meta property=\"article:modified_time\" content=\"2022-11-08T14:34:20+00:00\" \/>\n<meta property=\"og:image\" content=\"https:\/\/now-fertility.com\/wp-content\/uploads\/2023\/11\/NOW-fertility-Global-fertility-service-without-barriers.webp\" \/>\n\t<meta property=\"og:image:width\" content=\"900\" \/>\n\t<meta property=\"og:image:height\" content=\"600\" \/>\n\t<meta property=\"og:image:type\" content=\"image\/webp\" \/>\n<meta name=\"twitter:card\" content=\"summary_large_image\" \/>\n<meta name=\"twitter:site\" content=\"@nowfertility\" \/>\n<meta name=\"twitter:label1\" content=\"Tiempo de lectura\" \/>\n\t<meta name=\"twitter:data1\" content=\"2 minutos\" \/>\n<script type=\"application\/ld+json\" class=\"yoast-schema-graph\">{\"@context\":\"https:\/\/schema.org\",\"@graph\":[{\"@type\":\"WebPage\",\"@id\":\"https:\/\/now-fertility.com\/es\/carreras\/gerente-de-participacion-del-paciente\/\",\"url\":\"https:\/\/now-fertility.com\/es\/carreras\/gerente-de-participacion-del-paciente\/\",\"name\":\"Gerente de Participaci\u00f3n del Paciente - NOW-fertility\",\"isPartOf\":{\"@id\":\"https:\/\/now-fertility.com\/es\/#website\"},\"datePublished\":\"2022-08-05T15:21:49+00:00\",\"dateModified\":\"2022-11-08T14:34:20+00:00\",\"breadcrumb\":{\"@id\":\"https:\/\/now-fertility.com\/es\/carreras\/gerente-de-participacion-del-paciente\/#breadcrumb\"},\"inLanguage\":\"es\",\"potentialAction\":[{\"@type\":\"ReadAction\",\"target\":[\"https:\/\/now-fertility.com\/es\/carreras\/gerente-de-participacion-del-paciente\/\"]}]},{\"@type\":\"BreadcrumbList\",\"@id\":\"https:\/\/now-fertility.com\/es\/carreras\/gerente-de-participacion-del-paciente\/#breadcrumb\",\"itemListElement\":[{\"@type\":\"ListItem\",\"position\":1,\"name\":\"Inicio\",\"item\":\"https:\/\/now-fertility.com\/es\/hogar\/\"},{\"@type\":\"ListItem\",\"position\":2,\"name\":\"Carreras\",\"item\":\"https:\/\/now-fertility.com\/es\/carreras\/\"},{\"@type\":\"ListItem\",\"position\":3,\"name\":\"Gerente de Participaci\u00f3n del Paciente\"}]},{\"@type\":\"WebSite\",\"@id\":\"https:\/\/now-fertility.com\/es\/#website\",\"url\":\"https:\/\/now-fertility.com\/es\/\",\"name\":\"NOW-fertility\",\"description\":\"Global fertility service without barriers\",\"publisher\":{\"@id\":\"https:\/\/now-fertility.com\/es\/#organization\"},\"potentialAction\":[{\"@type\":\"SearchAction\",\"target\":{\"@type\":\"EntryPoint\",\"urlTemplate\":\"https:\/\/now-fertility.com\/es\/?s={search_term_string}\"},\"query-input\":{\"@type\":\"PropertyValueSpecification\",\"valueRequired\":true,\"valueName\":\"search_term_string\"}}],\"inLanguage\":\"es\"},{\"@type\":\"Organization\",\"@id\":\"https:\/\/now-fertility.com\/es\/#organization\",\"name\":\"NOW-fertility\",\"url\":\"https:\/\/now-fertility.com\/es\/\",\"logo\":{\"@type\":\"ImageObject\",\"inLanguage\":\"es\",\"@id\":\"https:\/\/now-fertility.com\/es\/#\/schema\/logo\/image\/\",\"url\":\"https:\/\/now-fertility.com\/wp-content\/uploads\/2023\/11\/NOW-fertility.png\",\"contentUrl\":\"https:\/\/now-fertility.com\/wp-content\/uploads\/2023\/11\/NOW-fertility.png\",\"width\":720,\"height\":720,\"caption\":\"NOW-fertility\"},\"image\":{\"@id\":\"https:\/\/now-fertility.com\/es\/#\/schema\/logo\/image\/\"},\"sameAs\":[\"https:\/\/www.facebook.com\/nowfertilitycare\",\"https:\/\/x.com\/nowfertility\",\"https:\/\/www.instagram.com\/nowfertilitycare\/\",\"https:\/\/www.linkedin.com\/company\/nowfertilitycare\/\"]}]}<\/script>\n<!-- \/ Yoast SEO plugin. -->","yoast_head_json":{"title":"Gerente de Participaci\u00f3n del Paciente - NOW-fertility","robots":{"index":"index","follow":"follow","max-snippet":"max-snippet:-1","max-image-preview":"max-image-preview:large","max-video-preview":"max-video-preview:-1"},"canonical":"https:\/\/now-fertility.com\/es\/carreras\/gerente-de-participacion-del-paciente\/","og_locale":"es_ES","og_type":"article","og_title":"Gerente de Participaci\u00f3n del Paciente - NOW-fertility","og_description":"\u00danete a NOW-fertility Gerente de Participaci\u00f3n del Paciente Reporta a: Director de Estrategia Visi\u00f3n general Ser responsable de coordinar la promoci\u00f3n en l\u00ednea de NOW-fertility y desarrollar relaciones con pacientes, socios y organismos asociados a trav\u00e9s del uso de las redes sociales en todos los pa\u00edses en los que la compa\u00f1\u00eda est\u00e1 activa. Formar parte [&hellip;]","og_url":"https:\/\/now-fertility.com\/es\/carreras\/gerente-de-participacion-del-paciente\/","og_site_name":"NOW-fertility","article_publisher":"https:\/\/www.facebook.com\/nowfertilitycare","article_modified_time":"2022-11-08T14:34:20+00:00","og_image":[{"width":900,"height":600,"url":"https:\/\/now-fertility.com\/wp-content\/uploads\/2023\/11\/NOW-fertility-Global-fertility-service-without-barriers.webp","type":"image\/webp"}],"twitter_card":"summary_large_image","twitter_site":"@nowfertility","twitter_misc":{"Tiempo de lectura":"2 minutos"},"schema":{"@context":"https:\/\/schema.org","@graph":[{"@type":"WebPage","@id":"https:\/\/now-fertility.com\/es\/carreras\/gerente-de-participacion-del-paciente\/","url":"https:\/\/now-fertility.com\/es\/carreras\/gerente-de-participacion-del-paciente\/","name":"Gerente de Participaci\u00f3n del Paciente - NOW-fertility","isPartOf":{"@id":"https:\/\/now-fertility.com\/es\/#website"},"datePublished":"2022-08-05T15:21:49+00:00","dateModified":"2022-11-08T14:34:20+00:00","breadcrumb":{"@id":"https:\/\/now-fertility.com\/es\/carreras\/gerente-de-participacion-del-paciente\/#breadcrumb"},"inLanguage":"es","potentialAction":[{"@type":"ReadAction","target":["https:\/\/now-fertility.com\/es\/carreras\/gerente-de-participacion-del-paciente\/"]}]},{"@type":"BreadcrumbList","@id":"https:\/\/now-fertility.com\/es\/carreras\/gerente-de-participacion-del-paciente\/#breadcrumb","itemListElement":[{"@type":"ListItem","position":1,"name":"Inicio","item":"https:\/\/now-fertility.com\/es\/hogar\/"},{"@type":"ListItem","position":2,"name":"Carreras","item":"https:\/\/now-fertility.com\/es\/carreras\/"},{"@type":"ListItem","position":3,"name":"Gerente de Participaci\u00f3n del Paciente"}]},{"@type":"WebSite","@id":"https:\/\/now-fertility.com\/es\/#website","url":"https:\/\/now-fertility.com\/es\/","name":"NOW-fertility","description":"Global fertility service without barriers","publisher":{"@id":"https:\/\/now-fertility.com\/es\/#organization"},"potentialAction":[{"@type":"SearchAction","target":{"@type":"EntryPoint","urlTemplate":"https:\/\/now-fertility.com\/es\/?s={search_term_string}"},"query-input":{"@type":"PropertyValueSpecification","valueRequired":true,"valueName":"search_term_string"}}],"inLanguage":"es"},{"@type":"Organization","@id":"https:\/\/now-fertility.com\/es\/#organization","name":"NOW-fertility","url":"https:\/\/now-fertility.com\/es\/","logo":{"@type":"ImageObject","inLanguage":"es","@id":"https:\/\/now-fertility.com\/es\/#\/schema\/logo\/image\/","url":"https:\/\/now-fertility.com\/wp-content\/uploads\/2023\/11\/NOW-fertility.png","contentUrl":"https:\/\/now-fertility.com\/wp-content\/uploads\/2023\/11\/NOW-fertility.png","width":720,"height":720,"caption":"NOW-fertility"},"image":{"@id":"https:\/\/now-fertility.com\/es\/#\/schema\/logo\/image\/"},"sameAs":["https:\/\/www.facebook.com\/nowfertilitycare","https:\/\/x.com\/nowfertility","https:\/\/www.instagram.com\/nowfertilitycare\/","https:\/\/www.linkedin.com\/company\/nowfertilitycare\/"]}]}},"_links":{"self":[{"href":"https:\/\/now-fertility.com\/es\/wp-json\/wp\/v2\/pages\/9747","targetHints":{"allow":["GET"]}}],"collection":[{"href":"https:\/\/now-fertility.com\/es\/wp-json\/wp\/v2\/pages"}],"about":[{"href":"https:\/\/now-fertility.com\/es\/wp-json\/wp\/v2\/types\/page"}],"author":[{"embeddable":true,"href":"https:\/\/now-fertility.com\/es\/wp-json\/wp\/v2\/users\/1"}],"replies":[{"embeddable":true,"href":"https:\/\/now-fertility.com\/es\/wp-json\/wp\/v2\/comments?post=9747"}],"version-history":[{"count":2,"href":"https:\/\/now-fertility.com\/es\/wp-json\/wp\/v2\/pages\/9747\/revisions"}],"predecessor-version":[{"id":12465,"href":"https:\/\/now-fertility.com\/es\/wp-json\/wp\/v2\/pages\/9747\/revisions\/12465"}],"up":[{"embeddable":true,"href":"https:\/\/now-fertility.com\/es\/wp-json\/wp\/v2\/pages\/9657"}],"wp:attachment":[{"href":"https:\/\/now-fertility.com\/es\/wp-json\/wp\/v2\/media?parent=9747"}],"curies":[{"name":"wp","href":"https:\/\/api.w.org\/{rel}","templated":true}]}}