{"id":9768,"date":"2022-08-05T16:22:06","date_gmt":"2022-08-05T15:22:06","guid":{"rendered":"https:\/\/now-fertility.com\/recursos\/blog\/"},"modified":"2026-04-15T15:58:37","modified_gmt":"2026-04-15T14:58:37","slug":"blog","status":"publish","type":"page","link":"https:\/\/now-fertility.com\/es\/recursos\/blog\/","title":{"rendered":"Blogs"},"content":{"rendered":"\t\t<div data-elementor-type=\"wp-page\" data-elementor-id=\"9768\" class=\"elementor elementor-9768 elementor-2922\" data-elementor-post-type=\"page\">\n\t\t\t\t\t\t<section class=\"elementor-section elementor-top-section elementor-element elementor-element-685e4be7 elementor-section-height-min-height elementor-section-boxed elementor-section-height-default elementor-section-items-middle\" data-id=\"685e4be7\" data-element_type=\"section\" data-e-type=\"section\" data-settings=\"{&quot;background_background&quot;:&quot;classic&quot;,&quot;shape_divider_bottom&quot;:&quot;curve-asymmetrical&quot;,&quot;shape_divider_bottom_negative&quot;:&quot;yes&quot;}\">\n\t\t\t\t\t\t\t<div class=\"elementor-background-overlay\"><\/div>\n\t\t\t\t\t\t<div class=\"elementor-shape elementor-shape-bottom\" aria-hidden=\"true\" data-negative=\"true\">\n\t\t\t<svg xmlns=\"http:\/\/www.w3.org\/2000\/svg\" viewBox=\"0 0 1000 100\" preserveAspectRatio=\"none\">\n\t<path class=\"elementor-shape-fill\" d=\"M615.2,96.7C240.2,97.8,0,18.9,0,0v100h1000V0C1000,19.2,989.8,96,615.2,96.7z\"\/>\n<\/svg>\t\t<\/div>\n\t\t\t\t\t<div class=\"elementor-container elementor-column-gap-default\">\n\t\t\t\t\t<div class=\"elementor-column elementor-col-66 elementor-top-column elementor-element elementor-element-73725cdc\" data-id=\"73725cdc\" data-element_type=\"column\" data-e-type=\"column\">\n\t\t\t<div class=\"elementor-widget-wrap elementor-element-populated\">\n\t\t\t\t\t\t<div class=\"elementor-element elementor-element-7aedbb00 elementor-widget elementor-widget-heading\" data-id=\"7aedbb00\" data-element_type=\"widget\" data-e-type=\"widget\" data-widget_type=\"heading.default\">\n\t\t\t\t<div class=\"elementor-widget-container\">\n\t\t\t\t\t<h1 class=\"elementor-heading-title elementor-size-xl\"><b>Lo \u00faltimo de nuestro blog<\/b><\/h1>\t\t\t\t<\/div>\n\t\t\t\t<\/div>\n\t\t\t\t\t<\/div>\n\t\t<\/div>\n\t\t\t\t<div class=\"elementor-column elementor-col-33 elementor-top-column elementor-element elementor-element-52685b32\" data-id=\"52685b32\" data-element_type=\"column\" data-e-type=\"column\">\n\t\t\t<div class=\"elementor-widget-wrap elementor-element-populated\">\n\t\t\t\t\t\t<div class=\"elementor-element elementor-element-14db8a50 elementor-align-center elementor-mobile-align-left elementor-widget elementor-widget-breadcrumbs\" data-id=\"14db8a50\" data-element_type=\"widget\" data-e-type=\"widget\" data-widget_type=\"breadcrumbs.default\">\n\t\t\t\t<div class=\"elementor-widget-container\">\n\t\t\t\t\t<p id=\"breadcrumbs\"><span><span><a href=\"https:\/\/now-fertility.com\/es\/hogar\/\">Inicio<\/a><\/span><\/span><\/p>\t\t\t\t<\/div>\n\t\t\t\t<\/div>\n\t\t\t\t\t<\/div>\n\t\t<\/div>\n\t\t\t\t\t<\/div>\n\t\t<\/section>\n\t\t\t\t<section class=\"elementor-section elementor-top-section elementor-element elementor-element-ce88894 elementor-section-boxed elementor-section-height-default elementor-section-height-default\" data-id=\"ce88894\" data-element_type=\"section\" data-e-type=\"section\">\n\t\t\t\t\t\t<div class=\"elementor-container elementor-column-gap-default\">\n\t\t\t\t\t<div class=\"elementor-column elementor-col-100 elementor-top-column elementor-element elementor-element-f46d8f9\" data-id=\"f46d8f9\" data-element_type=\"column\" data-e-type=\"column\">\n\t\t\t<div class=\"elementor-widget-wrap elementor-element-populated\">\n\t\t\t\t\t\t<div class=\"elementor-element elementor-element-aa366b2 elementor-widget elementor-widget-text-editor\" data-id=\"aa366b2\" data-element_type=\"widget\" data-e-type=\"widget\" data-widget_type=\"text-editor.default\">\n\t\t\t\t<div class=\"elementor-widget-container\">\n\t\t\t\t\t\t\t\t\t<p>Los contenidos presentados a continuaci\u00f3n son exactos en el momento de su publicaci\u00f3n, pero pueden estar desactualizados respecto al estado actual.<\/p>\t\t\t\t\t\t\t\t<\/div>\n\t\t\t\t<\/div>\n\t\t\t\t\t<\/div>\n\t\t<\/div>\n\t\t\t\t\t<\/div>\n\t\t<\/section>\n\t\t\t\t<section class=\"elementor-section elementor-top-section elementor-element elementor-element-0fa7852 elementor-section-boxed elementor-section-height-default elementor-section-height-default\" data-id=\"0fa7852\" data-element_type=\"section\" data-e-type=\"section\">\n\t\t\t\t\t\t<div class=\"elementor-container elementor-column-gap-default\">\n\t\t\t\t\t<div class=\"elementor-column elementor-col-100 elementor-top-column elementor-element elementor-element-da65707\" data-id=\"da65707\" data-element_type=\"column\" data-e-type=\"column\">\n\t\t\t<div class=\"elementor-widget-wrap elementor-element-populated\">\n\t\t\t\t\t\t\t<\/div>\n\t\t<\/div>\n\t\t\t\t\t<\/div>\n\t\t<\/section>\n\t\t\t\t<section class=\"elementor-section elementor-top-section elementor-element elementor-element-782dc81 elementor-section-boxed elementor-section-height-default elementor-section-height-default\" data-id=\"782dc81\" data-element_type=\"section\" data-e-type=\"section\">\n\t\t\t\t\t\t<div class=\"elementor-container elementor-column-gap-default\">\n\t\t\t\t\t<div class=\"elementor-column elementor-col-100 elementor-top-column elementor-element elementor-element-2fff8c4\" data-id=\"2fff8c4\" data-element_type=\"column\" data-e-type=\"column\">\n\t\t\t<div class=\"elementor-widget-wrap elementor-element-populated\">\n\t\t\t\t\t\t<div class=\"elementor-element elementor-element-0328859 elementor-widget elementor-widget-spacer\" data-id=\"0328859\" data-element_type=\"widget\" data-e-type=\"widget\" data-widget_type=\"spacer.default\">\n\t\t\t\t<div class=\"elementor-widget-container\">\n\t\t\t\t\t\t\t<div class=\"elementor-spacer\">\n\t\t\t<div class=\"elementor-spacer-inner\"><\/div>\n\t\t<\/div>\n\t\t\t\t\t\t<\/div>\n\t\t\t\t<\/div>\n\t\t\t\t\t<\/div>\n\t\t<\/div>\n\t\t\t\t\t<\/div>\n\t\t<\/section>\n\t\t\t\t<section class=\"elementor-section elementor-top-section elementor-element elementor-element-8e74e64 elementor-section-full_width elementor-section-height-default elementor-section-height-default\" data-id=\"8e74e64\" data-element_type=\"section\" data-e-type=\"section\">\n\t\t\t\t\t\t<div class=\"elementor-container elementor-column-gap-default\">\n\t\t\t\t\t<div class=\"elementor-column elementor-col-100 elementor-top-column elementor-element elementor-element-c68dbfc\" data-id=\"c68dbfc\" data-element_type=\"column\" data-e-type=\"column\">\n\t\t\t<div class=\"elementor-widget-wrap elementor-element-populated\">\n\t\t\t\t\t\t\t<\/div>\n\t\t<\/div>\n\t\t\t\t\t<\/div>\n\t\t<\/section>\n\t\t\t\t<\/div>\n\t\t","protected":false},"excerpt":{"rendered":"<p>Lo \u00faltimo de nuestro blog Los contenidos presentados a continuaci\u00f3n son exactos en el momento de su publicaci\u00f3n, pero pueden estar desactualizados respecto al estado actual.<\/p>\n","protected":false},"author":1,"featured_media":32031,"parent":9742,"menu_order":0,"comment_status":"closed","ping_status":"closed","template":"","meta":{"site-sidebar-layout":"no-sidebar","site-content-layout":"page-builder","ast-site-content-layout":"full-width-container","site-content-style":"unboxed","site-sidebar-style":"unboxed","ast-global-header-display":"","ast-banner-title-visibility":"","ast-main-header-display":"","ast-hfb-above-header-display":"","ast-hfb-below-header-display":"","ast-hfb-mobile-header-display":"","site-post-title":"disabled","ast-breadcrumbs-content":"disabled","ast-featured-img":"disabled","footer-sml-layout":"","ast-disable-related-posts":"","theme-transparent-header-meta":"default","adv-header-id-meta":"","stick-header-meta":"enabled","header-above-stick-meta":"on","header-main-stick-meta":"on","header-below-stick-meta":"","astra-migrate-meta-layouts":"default","ast-page-background-enabled":"default","ast-page-background-meta":{"desktop":{"background-color":"","background-image":"","background-repeat":"repeat","background-position":"center center","background-size":"auto","background-attachment":"scroll","background-type":"","background-media":"","overlay-type":"","overlay-color":"","overlay-opacity":"","overlay-gradient":""},"tablet":{"background-color":"","background-image":"","background-repeat":"repeat","background-position":"center center","background-size":"auto","background-attachment":"scroll","background-type":"","background-media":"","overlay-type":"","overlay-color":"","overlay-opacity":"","overlay-gradient":""},"mobile":{"background-color":"","background-image":"","background-repeat":"repeat","background-position":"center center","background-size":"auto","background-attachment":"scroll","background-type":"","background-media":"","overlay-type":"","overlay-color":"","overlay-opacity":"","overlay-gradient":""}},"ast-content-background-meta":{"desktop":{"background-color":"var(--ast-global-color-5)","background-image":"","background-repeat":"repeat","background-position":"center center","background-size":"auto","background-attachment":"scroll","background-type":"","background-media":"","overlay-type":"","overlay-color":"","overlay-opacity":"","overlay-gradient":""},"tablet":{"background-color":"var(--ast-global-color-5)","background-image":"","background-repeat":"repeat","background-position":"center center","background-size":"auto","background-attachment":"scroll","background-type":"","background-media":"","overlay-type":"","overlay-color":"","overlay-opacity":"","overlay-gradient":""},"mobile":{"background-color":"var(--ast-global-color-5)","background-image":"","background-repeat":"repeat","background-position":"center center","background-size":"auto","background-attachment":"scroll","background-type":"","background-media":"","overlay-type":"","overlay-color":"","overlay-opacity":"","overlay-gradient":""}},"footnotes":""},"class_list":["post-9768","page","type-page","status-publish","has-post-thumbnail","hentry"],"yoast_head":"<!-- This site is optimized with the Yoast SEO plugin v27.2 - https:\/\/yoast.com\/product\/yoast-seo-wordpress\/ -->\n<title>Blogs - NOW-fertility<\/title>\n<meta name=\"robots\" content=\"index, follow, max-snippet:-1, max-image-preview:large, max-video-preview:-1\" \/>\n<link rel=\"canonical\" href=\"https:\/\/now-fertility.com\/es\/recursos\/blog\/\" \/>\n<meta property=\"og:locale\" content=\"es_ES\" \/>\n<meta property=\"og:type\" content=\"article\" \/>\n<meta property=\"og:title\" content=\"Blogs - NOW-fertility\" \/>\n<meta property=\"og:description\" content=\"Lo \u00faltimo de nuestro blog Los contenidos presentados a continuaci\u00f3n son exactos en el momento de su publicaci\u00f3n, pero pueden estar desactualizados respecto al estado actual.\" \/>\n<meta property=\"og:url\" content=\"https:\/\/now-fertility.com\/es\/recursos\/blog\/\" \/>\n<meta property=\"og:site_name\" content=\"NOW-fertility\" \/>\n<meta property=\"article:publisher\" content=\"https:\/\/www.facebook.com\/nowfertilitycare\" \/>\n<meta property=\"article:modified_time\" content=\"2026-04-15T14:58:37+00:00\" \/>\n<meta property=\"og:image\" content=\"https:\/\/now-fertility.com\/wp-content\/uploads\/2025\/06\/Fertility-Blogs-banner.webp\" \/>\n\t<meta property=\"og:image:width\" content=\"1400\" \/>\n\t<meta property=\"og:image:height\" content=\"600\" \/>\n\t<meta property=\"og:image:type\" content=\"image\/jpeg\" \/>\n<meta name=\"twitter:card\" content=\"summary_large_image\" \/>\n<meta name=\"twitter:site\" content=\"@nowfertility\" \/>\n<script type=\"application\/ld+json\" class=\"yoast-schema-graph\">{\"@context\":\"https:\/\/schema.org\",\"@graph\":[{\"@type\":\"WebPage\",\"@id\":\"https:\/\/now-fertility.com\/es\/recursos\/blog\/\",\"url\":\"https:\/\/now-fertility.com\/es\/recursos\/blog\/\",\"name\":\"Blogs - NOW-fertility\",\"isPartOf\":{\"@id\":\"https:\/\/now-fertility.com\/es\/#website\"},\"primaryImageOfPage\":{\"@id\":\"https:\/\/now-fertility.com\/es\/recursos\/blog\/#primaryimage\"},\"image\":{\"@id\":\"https:\/\/now-fertility.com\/es\/recursos\/blog\/#primaryimage\"},\"thumbnailUrl\":\"https:\/\/now-fertility.com\/wp-content\/uploads\/2025\/06\/Fertility-Blogs-banner.webp\",\"datePublished\":\"2022-08-05T15:22:06+00:00\",\"dateModified\":\"2026-04-15T14:58:37+00:00\",\"breadcrumb\":{\"@id\":\"https:\/\/now-fertility.com\/es\/recursos\/blog\/#breadcrumb\"},\"inLanguage\":\"es\",\"potentialAction\":[{\"@type\":\"ReadAction\",\"target\":[\"https:\/\/now-fertility.com\/es\/recursos\/blog\/\"]}]},{\"@type\":\"ImageObject\",\"inLanguage\":\"es\",\"@id\":\"https:\/\/now-fertility.com\/es\/recursos\/blog\/#primaryimage\",\"url\":\"https:\/\/now-fertility.com\/wp-content\/uploads\/2025\/06\/Fertility-Blogs-banner.webp\",\"contentUrl\":\"https:\/\/now-fertility.com\/wp-content\/uploads\/2025\/06\/Fertility-Blogs-banner.webp\",\"width\":1400,\"height\":600,\"caption\":\"Blogs sobre fertilidad\"},{\"@type\":\"BreadcrumbList\",\"@id\":\"https:\/\/now-fertility.com\/es\/recursos\/blog\/#breadcrumb\",\"itemListElement\":[{\"@type\":\"ListItem\",\"position\":1,\"name\":\"Inicio\",\"item\":\"https:\/\/now-fertility.com\/es\/hogar\/\"},{\"@type\":\"ListItem\",\"position\":2,\"name\":\"Recursos\",\"item\":\"https:\/\/now-fertility.com\/es\/resources\/\"},{\"@type\":\"ListItem\",\"position\":3,\"name\":\"Blogs\"}]},{\"@type\":\"WebSite\",\"@id\":\"https:\/\/now-fertility.com\/es\/#website\",\"url\":\"https:\/\/now-fertility.com\/es\/\",\"name\":\"NOW-fertility\",\"description\":\"Global fertility service without barriers\",\"publisher\":{\"@id\":\"https:\/\/now-fertility.com\/es\/#organization\"},\"potentialAction\":[{\"@type\":\"SearchAction\",\"target\":{\"@type\":\"EntryPoint\",\"urlTemplate\":\"https:\/\/now-fertility.com\/es\/?s={search_term_string}\"},\"query-input\":{\"@type\":\"PropertyValueSpecification\",\"valueRequired\":true,\"valueName\":\"search_term_string\"}}],\"inLanguage\":\"es\"},{\"@type\":\"Organization\",\"@id\":\"https:\/\/now-fertility.com\/es\/#organization\",\"name\":\"NOW-fertility\",\"url\":\"https:\/\/now-fertility.com\/es\/\",\"logo\":{\"@type\":\"ImageObject\",\"inLanguage\":\"es\",\"@id\":\"https:\/\/now-fertility.com\/es\/#\/schema\/logo\/image\/\",\"url\":\"https:\/\/now-fertility.com\/wp-content\/uploads\/2023\/11\/NOW-fertility.png\",\"contentUrl\":\"https:\/\/now-fertility.com\/wp-content\/uploads\/2023\/11\/NOW-fertility.png\",\"width\":720,\"height\":720,\"caption\":\"NOW-fertility\"},\"image\":{\"@id\":\"https:\/\/now-fertility.com\/es\/#\/schema\/logo\/image\/\"},\"sameAs\":[\"https:\/\/www.facebook.com\/nowfertilitycare\",\"https:\/\/x.com\/nowfertility\",\"https:\/\/www.instagram.com\/nowfertilitycare\/\",\"https:\/\/www.linkedin.com\/company\/nowfertilitycare\/\"]}]}<\/script>\n<!-- \/ Yoast SEO plugin. -->","yoast_head_json":{"title":"Blogs - NOW-fertility","robots":{"index":"index","follow":"follow","max-snippet":"max-snippet:-1","max-image-preview":"max-image-preview:large","max-video-preview":"max-video-preview:-1"},"canonical":"https:\/\/now-fertility.com\/es\/recursos\/blog\/","og_locale":"es_ES","og_type":"article","og_title":"Blogs - NOW-fertility","og_description":"Lo \u00faltimo de nuestro blog Los contenidos presentados a continuaci\u00f3n son exactos en el momento de su publicaci\u00f3n, pero pueden estar desactualizados respecto al estado actual.","og_url":"https:\/\/now-fertility.com\/es\/recursos\/blog\/","og_site_name":"NOW-fertility","article_publisher":"https:\/\/www.facebook.com\/nowfertilitycare","article_modified_time":"2026-04-15T14:58:37+00:00","og_image":[{"width":1400,"height":600,"url":"https:\/\/now-fertility.com\/wp-content\/uploads\/2025\/06\/Fertility-Blogs-banner.webp","type":"image\/jpeg"}],"twitter_card":"summary_large_image","twitter_site":"@nowfertility","schema":{"@context":"https:\/\/schema.org","@graph":[{"@type":"WebPage","@id":"https:\/\/now-fertility.com\/es\/recursos\/blog\/","url":"https:\/\/now-fertility.com\/es\/recursos\/blog\/","name":"Blogs - NOW-fertility","isPartOf":{"@id":"https:\/\/now-fertility.com\/es\/#website"},"primaryImageOfPage":{"@id":"https:\/\/now-fertility.com\/es\/recursos\/blog\/#primaryimage"},"image":{"@id":"https:\/\/now-fertility.com\/es\/recursos\/blog\/#primaryimage"},"thumbnailUrl":"https:\/\/now-fertility.com\/wp-content\/uploads\/2025\/06\/Fertility-Blogs-banner.webp","datePublished":"2022-08-05T15:22:06+00:00","dateModified":"2026-04-15T14:58:37+00:00","breadcrumb":{"@id":"https:\/\/now-fertility.com\/es\/recursos\/blog\/#breadcrumb"},"inLanguage":"es","potentialAction":[{"@type":"ReadAction","target":["https:\/\/now-fertility.com\/es\/recursos\/blog\/"]}]},{"@type":"ImageObject","inLanguage":"es","@id":"https:\/\/now-fertility.com\/es\/recursos\/blog\/#primaryimage","url":"https:\/\/now-fertility.com\/wp-content\/uploads\/2025\/06\/Fertility-Blogs-banner.webp","contentUrl":"https:\/\/now-fertility.com\/wp-content\/uploads\/2025\/06\/Fertility-Blogs-banner.webp","width":1400,"height":600,"caption":"Blogs sobre fertilidad"},{"@type":"BreadcrumbList","@id":"https:\/\/now-fertility.com\/es\/recursos\/blog\/#breadcrumb","itemListElement":[{"@type":"ListItem","position":1,"name":"Inicio","item":"https:\/\/now-fertility.com\/es\/hogar\/"},{"@type":"ListItem","position":2,"name":"Recursos","item":"https:\/\/now-fertility.com\/es\/resources\/"},{"@type":"ListItem","position":3,"name":"Blogs"}]},{"@type":"WebSite","@id":"https:\/\/now-fertility.com\/es\/#website","url":"https:\/\/now-fertility.com\/es\/","name":"NOW-fertility","description":"Global fertility service without barriers","publisher":{"@id":"https:\/\/now-fertility.com\/es\/#organization"},"potentialAction":[{"@type":"SearchAction","target":{"@type":"EntryPoint","urlTemplate":"https:\/\/now-fertility.com\/es\/?s={search_term_string}"},"query-input":{"@type":"PropertyValueSpecification","valueRequired":true,"valueName":"search_term_string"}}],"inLanguage":"es"},{"@type":"Organization","@id":"https:\/\/now-fertility.com\/es\/#organization","name":"NOW-fertility","url":"https:\/\/now-fertility.com\/es\/","logo":{"@type":"ImageObject","inLanguage":"es","@id":"https:\/\/now-fertility.com\/es\/#\/schema\/logo\/image\/","url":"https:\/\/now-fertility.com\/wp-content\/uploads\/2023\/11\/NOW-fertility.png","contentUrl":"https:\/\/now-fertility.com\/wp-content\/uploads\/2023\/11\/NOW-fertility.png","width":720,"height":720,"caption":"NOW-fertility"},"image":{"@id":"https:\/\/now-fertility.com\/es\/#\/schema\/logo\/image\/"},"sameAs":["https:\/\/www.facebook.com\/nowfertilitycare","https:\/\/x.com\/nowfertility","https:\/\/www.instagram.com\/nowfertilitycare\/","https:\/\/www.linkedin.com\/company\/nowfertilitycare\/"]}]}},"_links":{"self":[{"href":"https:\/\/now-fertility.com\/es\/wp-json\/wp\/v2\/pages\/9768","targetHints":{"allow":["GET"]}}],"collection":[{"href":"https:\/\/now-fertility.com\/es\/wp-json\/wp\/v2\/pages"}],"about":[{"href":"https:\/\/now-fertility.com\/es\/wp-json\/wp\/v2\/types\/page"}],"author":[{"embeddable":true,"href":"https:\/\/now-fertility.com\/es\/wp-json\/wp\/v2\/users\/1"}],"replies":[{"embeddable":true,"href":"https:\/\/now-fertility.com\/es\/wp-json\/wp\/v2\/comments?post=9768"}],"version-history":[{"count":6,"href":"https:\/\/now-fertility.com\/es\/wp-json\/wp\/v2\/pages\/9768\/revisions"}],"predecessor-version":[{"id":38717,"href":"https:\/\/now-fertility.com\/es\/wp-json\/wp\/v2\/pages\/9768\/revisions\/38717"}],"up":[{"embeddable":true,"href":"https:\/\/now-fertility.com\/es\/wp-json\/wp\/v2\/pages\/9742"}],"wp:featuredmedia":[{"embeddable":true,"href":"https:\/\/now-fertility.com\/es\/wp-json\/wp\/v2\/media\/32031"}],"wp:attachment":[{"href":"https:\/\/now-fertility.com\/es\/wp-json\/wp\/v2\/media?parent=9768"}],"curies":[{"name":"wp","href":"https:\/\/api.w.org\/{rel}","templated":true}]}}