{"id":2581,"date":"2021-10-07T19:19:15","date_gmt":"2021-10-07T18:19:15","guid":{"rendered":"https:\/\/now-fertility.com\/termes\/"},"modified":"2023-03-28T12:51:36","modified_gmt":"2023-03-28T11:51:36","slug":"termes","status":"publish","type":"page","link":"https:\/\/now-fertility.com\/fr\/termes\/","title":{"rendered":"Termes"},"content":{"rendered":"<p class=\"p1\">Bienvenue sur notre site web. Si vous continuez \u00e0 naviguer et \u00e0 utiliser ce site Web, vous acceptez de vous conformer et d\u2019\u00eatre li\u00e9 par les conditions<span class=\"s1\">d\u2019utilisation<\/span>suivantes, qui, avec notre politique de confidentialit\u00e9, r\u00e9gissent la relation de NOW-fertility SA avec vous en ce qui concerne le site Web. Si vous n\u2019\u00eates pas d\u2019accord avec une partie des Termes et Conditions, veuillez ne pas utiliser notre site Web.<\/p>\n<p class=\"p1\">Le terme \u00ab NOW-fertility SA \u00bb ou <span class=\"s1\">\u00ab <\/span>nous \u00bb d\u00e9signe le propri\u00e9taire du site Web dont le si\u00e8ge social est situ\u00e9 C\/o Morgaine Advisory SA, Via G.B. Pioda 9, 6900 Lugano, Suisse, et dont le num\u00e9ro <span class=\"s1\">d\u2019enregistrement<\/span> est le CHE-429079326. Le terme <span class=\"s1\">\u00ab<\/span>vous \u00bb fait r\u00e9f\u00e9rence \u00e0 l\u2019utilisateur ou au visiteur de notre site Web.<\/p>\n<p class=\"p1\">L\u2019utilisation de ce site Web est soumise aux conditions suivantes :<\/p>\n<ul class=\"ul1\">\n<li class=\"li2\"><span class=\"s3\">Le contenu des pages de ce site est pour vos informations g\u00e9n\u00e9rales et utiliser uniquement. Il est sujet \u00e0 changement \u00e0 tout moment et sans pr\u00e9avis.<\/span><\/li>\n<li class=\"li2\"><span class=\"s3\">Ce site Utilise des cookies pour surveiller les pr\u00e9f\u00e9rences de navigation. Vous pouvez consulter une copie compl\u00e8te de notre politique de <a href=\"https:\/\/now-fertility.com\/fr\/politique-de-confidentialite-et-de-cookies\/\">confidentialit\u00e9 ici.<\/a><\/span><\/li>\n<li class=\"li2\"><span class=\"s3\">Ni nous ni aucun tiers ne fournissons de garantie quant \u00e0 l\u2019exactitude, l\u2019actualit\u00e9, la performance, l\u2019exhaustivit\u00e9 ou la pertinence des informations et des documents trouv\u00e9s ou offerts sur ce site Web pour quelque port\u00e9e et objectif que ce soit. Vous reconnaissez que ces informations et documents peuvent contenir des inexactitudes ou des erreurs, et nous excluons express\u00e9ment toute responsabilit\u00e9 pour de telles inexactitudes ou erreurs dans toute la mesure permise par la loi.<\/span><\/li>\n<li class=\"li2\"><span class=\"s3\">Votre utilisation de toute information ou mat\u00e9riel sur ce site est enti\u00e8rement \u00e0 vos risques et p\u00e9rils, dont nous ne serons pas responsables. Il est de votre responsabilit\u00e9 de vous assurer que tous les produits, services ou informations disponibles sur ce site Web r\u00e9pondent \u00e0 vos exigences et intentions sp\u00e9cifiques.<\/span><\/li>\n<li class=\"li2\"><span class=\"s3\">Ce site Web contient du mat\u00e9riel qui nous appartient exclusivement ou qui nous est conc\u00e9d\u00e9 sous licence. Ce mat\u00e9riel comprend, mais sans s\u2019y limiter, la conception, la mise en page, l\u2019apparence, l\u2019apparence, le logo, le texte et les graphiques. La reproduction est interdite sauf en conformit\u00e9 avec l\u2019avis de droit d\u2019auteur, qui fait partie des pr\u00e9sentes Conditions g\u00e9n\u00e9rales.<\/span><\/li>\n<li class=\"li2\"><span class=\"s3\">Toutes les marques de commerce reproduites sur ce site Web, qui ne sont pas la propri\u00e9t\u00e9 de l\u2019exploitant ou qui ne sont pas conc\u00e9d\u00e9es sous licence \u00e0 l\u2019exploitant, sont reconnues sur le site Web, le cas \u00e9ch\u00e9ant.<\/span><\/li>\n<li class=\"li2\"><span class=\"s3\">L\u2019utilisation non autoris\u00e9e de ce site web peut donner lieu \u00e0 une demande de dommages et int\u00e9r\u00eats et\/ou \u00eatre une infraction p\u00e9nale.<\/span><\/li>\n<li class=\"li2\"><span class=\"s3\">De temps en temps, ce site web peut \u00e9galement inclure des liens vers d\u2019autres sites Web. Ces liens sont fournis pour votre commodit\u00e9 et votre transparence afin d\u2019offrir de plus amples informations, le cas \u00e9ch\u00e9ant. Ils ne signifient pas que nous approuvons le(s) site(s) Web et que nous n\u2019avons aucun int\u00e9r\u00eat. Nous n\u2019avons aucune responsabilit\u00e9 pour le contenu du ou des sites web li\u00e9s.<\/span><\/li>\n<li class=\"li2\"><span class=\"s3\">Votre utilisation de ce site Web et tout litige d\u00e9coulant d\u2019une telle utilisation du site Web sont soumis aux lois de l\u2019Angleterre.<\/span><\/li>\n<\/ul>\n","protected":false},"excerpt":{"rendered":"<p>Bienvenue sur notre site web. Si vous continuez \u00e0 naviguer et \u00e0 utiliser ce site Web, vous acceptez de vous conformer et d\u2019\u00eatre li\u00e9 par les conditionsd\u2019utilisationsuivantes, qui, avec notre politique de confidentialit\u00e9, r\u00e9gissent la relation de NOW-fertility SA avec vous en ce qui concerne le site Web. Si vous n\u2019\u00eates pas d\u2019accord avec une [&hellip;]<\/p>\n","protected":false},"author":1,"featured_media":0,"parent":0,"menu_order":0,"comment_status":"closed","ping_status":"closed","template":"","meta":{"site-sidebar-layout":"default","site-content-layout":"default","ast-site-content-layout":"default","site-content-style":"default","site-sidebar-style":"default","ast-global-header-display":"","ast-banner-title-visibility":"","ast-main-header-display":"","ast-hfb-above-header-display":"","ast-hfb-below-header-display":"","ast-hfb-mobile-header-display":"","site-post-title":"","ast-breadcrumbs-content":"","ast-featured-img":"","footer-sml-layout":"","ast-disable-related-posts":"","theme-transparent-header-meta":"disabled","adv-header-id-meta":"","stick-header-meta":"enabled","header-above-stick-meta":"on","header-main-stick-meta":"on","header-below-stick-meta":"","astra-migrate-meta-layouts":"default","ast-page-background-enabled":"default","ast-page-background-meta":{"desktop":{"background-color":"","background-image":"","background-repeat":"repeat","background-position":"center center","background-size":"auto","background-attachment":"scroll","background-type":"","background-media":"","overlay-type":"","overlay-color":"","overlay-opacity":"","overlay-gradient":""},"tablet":{"background-color":"","background-image":"","background-repeat":"repeat","background-position":"center center","background-size":"auto","background-attachment":"scroll","background-type":"","background-media":"","overlay-type":"","overlay-color":"","overlay-opacity":"","overlay-gradient":""},"mobile":{"background-color":"","background-image":"","background-repeat":"repeat","background-position":"center center","background-size":"auto","background-attachment":"scroll","background-type":"","background-media":"","overlay-type":"","overlay-color":"","overlay-opacity":"","overlay-gradient":""}},"ast-content-background-meta":{"desktop":{"background-color":"var(--ast-global-color-5)","background-image":"","background-repeat":"repeat","background-position":"center center","background-size":"auto","background-attachment":"scroll","background-type":"","background-media":"","overlay-type":"","overlay-color":"","overlay-opacity":"","overlay-gradient":""},"tablet":{"background-color":"var(--ast-global-color-5)","background-image":"","background-repeat":"repeat","background-position":"center center","background-size":"auto","background-attachment":"scroll","background-type":"","background-media":"","overlay-type":"","overlay-color":"","overlay-opacity":"","overlay-gradient":""},"mobile":{"background-color":"var(--ast-global-color-5)","background-image":"","background-repeat":"repeat","background-position":"center center","background-size":"auto","background-attachment":"scroll","background-type":"","background-media":"","overlay-type":"","overlay-color":"","overlay-opacity":"","overlay-gradient":""}},"footnotes":""},"class_list":["post-2581","page","type-page","status-publish","hentry"],"yoast_head":"<!-- This site is optimized with the Yoast SEO plugin v27.2 - https:\/\/yoast.com\/product\/yoast-seo-wordpress\/ -->\n<title>Termes - NOW-fertility<\/title>\n<meta name=\"robots\" content=\"index, follow, max-snippet:-1, max-image-preview:large, max-video-preview:-1\" \/>\n<link rel=\"canonical\" href=\"https:\/\/now-fertility.com\/fr\/termes\/\" \/>\n<meta property=\"og:locale\" content=\"fr_FR\" \/>\n<meta property=\"og:type\" content=\"article\" \/>\n<meta property=\"og:title\" content=\"Termes - NOW-fertility\" \/>\n<meta property=\"og:description\" content=\"Bienvenue sur notre site web. Si vous continuez \u00e0 naviguer et \u00e0 utiliser ce site Web, vous acceptez de vous conformer et d\u2019\u00eatre li\u00e9 par les conditionsd\u2019utilisationsuivantes, qui, avec notre politique de confidentialit\u00e9, r\u00e9gissent la relation de NOW-fertility SA avec vous en ce qui concerne le site Web. Si vous n\u2019\u00eates pas d\u2019accord avec une [&hellip;]\" \/>\n<meta property=\"og:url\" content=\"https:\/\/now-fertility.com\/fr\/termes\/\" \/>\n<meta property=\"og:site_name\" content=\"NOW-fertility\" \/>\n<meta property=\"article:publisher\" content=\"https:\/\/www.facebook.com\/nowfertilitycare\" \/>\n<meta property=\"article:modified_time\" content=\"2023-03-28T11:51:36+00:00\" \/>\n<meta property=\"og:image\" content=\"https:\/\/now-fertility.com\/wp-content\/uploads\/2023\/11\/NOW-fertility-Global-fertility-service-without-barriers.webp\" \/>\n\t<meta property=\"og:image:width\" content=\"900\" \/>\n\t<meta property=\"og:image:height\" content=\"600\" \/>\n\t<meta property=\"og:image:type\" content=\"image\/webp\" \/>\n<meta name=\"twitter:card\" content=\"summary_large_image\" \/>\n<meta name=\"twitter:site\" content=\"@nowfertility\" \/>\n<meta name=\"twitter:label1\" content=\"Dur\u00e9e de lecture estim\u00e9e\" \/>\n\t<meta name=\"twitter:data1\" content=\"3 minutes\" \/>\n<script type=\"application\/ld+json\" class=\"yoast-schema-graph\">{\"@context\":\"https:\/\/schema.org\",\"@graph\":[{\"@type\":\"WebPage\",\"@id\":\"https:\/\/now-fertility.com\/fr\/termes\/\",\"url\":\"https:\/\/now-fertility.com\/fr\/termes\/\",\"name\":\"Termes - NOW-fertility\",\"isPartOf\":{\"@id\":\"https:\/\/now-fertility.com\/fr\/#website\"},\"datePublished\":\"2021-10-07T18:19:15+00:00\",\"dateModified\":\"2023-03-28T11:51:36+00:00\",\"breadcrumb\":{\"@id\":\"https:\/\/now-fertility.com\/fr\/termes\/#breadcrumb\"},\"inLanguage\":\"fr-FR\",\"potentialAction\":[{\"@type\":\"ReadAction\",\"target\":[\"https:\/\/now-fertility.com\/fr\/termes\/\"]}]},{\"@type\":\"BreadcrumbList\",\"@id\":\"https:\/\/now-fertility.com\/fr\/termes\/#breadcrumb\",\"itemListElement\":[{\"@type\":\"ListItem\",\"position\":1,\"name\":\"Accueil\",\"item\":\"https:\/\/now-fertility.com\/fr\/domicile\/\"},{\"@type\":\"ListItem\",\"position\":2,\"name\":\"Termes\"}]},{\"@type\":\"WebSite\",\"@id\":\"https:\/\/now-fertility.com\/fr\/#website\",\"url\":\"https:\/\/now-fertility.com\/fr\/\",\"name\":\"NOW-fertility\",\"description\":\"Global fertility service without barriers\",\"publisher\":{\"@id\":\"https:\/\/now-fertility.com\/fr\/#organization\"},\"potentialAction\":[{\"@type\":\"SearchAction\",\"target\":{\"@type\":\"EntryPoint\",\"urlTemplate\":\"https:\/\/now-fertility.com\/fr\/?s={search_term_string}\"},\"query-input\":{\"@type\":\"PropertyValueSpecification\",\"valueRequired\":true,\"valueName\":\"search_term_string\"}}],\"inLanguage\":\"fr-FR\"},{\"@type\":\"Organization\",\"@id\":\"https:\/\/now-fertility.com\/fr\/#organization\",\"name\":\"NOW-fertility\",\"url\":\"https:\/\/now-fertility.com\/fr\/\",\"logo\":{\"@type\":\"ImageObject\",\"inLanguage\":\"fr-FR\",\"@id\":\"https:\/\/now-fertility.com\/fr\/#\/schema\/logo\/image\/\",\"url\":\"https:\/\/now-fertility.com\/wp-content\/uploads\/2023\/11\/NOW-fertility.png\",\"contentUrl\":\"https:\/\/now-fertility.com\/wp-content\/uploads\/2023\/11\/NOW-fertility.png\",\"width\":720,\"height\":720,\"caption\":\"NOW-fertility\"},\"image\":{\"@id\":\"https:\/\/now-fertility.com\/fr\/#\/schema\/logo\/image\/\"},\"sameAs\":[\"https:\/\/www.facebook.com\/nowfertilitycare\",\"https:\/\/x.com\/nowfertility\",\"https:\/\/www.instagram.com\/nowfertilitycare\/\",\"https:\/\/www.linkedin.com\/company\/nowfertilitycare\/\"]}]}<\/script>\n<!-- \/ Yoast SEO plugin. -->","yoast_head_json":{"title":"Termes - NOW-fertility","robots":{"index":"index","follow":"follow","max-snippet":"max-snippet:-1","max-image-preview":"max-image-preview:large","max-video-preview":"max-video-preview:-1"},"canonical":"https:\/\/now-fertility.com\/fr\/termes\/","og_locale":"fr_FR","og_type":"article","og_title":"Termes - NOW-fertility","og_description":"Bienvenue sur notre site web. Si vous continuez \u00e0 naviguer et \u00e0 utiliser ce site Web, vous acceptez de vous conformer et d\u2019\u00eatre li\u00e9 par les conditionsd\u2019utilisationsuivantes, qui, avec notre politique de confidentialit\u00e9, r\u00e9gissent la relation de NOW-fertility SA avec vous en ce qui concerne le site Web. Si vous n\u2019\u00eates pas d\u2019accord avec une [&hellip;]","og_url":"https:\/\/now-fertility.com\/fr\/termes\/","og_site_name":"NOW-fertility","article_publisher":"https:\/\/www.facebook.com\/nowfertilitycare","article_modified_time":"2023-03-28T11:51:36+00:00","og_image":[{"width":900,"height":600,"url":"https:\/\/now-fertility.com\/wp-content\/uploads\/2023\/11\/NOW-fertility-Global-fertility-service-without-barriers.webp","type":"image\/webp"}],"twitter_card":"summary_large_image","twitter_site":"@nowfertility","twitter_misc":{"Dur\u00e9e de lecture estim\u00e9e":"3 minutes"},"schema":{"@context":"https:\/\/schema.org","@graph":[{"@type":"WebPage","@id":"https:\/\/now-fertility.com\/fr\/termes\/","url":"https:\/\/now-fertility.com\/fr\/termes\/","name":"Termes - NOW-fertility","isPartOf":{"@id":"https:\/\/now-fertility.com\/fr\/#website"},"datePublished":"2021-10-07T18:19:15+00:00","dateModified":"2023-03-28T11:51:36+00:00","breadcrumb":{"@id":"https:\/\/now-fertility.com\/fr\/termes\/#breadcrumb"},"inLanguage":"fr-FR","potentialAction":[{"@type":"ReadAction","target":["https:\/\/now-fertility.com\/fr\/termes\/"]}]},{"@type":"BreadcrumbList","@id":"https:\/\/now-fertility.com\/fr\/termes\/#breadcrumb","itemListElement":[{"@type":"ListItem","position":1,"name":"Accueil","item":"https:\/\/now-fertility.com\/fr\/domicile\/"},{"@type":"ListItem","position":2,"name":"Termes"}]},{"@type":"WebSite","@id":"https:\/\/now-fertility.com\/fr\/#website","url":"https:\/\/now-fertility.com\/fr\/","name":"NOW-fertility","description":"Global fertility service without barriers","publisher":{"@id":"https:\/\/now-fertility.com\/fr\/#organization"},"potentialAction":[{"@type":"SearchAction","target":{"@type":"EntryPoint","urlTemplate":"https:\/\/now-fertility.com\/fr\/?s={search_term_string}"},"query-input":{"@type":"PropertyValueSpecification","valueRequired":true,"valueName":"search_term_string"}}],"inLanguage":"fr-FR"},{"@type":"Organization","@id":"https:\/\/now-fertility.com\/fr\/#organization","name":"NOW-fertility","url":"https:\/\/now-fertility.com\/fr\/","logo":{"@type":"ImageObject","inLanguage":"fr-FR","@id":"https:\/\/now-fertility.com\/fr\/#\/schema\/logo\/image\/","url":"https:\/\/now-fertility.com\/wp-content\/uploads\/2023\/11\/NOW-fertility.png","contentUrl":"https:\/\/now-fertility.com\/wp-content\/uploads\/2023\/11\/NOW-fertility.png","width":720,"height":720,"caption":"NOW-fertility"},"image":{"@id":"https:\/\/now-fertility.com\/fr\/#\/schema\/logo\/image\/"},"sameAs":["https:\/\/www.facebook.com\/nowfertilitycare","https:\/\/x.com\/nowfertility","https:\/\/www.instagram.com\/nowfertilitycare\/","https:\/\/www.linkedin.com\/company\/nowfertilitycare\/"]}]}},"_links":{"self":[{"href":"https:\/\/now-fertility.com\/fr\/wp-json\/wp\/v2\/pages\/2581","targetHints":{"allow":["GET"]}}],"collection":[{"href":"https:\/\/now-fertility.com\/fr\/wp-json\/wp\/v2\/pages"}],"about":[{"href":"https:\/\/now-fertility.com\/fr\/wp-json\/wp\/v2\/types\/page"}],"author":[{"embeddable":true,"href":"https:\/\/now-fertility.com\/fr\/wp-json\/wp\/v2\/users\/1"}],"replies":[{"embeddable":true,"href":"https:\/\/now-fertility.com\/fr\/wp-json\/wp\/v2\/comments?post=2581"}],"version-history":[{"count":3,"href":"https:\/\/now-fertility.com\/fr\/wp-json\/wp\/v2\/pages\/2581\/revisions"}],"predecessor-version":[{"id":15318,"href":"https:\/\/now-fertility.com\/fr\/wp-json\/wp\/v2\/pages\/2581\/revisions\/15318"}],"wp:attachment":[{"href":"https:\/\/now-fertility.com\/fr\/wp-json\/wp\/v2\/media?parent=2581"}],"curies":[{"name":"wp","href":"https:\/\/api.w.org\/{rel}","templated":true}]}}