{"id":4504,"date":"2022-04-27T15:46:51","date_gmt":"2022-04-27T14:46:51","guid":{"rendered":"https:\/\/now-fertility.com\/gestionnaire-de-lengagement-des-patients\/"},"modified":"2022-11-08T14:34:21","modified_gmt":"2022-11-08T14:34:21","slug":"gestionnaire-de-lengagement-des-patients","status":"publish","type":"page","link":"https:\/\/now-fertility.com\/fr\/carrieres\/gestionnaire-de-lengagement-des-patients\/","title":{"rendered":"Gestionnaire de l\u2019engagement des patients"},"content":{"rendered":"\t\t<div data-elementor-type=\"wp-page\" data-elementor-id=\"4504\" class=\"elementor elementor-4504 elementor-4500\" data-elementor-post-type=\"page\">\n\t\t\t\t\t\t<section class=\"elementor-section elementor-top-section elementor-element elementor-element-6b7ae16a elementor-section-height-min-height elementor-section-boxed elementor-section-height-default elementor-section-items-middle\" data-id=\"6b7ae16a\" data-element_type=\"section\" data-e-type=\"section\" data-settings=\"{&quot;background_background&quot;:&quot;classic&quot;,&quot;shape_divider_bottom&quot;:&quot;curve-asymmetrical&quot;,&quot;shape_divider_bottom_negative&quot;:&quot;yes&quot;}\">\n\t\t\t\t\t\t\t<div class=\"elementor-background-overlay\"><\/div>\n\t\t\t\t\t\t<div class=\"elementor-shape elementor-shape-bottom\" aria-hidden=\"true\" data-negative=\"true\">\n\t\t\t<svg xmlns=\"http:\/\/www.w3.org\/2000\/svg\" viewBox=\"0 0 1000 100\" preserveAspectRatio=\"none\">\n\t<path class=\"elementor-shape-fill\" d=\"M615.2,96.7C240.2,97.8,0,18.9,0,0v100h1000V0C1000,19.2,989.8,96,615.2,96.7z\"\/>\n<\/svg>\t\t<\/div>\n\t\t\t\t\t<div class=\"elementor-container elementor-column-gap-default\">\n\t\t\t\t\t<div class=\"elementor-column elementor-col-66 elementor-top-column elementor-element elementor-element-2541e330\" data-id=\"2541e330\" data-element_type=\"column\" data-e-type=\"column\">\n\t\t\t<div class=\"elementor-widget-wrap elementor-element-populated\">\n\t\t\t\t\t\t<div class=\"elementor-element elementor-element-438bd5ed elementor-widget elementor-widget-heading\" data-id=\"438bd5ed\" data-element_type=\"widget\" data-e-type=\"widget\" data-widget_type=\"heading.default\">\n\t\t\t\t<div class=\"elementor-widget-container\">\n\t\t\t\t\t<h1 class=\"elementor-heading-title elementor-size-xl\">Rejoignez <b>NOW-fertility<\/b><\/h1>\t\t\t\t<\/div>\n\t\t\t\t<\/div>\n\t\t\t\t\t<\/div>\n\t\t<\/div>\n\t\t\t\t<div class=\"elementor-column elementor-col-33 elementor-top-column elementor-element elementor-element-3095141c\" data-id=\"3095141c\" data-element_type=\"column\" data-e-type=\"column\">\n\t\t\t<div class=\"elementor-widget-wrap elementor-element-populated\">\n\t\t\t\t\t\t<div class=\"elementor-element elementor-element-4cf17304 elementor-align-center elementor-mobile-align-left elementor-widget elementor-widget-breadcrumbs\" data-id=\"4cf17304\" data-element_type=\"widget\" data-e-type=\"widget\" data-widget_type=\"breadcrumbs.default\">\n\t\t\t\t<div class=\"elementor-widget-container\">\n\t\t\t\t\t<p id=\"breadcrumbs\"><span><span><a href=\"https:\/\/now-fertility.com\/fr\/domicile\/\">Accueil<\/a><\/span><\/span><\/p>\t\t\t\t<\/div>\n\t\t\t\t<\/div>\n\t\t\t\t\t<\/div>\n\t\t<\/div>\n\t\t\t\t\t<\/div>\n\t\t<\/section>\n\t\t\t\t<section class=\"elementor-section elementor-top-section elementor-element elementor-element-2309c7b5 elementor-section-boxed elementor-section-height-default elementor-section-height-default\" data-id=\"2309c7b5\" data-element_type=\"section\" data-e-type=\"section\">\n\t\t\t\t\t\t<div class=\"elementor-container elementor-column-gap-default\">\n\t\t\t\t\t<div class=\"elementor-column elementor-col-100 elementor-top-column elementor-element elementor-element-7a072ce2\" data-id=\"7a072ce2\" data-element_type=\"column\" data-e-type=\"column\">\n\t\t\t<div class=\"elementor-widget-wrap elementor-element-populated\">\n\t\t\t\t\t\t<div class=\"elementor-element elementor-element-3ad3f777 elementor-widget elementor-widget-heading\" data-id=\"3ad3f777\" data-element_type=\"widget\" data-e-type=\"widget\" data-widget_type=\"heading.default\">\n\t\t\t\t<div class=\"elementor-widget-container\">\n\t\t\t\t\t<h2 class=\"elementor-heading-title elementor-size-default\">Gestionnaire de l\u2019engagement des patients<\/h2>\t\t\t\t<\/div>\n\t\t\t\t<\/div>\n\t\t\t\t<div class=\"elementor-element elementor-element-791693bd elementor-widget-divider--view-line elementor-widget elementor-widget-divider\" data-id=\"791693bd\" data-element_type=\"widget\" data-e-type=\"widget\" data-widget_type=\"divider.default\">\n\t\t\t\t<div class=\"elementor-widget-container\">\n\t\t\t\t\t\t\t<div class=\"elementor-divider\">\n\t\t\t<span class=\"elementor-divider-separator\">\n\t\t\t\t\t\t<\/span>\n\t\t<\/div>\n\t\t\t\t\t\t<\/div>\n\t\t\t\t<\/div>\n\t\t\t\t\t<\/div>\n\t\t<\/div>\n\t\t\t\t\t<\/div>\n\t\t<\/section>\n\t\t\t\t<section class=\"elementor-section elementor-top-section elementor-element elementor-element-2b89387d elementor-section-boxed elementor-section-height-default elementor-section-height-default\" data-id=\"2b89387d\" data-element_type=\"section\" data-e-type=\"section\">\n\t\t\t\t\t\t<div class=\"elementor-container elementor-column-gap-default\">\n\t\t\t\t\t<div class=\"elementor-column elementor-col-50 elementor-top-column elementor-element elementor-element-408d8fb4\" data-id=\"408d8fb4\" data-element_type=\"column\" data-e-type=\"column\">\n\t\t\t<div class=\"elementor-widget-wrap elementor-element-populated\">\n\t\t\t\t\t\t<div class=\"elementor-element elementor-element-36135221 elementor-widget elementor-widget-text-editor\" data-id=\"36135221\" data-element_type=\"widget\" data-e-type=\"widget\" data-widget_type=\"text-editor.default\">\n\t\t\t\t<div class=\"elementor-widget-container\">\n\t\t\t\t\t\t\t\t\t<h4 style=\"margin-bottom: 5px;\">Rel\u00e8ve de :<\/h4>\n<p>Chef de la strat\u00e9gie<span class=\"Apple-converted-space\"> <\/span><\/p>\n\n<h4>Aper\u00e7u<\/h4>\n\n<p>\u00catre responsable de la coordination de la promotion en ligne de NOW-fertility et du d\u00e9veloppement des relations avec les patients, les partenaires et les organismes associ\u00e9s via l\u2019utilisation des m\u00e9dias sociaux dans tous les pays dans lesquels l\u2019entreprise est active. Faire partie d\u2019une \u00e9quipe multidisciplinaire mondiale qui adopte des solutions technologiques et des mesures novatrices pour offrir une exp\u00e9rience in\u00e9gal\u00e9e aux patients.\n\n<h4>Principales responsabilit\u00e9s<\/h4>\n\n<p>Travailler avec le directeur de la strat\u00e9gie en chef pour planifier, mettre en \u0153uvre et surveiller la strat\u00e9gie des m\u00e9dias sociaux afin d\u2019accro\u00eetre la notori\u00e9t\u00e9 de la marque, d\u2019am\u00e9liorer les efforts de marketing, d\u2019accro\u00eetre l\u2019engagement des patients et, en fin de compte, les revenus<\/p>\n\n<p>\u00c9laborer et ex\u00e9cuter une strat\u00e9gie de m\u00e9dias sociaux par le biais de la recherche concurrentielle, de la d\u00e9termination de la plate-forme, de l\u2019analyse comparative, de la messagerie et de l\u2019identification de l\u2019audience<\/p>\n\n<p>G\u00e9n\u00e9rer, \u00e9diter, publier et partager du contenu r\u00e9gulier (texte original, images, vid\u00e9o ou HTML) qui \u00e9tablit des liens significatifs et encourage les patients \u00e0 s\u2019engager<\/p>\n\n<p>Configurer et optimiser les pages d\u2019entreprise au sein de chaque plateforme, et potentiellement, dans chaque pays, pour augmenter la visibilit\u00e9 du contenu social de l\u2019entreprise<\/p>\n\n<p>Pour cr\u00e9er des calendriers \u00e9ditoriaux<\/p>\n\n<p>S\u2019am\u00e9liorer continuellement en capturant et en analysant les donn\u00e9es\/mesures sociales appropri\u00e9es, les id\u00e9es et les meilleures pratiques, puis en agissant sur les informations<\/p>\n\n<p>Collaborer avec les parties prenantes au sein de NOW-fertility ainsi qu\u2019avec des acteurs externes pour aider \u00e0 promouvoir le travail de l\u2019organisation et de ses r\u00e9seaux de partenariat<\/p>\t\t\t\t\t\t\t\t<\/div>\n\t\t\t\t<\/div>\n\t\t\t\t<div class=\"elementor-element elementor-element-57dd18ce elementor-widget elementor-widget-text-editor\" data-id=\"57dd18ce\" data-element_type=\"widget\" data-e-type=\"widget\" data-widget_type=\"text-editor.default\">\n\t\t\t\t<div class=\"elementor-widget-container\">\n\t\t\t\t\t\t\t\t\t<h4 style=\"margin-bottom: 5px;\">Sp\u00e9cification de la personne<\/h4>\n\n<p><strong>Qualifications et exp\u00e9rience  <\/strong><\/p>\n\n<p>Exp\u00e9rience ant\u00e9rieure dans les domaines de la sant\u00e9, de la fertilit\u00e9, de la sant\u00e9 des femmes ou des produits pharmaceutiques<\/p>\n\n<p>Exp\u00e9rience de travail av\u00e9r\u00e9e dans le marketing des m\u00e9dias sociaux ou en tant que sp\u00e9cialiste des m\u00e9dias num\u00e9riques<\/p>\n\n<p>Excellentes comp\u00e9tences en consultation, r\u00e9daction, \u00e9dition (photo \/ vid\u00e9o \/ texte), pr\u00e9sentation et communication<\/p>\n\n<p>Exp\u00e9rience de r\u00e9seautage social d\u00e9montrable et connaissance des outils d\u2019analyse sociale<\/p>\n\n<p>Connaissance ad\u00e9quate de la conception Web, du d\u00e9veloppement Web, du CRO et du r\u00e9f\u00e9rencement<\/p>\n\n<p>Connaissance du marketing en ligne et bonne compr\u00e9hension des principaux canaux de marketing<\/p>\n\n<p>Ma\u00eetrise de l\u2019anglais et d\u2019une langue suppl\u00e9mentaire<\/p>\n\n<p>Qualification en communications, marketing, affaires, nouveaux m\u00e9dias ou relations publiques<\/p>\n\n<p><strong>Qualit\u00e9s personnelles<\/strong><\/p>\n\n<p>Un engagement fort en faveur de soins personnalis\u00e9s et innovants aux patients<\/p>\n\n<p>Excellentes comp\u00e9tences organisationnelles<\/p>\n\n<p>Excellentes comp\u00e9tences en communication \u00e9crite et verbale<\/p>\n\n<p>Esprit d\u2019\u00e9quipe, dynamique et flexible<\/p>\n\n<h4>D\u00e9tails de l\u2019emploi<\/h4>\n\n<p>Heures \u00e0 temps plein<\/p>\n\n<p>Travail \u00e0 distance<\/p>\n\n<p>Salaire bas\u00e9 sur l\u2019exp\u00e9rience<\/p>\t\t\t\t\t\t\t\t<\/div>\n\t\t\t\t<\/div>\n\t\t\t\t\t<\/div>\n\t\t<\/div>\n\t\t\t\t<div class=\"elementor-column elementor-col-50 elementor-top-column elementor-element elementor-element-1018ed03\" data-id=\"1018ed03\" data-element_type=\"column\" data-e-type=\"column\">\n\t\t\t<div class=\"elementor-widget-wrap elementor-element-populated\">\n\t\t\t\t\t\t<section class=\"elementor-section elementor-inner-section elementor-element elementor-element-404c208e elementor-section-boxed elementor-section-height-default elementor-section-height-default\" data-id=\"404c208e\" data-element_type=\"section\" data-e-type=\"section\" data-settings=\"{&quot;background_background&quot;:&quot;classic&quot;}\">\n\t\t\t\t\t\t<div class=\"elementor-container elementor-column-gap-default\">\n\t\t\t\t\t<div class=\"elementor-column elementor-col-100 elementor-inner-column elementor-element elementor-element-7506660b\" data-id=\"7506660b\" data-element_type=\"column\" data-e-type=\"column\">\n\t\t\t<div class=\"elementor-widget-wrap elementor-element-populated\">\n\t\t\t\t\t\t<div class=\"elementor-element elementor-element-84361a5 elementor-widget elementor-widget-heading\" data-id=\"84361a5\" data-element_type=\"widget\" data-e-type=\"widget\" data-widget_type=\"heading.default\">\n\t\t\t\t<div class=\"elementor-widget-container\">\n\t\t\t\t\t<h3 class=\"elementor-heading-title elementor-size-default\">Postuler en ligne<\/h3>\t\t\t\t<\/div>\n\t\t\t\t<\/div>\n\t\t\t\t<div class=\"elementor-element elementor-element-179f15b1 elementor-widget elementor-widget-text-editor\" data-id=\"179f15b1\" data-element_type=\"widget\" data-e-type=\"widget\" data-widget_type=\"text-editor.default\">\n\t\t\t\t<div class=\"elementor-widget-container\">\n\t\t\t\t\t\t\t\t\t<p>Pour postuler \u00e0 ce poste, veuillez envoyer un CV \u00e0 andrew Coutts, directeur de la strat\u00e9gie, \u00e0 <a style=\"color: #ffffff;\" href=\"mailto:andrewcoutts@now-fertility.com\">andrewcoutts@now-fertility.com<\/a> ou remplir le formulaire ci-dessous:<\/p>\n\t\t\t\t\t\t\t\t<\/div>\n\t\t\t\t<\/div>\n\t\t\t\t<div class=\"elementor-element elementor-element-74718c89 elementor-widget elementor-widget-text-editor\" data-id=\"74718c89\" data-element_type=\"widget\" data-e-type=\"widget\" data-widget_type=\"text-editor.default\">\n\t\t\t\t<div class=\"elementor-widget-container\">\n\t\t\t\t\t\t\t\t\t\n\t\t\t\t\t\t\t\t<\/div>\n\t\t\t\t<\/div>\n\t\t\t\t\t<\/div>\n\t\t<\/div>\n\t\t\t\t\t<\/div>\n\t\t<\/section>\n\t\t\t\t\t<\/div>\n\t\t<\/div>\n\t\t\t\t\t<\/div>\n\t\t<\/section>\n\t\t\t\t<section class=\"elementor-section elementor-top-section elementor-element elementor-element-1a607114 elementor-section-full_width elementor-section-height-default elementor-section-height-default\" data-id=\"1a607114\" data-element_type=\"section\" data-e-type=\"section\">\n\t\t\t\t\t\t<div class=\"elementor-container elementor-column-gap-default\">\n\t\t\t\t\t<div class=\"elementor-column elementor-col-100 elementor-top-column elementor-element elementor-element-6d424a01\" data-id=\"6d424a01\" data-element_type=\"column\" data-e-type=\"column\">\n\t\t\t<div class=\"elementor-widget-wrap elementor-element-populated\">\n\t\t\t\t\t\t\t<\/div>\n\t\t<\/div>\n\t\t\t\t\t<\/div>\n\t\t<\/section>\n\t\t\t\t<\/div>\n\t\t","protected":false},"excerpt":{"rendered":"<p>Rejoignez NOW-fertility Gestionnaire de l\u2019engagement des patients Rel\u00e8ve de : Chef de la strat\u00e9gie Aper\u00e7u \u00catre responsable de la coordination de la promotion en ligne de NOW-fertility et du d\u00e9veloppement des relations avec les patients, les partenaires et les organismes associ\u00e9s via l\u2019utilisation des m\u00e9dias sociaux dans tous les pays dans lesquels l\u2019entreprise est active. [&hellip;]<\/p>\n","protected":false},"author":1,"featured_media":0,"parent":3674,"menu_order":0,"comment_status":"closed","ping_status":"closed","template":"","meta":{"site-sidebar-layout":"no-sidebar","site-content-layout":"page-builder","ast-site-content-layout":"default","site-content-style":"default","site-sidebar-style":"default","ast-global-header-display":"","ast-banner-title-visibility":"","ast-main-header-display":"","ast-hfb-above-header-display":"","ast-hfb-below-header-display":"","ast-hfb-mobile-header-display":"","site-post-title":"disabled","ast-breadcrumbs-content":"disabled","ast-featured-img":"disabled","footer-sml-layout":"","ast-disable-related-posts":"","theme-transparent-header-meta":"default","adv-header-id-meta":"","stick-header-meta":"enabled","header-above-stick-meta":"on","header-main-stick-meta":"on","header-below-stick-meta":"","astra-migrate-meta-layouts":"default","ast-page-background-enabled":"default","ast-page-background-meta":{"desktop":{"background-color":"","background-image":"","background-repeat":"repeat","background-position":"center center","background-size":"auto","background-attachment":"scroll","background-type":"","background-media":"","overlay-type":"","overlay-color":"","overlay-opacity":"","overlay-gradient":""},"tablet":{"background-color":"","background-image":"","background-repeat":"repeat","background-position":"center center","background-size":"auto","background-attachment":"scroll","background-type":"","background-media":"","overlay-type":"","overlay-color":"","overlay-opacity":"","overlay-gradient":""},"mobile":{"background-color":"","background-image":"","background-repeat":"repeat","background-position":"center center","background-size":"auto","background-attachment":"scroll","background-type":"","background-media":"","overlay-type":"","overlay-color":"","overlay-opacity":"","overlay-gradient":""}},"ast-content-background-meta":{"desktop":{"background-color":"var(--ast-global-color-5)","background-image":"","background-repeat":"repeat","background-position":"center center","background-size":"auto","background-attachment":"scroll","background-type":"","background-media":"","overlay-type":"","overlay-color":"","overlay-opacity":"","overlay-gradient":""},"tablet":{"background-color":"var(--ast-global-color-5)","background-image":"","background-repeat":"repeat","background-position":"center center","background-size":"auto","background-attachment":"scroll","background-type":"","background-media":"","overlay-type":"","overlay-color":"","overlay-opacity":"","overlay-gradient":""},"mobile":{"background-color":"var(--ast-global-color-5)","background-image":"","background-repeat":"repeat","background-position":"center center","background-size":"auto","background-attachment":"scroll","background-type":"","background-media":"","overlay-type":"","overlay-color":"","overlay-opacity":"","overlay-gradient":""}},"footnotes":""},"class_list":["post-4504","page","type-page","status-publish","hentry"],"yoast_head":"<!-- This site is optimized with the Yoast SEO plugin v27.2 - https:\/\/yoast.com\/product\/yoast-seo-wordpress\/ -->\n<title>Gestionnaire de l\u2019engagement des patients - NOW-fertility<\/title>\n<meta name=\"robots\" content=\"index, follow, max-snippet:-1, max-image-preview:large, max-video-preview:-1\" \/>\n<link rel=\"canonical\" href=\"https:\/\/now-fertility.com\/fr\/carrieres\/gestionnaire-de-lengagement-des-patients\/\" \/>\n<meta property=\"og:locale\" content=\"fr_FR\" \/>\n<meta property=\"og:type\" content=\"article\" \/>\n<meta property=\"og:title\" content=\"Gestionnaire de l\u2019engagement des patients - NOW-fertility\" \/>\n<meta property=\"og:description\" content=\"Rejoignez NOW-fertility Gestionnaire de l\u2019engagement des patients Rel\u00e8ve de : Chef de la strat\u00e9gie Aper\u00e7u \u00catre responsable de la coordination de la promotion en ligne de NOW-fertility et du d\u00e9veloppement des relations avec les patients, les partenaires et les organismes associ\u00e9s via l\u2019utilisation des m\u00e9dias sociaux dans tous les pays dans lesquels l\u2019entreprise est active. [&hellip;]\" \/>\n<meta property=\"og:url\" content=\"https:\/\/now-fertility.com\/fr\/carrieres\/gestionnaire-de-lengagement-des-patients\/\" \/>\n<meta property=\"og:site_name\" content=\"NOW-fertility\" \/>\n<meta property=\"article:publisher\" content=\"https:\/\/www.facebook.com\/nowfertilitycare\" \/>\n<meta property=\"article:modified_time\" content=\"2022-11-08T14:34:21+00:00\" \/>\n<meta property=\"og:image\" content=\"https:\/\/now-fertility.com\/wp-content\/uploads\/2023\/11\/NOW-fertility-Global-fertility-service-without-barriers.webp\" \/>\n\t<meta property=\"og:image:width\" content=\"900\" \/>\n\t<meta property=\"og:image:height\" content=\"600\" \/>\n\t<meta property=\"og:image:type\" content=\"image\/webp\" \/>\n<meta name=\"twitter:card\" content=\"summary_large_image\" \/>\n<meta name=\"twitter:site\" content=\"@nowfertility\" \/>\n<meta name=\"twitter:label1\" content=\"Dur\u00e9e de lecture estim\u00e9e\" \/>\n\t<meta name=\"twitter:data1\" content=\"3 minutes\" \/>\n<script type=\"application\/ld+json\" class=\"yoast-schema-graph\">{\"@context\":\"https:\/\/schema.org\",\"@graph\":[{\"@type\":\"WebPage\",\"@id\":\"https:\/\/now-fertility.com\/fr\/carrieres\/gestionnaire-de-lengagement-des-patients\/\",\"url\":\"https:\/\/now-fertility.com\/fr\/carrieres\/gestionnaire-de-lengagement-des-patients\/\",\"name\":\"Gestionnaire de l\u2019engagement des patients - NOW-fertility\",\"isPartOf\":{\"@id\":\"https:\/\/now-fertility.com\/fr\/#website\"},\"datePublished\":\"2022-04-27T14:46:51+00:00\",\"dateModified\":\"2022-11-08T14:34:21+00:00\",\"breadcrumb\":{\"@id\":\"https:\/\/now-fertility.com\/fr\/carrieres\/gestionnaire-de-lengagement-des-patients\/#breadcrumb\"},\"inLanguage\":\"fr-FR\",\"potentialAction\":[{\"@type\":\"ReadAction\",\"target\":[\"https:\/\/now-fertility.com\/fr\/carrieres\/gestionnaire-de-lengagement-des-patients\/\"]}]},{\"@type\":\"BreadcrumbList\",\"@id\":\"https:\/\/now-fertility.com\/fr\/carrieres\/gestionnaire-de-lengagement-des-patients\/#breadcrumb\",\"itemListElement\":[{\"@type\":\"ListItem\",\"position\":1,\"name\":\"Accueil\",\"item\":\"https:\/\/now-fertility.com\/fr\/domicile\/\"},{\"@type\":\"ListItem\",\"position\":2,\"name\":\"Carri\u00e8res\",\"item\":\"https:\/\/now-fertility.com\/fr\/carrieres\/\"},{\"@type\":\"ListItem\",\"position\":3,\"name\":\"Gestionnaire de l\u2019engagement des patients\"}]},{\"@type\":\"WebSite\",\"@id\":\"https:\/\/now-fertility.com\/fr\/#website\",\"url\":\"https:\/\/now-fertility.com\/fr\/\",\"name\":\"NOW-fertility\",\"description\":\"Global fertility service without barriers\",\"publisher\":{\"@id\":\"https:\/\/now-fertility.com\/fr\/#organization\"},\"potentialAction\":[{\"@type\":\"SearchAction\",\"target\":{\"@type\":\"EntryPoint\",\"urlTemplate\":\"https:\/\/now-fertility.com\/fr\/?s={search_term_string}\"},\"query-input\":{\"@type\":\"PropertyValueSpecification\",\"valueRequired\":true,\"valueName\":\"search_term_string\"}}],\"inLanguage\":\"fr-FR\"},{\"@type\":\"Organization\",\"@id\":\"https:\/\/now-fertility.com\/fr\/#organization\",\"name\":\"NOW-fertility\",\"url\":\"https:\/\/now-fertility.com\/fr\/\",\"logo\":{\"@type\":\"ImageObject\",\"inLanguage\":\"fr-FR\",\"@id\":\"https:\/\/now-fertility.com\/fr\/#\/schema\/logo\/image\/\",\"url\":\"https:\/\/now-fertility.com\/wp-content\/uploads\/2023\/11\/NOW-fertility.png\",\"contentUrl\":\"https:\/\/now-fertility.com\/wp-content\/uploads\/2023\/11\/NOW-fertility.png\",\"width\":720,\"height\":720,\"caption\":\"NOW-fertility\"},\"image\":{\"@id\":\"https:\/\/now-fertility.com\/fr\/#\/schema\/logo\/image\/\"},\"sameAs\":[\"https:\/\/www.facebook.com\/nowfertilitycare\",\"https:\/\/x.com\/nowfertility\",\"https:\/\/www.instagram.com\/nowfertilitycare\/\",\"https:\/\/www.linkedin.com\/company\/nowfertilitycare\/\"]}]}<\/script>\n<!-- \/ Yoast SEO plugin. -->","yoast_head_json":{"title":"Gestionnaire de l\u2019engagement des patients - NOW-fertility","robots":{"index":"index","follow":"follow","max-snippet":"max-snippet:-1","max-image-preview":"max-image-preview:large","max-video-preview":"max-video-preview:-1"},"canonical":"https:\/\/now-fertility.com\/fr\/carrieres\/gestionnaire-de-lengagement-des-patients\/","og_locale":"fr_FR","og_type":"article","og_title":"Gestionnaire de l\u2019engagement des patients - NOW-fertility","og_description":"Rejoignez NOW-fertility Gestionnaire de l\u2019engagement des patients Rel\u00e8ve de : Chef de la strat\u00e9gie Aper\u00e7u \u00catre responsable de la coordination de la promotion en ligne de NOW-fertility et du d\u00e9veloppement des relations avec les patients, les partenaires et les organismes associ\u00e9s via l\u2019utilisation des m\u00e9dias sociaux dans tous les pays dans lesquels l\u2019entreprise est active. [&hellip;]","og_url":"https:\/\/now-fertility.com\/fr\/carrieres\/gestionnaire-de-lengagement-des-patients\/","og_site_name":"NOW-fertility","article_publisher":"https:\/\/www.facebook.com\/nowfertilitycare","article_modified_time":"2022-11-08T14:34:21+00:00","og_image":[{"width":900,"height":600,"url":"https:\/\/now-fertility.com\/wp-content\/uploads\/2023\/11\/NOW-fertility-Global-fertility-service-without-barriers.webp","type":"image\/webp"}],"twitter_card":"summary_large_image","twitter_site":"@nowfertility","twitter_misc":{"Dur\u00e9e de lecture estim\u00e9e":"3 minutes"},"schema":{"@context":"https:\/\/schema.org","@graph":[{"@type":"WebPage","@id":"https:\/\/now-fertility.com\/fr\/carrieres\/gestionnaire-de-lengagement-des-patients\/","url":"https:\/\/now-fertility.com\/fr\/carrieres\/gestionnaire-de-lengagement-des-patients\/","name":"Gestionnaire de l\u2019engagement des patients - NOW-fertility","isPartOf":{"@id":"https:\/\/now-fertility.com\/fr\/#website"},"datePublished":"2022-04-27T14:46:51+00:00","dateModified":"2022-11-08T14:34:21+00:00","breadcrumb":{"@id":"https:\/\/now-fertility.com\/fr\/carrieres\/gestionnaire-de-lengagement-des-patients\/#breadcrumb"},"inLanguage":"fr-FR","potentialAction":[{"@type":"ReadAction","target":["https:\/\/now-fertility.com\/fr\/carrieres\/gestionnaire-de-lengagement-des-patients\/"]}]},{"@type":"BreadcrumbList","@id":"https:\/\/now-fertility.com\/fr\/carrieres\/gestionnaire-de-lengagement-des-patients\/#breadcrumb","itemListElement":[{"@type":"ListItem","position":1,"name":"Accueil","item":"https:\/\/now-fertility.com\/fr\/domicile\/"},{"@type":"ListItem","position":2,"name":"Carri\u00e8res","item":"https:\/\/now-fertility.com\/fr\/carrieres\/"},{"@type":"ListItem","position":3,"name":"Gestionnaire de l\u2019engagement des patients"}]},{"@type":"WebSite","@id":"https:\/\/now-fertility.com\/fr\/#website","url":"https:\/\/now-fertility.com\/fr\/","name":"NOW-fertility","description":"Global fertility service without barriers","publisher":{"@id":"https:\/\/now-fertility.com\/fr\/#organization"},"potentialAction":[{"@type":"SearchAction","target":{"@type":"EntryPoint","urlTemplate":"https:\/\/now-fertility.com\/fr\/?s={search_term_string}"},"query-input":{"@type":"PropertyValueSpecification","valueRequired":true,"valueName":"search_term_string"}}],"inLanguage":"fr-FR"},{"@type":"Organization","@id":"https:\/\/now-fertility.com\/fr\/#organization","name":"NOW-fertility","url":"https:\/\/now-fertility.com\/fr\/","logo":{"@type":"ImageObject","inLanguage":"fr-FR","@id":"https:\/\/now-fertility.com\/fr\/#\/schema\/logo\/image\/","url":"https:\/\/now-fertility.com\/wp-content\/uploads\/2023\/11\/NOW-fertility.png","contentUrl":"https:\/\/now-fertility.com\/wp-content\/uploads\/2023\/11\/NOW-fertility.png","width":720,"height":720,"caption":"NOW-fertility"},"image":{"@id":"https:\/\/now-fertility.com\/fr\/#\/schema\/logo\/image\/"},"sameAs":["https:\/\/www.facebook.com\/nowfertilitycare","https:\/\/x.com\/nowfertility","https:\/\/www.instagram.com\/nowfertilitycare\/","https:\/\/www.linkedin.com\/company\/nowfertilitycare\/"]}]}},"_links":{"self":[{"href":"https:\/\/now-fertility.com\/fr\/wp-json\/wp\/v2\/pages\/4504","targetHints":{"allow":["GET"]}}],"collection":[{"href":"https:\/\/now-fertility.com\/fr\/wp-json\/wp\/v2\/pages"}],"about":[{"href":"https:\/\/now-fertility.com\/fr\/wp-json\/wp\/v2\/types\/page"}],"author":[{"embeddable":true,"href":"https:\/\/now-fertility.com\/fr\/wp-json\/wp\/v2\/users\/1"}],"replies":[{"embeddable":true,"href":"https:\/\/now-fertility.com\/fr\/wp-json\/wp\/v2\/comments?post=4504"}],"version-history":[{"count":6,"href":"https:\/\/now-fertility.com\/fr\/wp-json\/wp\/v2\/pages\/4504\/revisions"}],"predecessor-version":[{"id":12467,"href":"https:\/\/now-fertility.com\/fr\/wp-json\/wp\/v2\/pages\/4504\/revisions\/12467"}],"up":[{"embeddable":true,"href":"https:\/\/now-fertility.com\/fr\/wp-json\/wp\/v2\/pages\/3674"}],"wp:attachment":[{"href":"https:\/\/now-fertility.com\/fr\/wp-json\/wp\/v2\/media?parent=4504"}],"curies":[{"name":"wp","href":"https:\/\/api.w.org\/{rel}","templated":true}]}}