{"id":6848,"date":"2022-06-24T09:57:30","date_gmt":"2022-06-24T08:57:30","guid":{"rendered":"https:\/\/now-fertility.com\/tarification\/politique-dannulation\/"},"modified":"2024-08-14T11:00:47","modified_gmt":"2024-08-14T10:00:47","slug":"politique-dannulation","status":"publish","type":"page","link":"https:\/\/now-fertility.com\/fr\/tarification\/politique-dannulation\/","title":{"rendered":"Politique d\u2019annulation"},"content":{"rendered":"\t\t<div data-elementor-type=\"wp-page\" data-elementor-id=\"6848\" class=\"elementor elementor-6848 elementor-6668\" data-elementor-post-type=\"page\">\n\t\t\t\t\t\t<section class=\"elementor-section elementor-top-section elementor-element elementor-element-5b67e178 elementor-section-height-min-height elementor-section-boxed elementor-section-height-default elementor-section-items-middle\" data-id=\"5b67e178\" data-element_type=\"section\" data-e-type=\"section\" data-settings=\"{&quot;background_background&quot;:&quot;classic&quot;,&quot;shape_divider_bottom&quot;:&quot;curve-asymmetrical&quot;,&quot;shape_divider_bottom_negative&quot;:&quot;yes&quot;}\">\n\t\t\t\t\t\t\t<div class=\"elementor-background-overlay\"><\/div>\n\t\t\t\t\t\t<div class=\"elementor-shape elementor-shape-bottom\" aria-hidden=\"true\" data-negative=\"true\">\n\t\t\t<svg xmlns=\"http:\/\/www.w3.org\/2000\/svg\" viewBox=\"0 0 1000 100\" preserveAspectRatio=\"none\">\n\t<path class=\"elementor-shape-fill\" d=\"M615.2,96.7C240.2,97.8,0,18.9,0,0v100h1000V0C1000,19.2,989.8,96,615.2,96.7z\"\/>\n<\/svg>\t\t<\/div>\n\t\t\t\t\t<div class=\"elementor-container elementor-column-gap-default\">\n\t\t\t\t\t<div class=\"elementor-column elementor-col-66 elementor-top-column elementor-element elementor-element-e2d8bef\" data-id=\"e2d8bef\" data-element_type=\"column\" data-e-type=\"column\">\n\t\t\t<div class=\"elementor-widget-wrap elementor-element-populated\">\n\t\t\t\t\t\t<div class=\"elementor-element elementor-element-6d815a94 elementor-widget elementor-widget-heading\" data-id=\"6d815a94\" data-element_type=\"widget\" data-e-type=\"widget\" data-widget_type=\"heading.default\">\n\t\t\t\t<div class=\"elementor-widget-container\">\n\t\t\t\t\t<h1 class=\"elementor-heading-title elementor-size-xl\"><b>Politique d\u2019annulation<\/b><\/h1>\t\t\t\t<\/div>\n\t\t\t\t<\/div>\n\t\t\t\t\t<\/div>\n\t\t<\/div>\n\t\t\t\t<div class=\"elementor-column elementor-col-33 elementor-top-column elementor-element elementor-element-62f0f4d1\" data-id=\"62f0f4d1\" data-element_type=\"column\" data-e-type=\"column\">\n\t\t\t<div class=\"elementor-widget-wrap elementor-element-populated\">\n\t\t\t\t\t\t<div class=\"elementor-element elementor-element-780ce5e4 elementor-align-left elementor-mobile-align-left elementor-widget elementor-widget-breadcrumbs\" data-id=\"780ce5e4\" data-element_type=\"widget\" data-e-type=\"widget\" data-widget_type=\"breadcrumbs.default\">\n\t\t\t\t<div class=\"elementor-widget-container\">\n\t\t\t\t\t<p id=\"breadcrumbs\"><span><span><a href=\"https:\/\/now-fertility.com\/fr\/domicile\/\">Accueil<\/a><\/span><\/span><\/p>\t\t\t\t<\/div>\n\t\t\t\t<\/div>\n\t\t\t\t\t<\/div>\n\t\t<\/div>\n\t\t\t\t\t<\/div>\n\t\t<\/section>\n\t\t\t\t<section class=\"elementor-section elementor-top-section elementor-element elementor-element-fcf80c0 elementor-section-boxed elementor-section-height-default elementor-section-height-default\" data-id=\"fcf80c0\" data-element_type=\"section\" data-e-type=\"section\">\n\t\t\t\t\t\t<div class=\"elementor-container elementor-column-gap-default\">\n\t\t\t\t\t<div class=\"elementor-column elementor-col-100 elementor-top-column elementor-element elementor-element-6d221f3c\" data-id=\"6d221f3c\" data-element_type=\"column\" data-e-type=\"column\">\n\t\t\t<div class=\"elementor-widget-wrap elementor-element-populated\">\n\t\t\t\t\t\t<div class=\"elementor-element elementor-element-3a712a5a elementor-widget elementor-widget-text-editor\" data-id=\"3a712a5a\" data-element_type=\"widget\" data-e-type=\"widget\" data-widget_type=\"text-editor.default\">\n\t\t\t\t<div class=\"elementor-widget-container\">\n\t\t\t\t\t\t\t\t\t<p>Le cycle de traitement peut \u00eatre annul\u00e9 \u00e0 diff\u00e9rents stades, et ce d\u00e9nouement peut certainement \u00eatre contrariant. En fonction de la raison pour laquelle le cycle est annul\u00e9, il peut \u00eatre possible de recommencer \u00e0 un autre moment en utilisant une approche alternative. Nous sommes l\u00e0 pour vous soutenir avec notre \u00e9quipe de consultants, d\u2019infirmi\u00e8res et de coordonnateurs de soins en fertilit\u00e9. Nous sommes \u00e9galement en mesure d&rsquo;organiser des consultations de soutien psychologique pour vous.<\/p>\n<p>Si vous subissez un nouveau cycle impliquant une stimulation hormonale de vos ovaires, le traitement peut \u00eatre annul\u00e9 avant la collecte des ovules en raison de:<\/p>\n<ul>\n<li>R\u00e9ponse ovarienne sous-optimale \u00e0 la stimulation hormonale<\/li>\n<li>Risque \u00e9lev\u00e9 de syndrome d\u2019hyperstimulation ovarienne (SHO)<\/li>\n<li>Se sentir g\u00e9n\u00e9ralement mal, ce qui rend imprudent de proc\u00e9der \u00e0 ce moment-l\u00e0<\/li>\n<li>Ne pas prendre l\u2019injection de d\u00e9clenchement comme indiqu\u00e9<\/li>\n<li>Toute autre indication clinique<\/li>\n<\/ul>\n<p>Dans ce cas, nous vous rembourserons 25% des frais que vous avez pay\u00e9s \u00e0 NOW-fertility.&nbsp;<\/p>\n<p>Si vous subissez un nouveau cycle impliquant une stimulation hormonale de vos ovaires, le traitement peut \u00eatre annul\u00e9 apr\u00e8s la collecte d\u2019ovules et avant le transfert d\u2019embryons en raison de:<\/p>\n<ul>\n<li>Aucun ovule collect\u00e9<\/li>\n<li>Pas d\u2019ovules matures disponibles&nbsp;<\/li>\n<li>Les ovules ne parviennent pas \u00e0 f\u00e9conder<\/li>\n<li>Les ovules ne se f\u00e9condent pas normalement<\/li>\n<li>Les embryons ne se d\u00e9veloppent pas<\/li>\n<li>Aucun spermatozo\u00efde disponible pour f\u00e9conder les ovules in vitro<\/li>\n<li>Debut de saignements ut\u00e9rins<\/li>\n<li>Un polype est vu \u00e0 l\u2019int\u00e9rieur de l\u2019ut\u00e9rus<\/li>\n<li>Du liquide est vu \u00e0 l\u2019int\u00e9rieur de l\u2019ut\u00e9rus<\/li>\n<li>Toute autre indication clinique<\/li>\n<\/ul>\n<p>Dans ce cas, vous n\u2019aurez pas droit \u00e0 un remboursement de la part NOW-fertility, mais vous serez rembours\u00e9 d\u2019un certain montant conform\u00e9ment \u00e0 la politique d\u2019annulation et de remboursement de la clinique partenaire.<\/p>\n<p>Si vous suivez un cycle de transfert d\u2019embryons congel\u00e9s impliquant un traitement hormonal pour d\u00e9velopper l\u2019endom\u00e8tre ou simplement un cycle naturel sans hormonoth\u00e9rapie, le traitement peut \u00eatre annul\u00e9 avant le transfert d\u2019embryons en raison de :&nbsp;<\/p>\n<ul>\n<li>Se sentir g\u00e9n\u00e9ralement mal, ce qui rend imprudent de proc\u00e9der<\/li>\n<li>Les embryons n\u2019ont pas surv\u00e9cu au processus de d\u00e9cong\u00e9lation et de r\u00e9chauffement<\/li>\n<li>La proc\u00e9dure ne peut pas \u00eatre effectu\u00e9e sans s\u00e9dation et l\u2019anesth\u00e9siste pour administrer les m\u00e9dicaments pour la s\u00e9dation n\u2019est pas disponible le jour m\u00eame.<\/li>\n<li>Vous avez du liquide ou du sang dans l\u2019ut\u00e9rus lors d\u2019une \u00e9chographie transabdominale le jour du transfert d\u2019embryons<\/li>\n<li>Vous avez commenc\u00e9 \u00e0 saigner et l\u2019\u00e9paisseur de l\u2019endom\u00e8tre est plus mince qu\u2019avant<\/li>\n<li>Vous avez oubli\u00e9 de prendre les m\u00e9dicaments hormonaux recommand\u00e9s par votre \u00e9quipe de fertilit\u00e9<\/li>\n<li>Toute autre indication clinique<\/li>\n<\/ul>\n<p>Dans ce cas, si le cycle est annul\u00e9 avant le transfert d\u2019embryons, vous serez rembours\u00e9 de 25% des frais que vous avez pay\u00e9s \u00e0 NOW-fertility. Si le cycle est annul\u00e9 le jour o\u00f9 vous vous rendez physiquement \u00e0 la clinique partenaire pour le transfert d\u2019embryons, ce qui signifie que vous avez termin\u00e9 votre traitement de pr\u00e9paration, vous n\u2019aurez pas droit \u00e0 un remboursement de la part NOW-fertility, mais vous pourrez \u00eatre rembours\u00e9 d\u2019un certain montant conform\u00e9ment \u00e0 la politique d\u2019annulation et de remboursement de la clinique partenaire.<\/p>\n<p>Dans le cas o\u00f9 la ou les parties concern\u00e9es se retirent du traitement (frais ou congel\u00e9) \u00e0 tout moment, il n\u2019y aura pas de remboursement.<\/p>\t\t\t\t\t\t\t\t<\/div>\n\t\t\t\t<\/div>\n\t\t\t\t\t<\/div>\n\t\t<\/div>\n\t\t\t\t\t<\/div>\n\t\t<\/section>\n\t\t\t\t<section class=\"elementor-section elementor-top-section elementor-element elementor-element-6ecb32f8 elementor-section-boxed elementor-section-height-default elementor-section-height-default\" data-id=\"6ecb32f8\" data-element_type=\"section\" data-e-type=\"section\" data-settings=\"{&quot;background_background&quot;:&quot;classic&quot;}\">\n\t\t\t\t\t\t\t<div class=\"elementor-background-overlay\"><\/div>\n\t\t\t\t\t\t\t<div class=\"elementor-container elementor-column-gap-default\">\n\t\t\t\t\t<div class=\"elementor-column elementor-col-66 elementor-top-column elementor-element elementor-element-51debbef\" data-id=\"51debbef\" data-element_type=\"column\" data-e-type=\"column\">\n\t\t\t<div class=\"elementor-widget-wrap elementor-element-populated\">\n\t\t\t\t\t\t<div class=\"elementor-element elementor-element-4881a63a elementor-widget elementor-widget-heading\" data-id=\"4881a63a\" data-element_type=\"widget\" data-e-type=\"widget\" data-widget_type=\"heading.default\">\n\t\t\t\t<div class=\"elementor-widget-container\">\n\t\t\t\t\t<h3 class=\"elementor-heading-title elementor-size-large\"><b>R\u00e9server une consultation<\/b><\/h3>\t\t\t\t<\/div>\n\t\t\t\t<\/div>\n\t\t\t\t<div class=\"elementor-element elementor-element-33ec300f elementor-widget elementor-widget-text-editor\" data-id=\"33ec300f\" data-element_type=\"widget\" data-e-type=\"widget\" data-widget_type=\"text-editor.default\">\n\t\t\t\t<div class=\"elementor-widget-container\">\n\t\t\t\t\t\t\t\t\t<p>L\u2019engagement de NOW-fertility est de rendre les soins de fertilit\u00e9 accessibles, r\u00e9ussis et sans stress pour les patients.<\/p>\n<p class=\"p1\">Si vous \u00eates pr\u00eat \u00e0 commencer votre d\u00e9marche, prenez rendez-vous avec l\u2019un de nos consultants sp\u00e9cialis\u00e9s en fertilit\u00e9.<\/p>\n\t\t\t\t\t\t\t\t<\/div>\n\t\t\t\t<\/div>\n\t\t\t\t\t<\/div>\n\t\t<\/div>\n\t\t\t\t<div class=\"elementor-column elementor-col-33 elementor-top-column elementor-element elementor-element-23c242b1 elementor-hidden-tablet elementor-hidden-mobile\" data-id=\"23c242b1\" data-element_type=\"column\" data-e-type=\"column\">\n\t\t\t<div class=\"elementor-widget-wrap elementor-element-populated\">\n\t\t\t\t\t\t<div class=\"elementor-element elementor-element-6b492514 elementor-align-center elementor-widget elementor-widget-button\" data-id=\"6b492514\" data-element_type=\"widget\" data-e-type=\"widget\" data-widget_type=\"button.default\">\n\t\t\t\t<div class=\"elementor-widget-container\">\n\t\t\t\t\t\t\t\t\t<div class=\"elementor-button-wrapper\">\n\t\t\t\t\t<a class=\"elementor-button elementor-button-link elementor-size-xl\" href=\"#\">\n\t\t\t\t\t\t<span class=\"elementor-button-content-wrapper\">\n\t\t\t\t\t\t\t\t\t<span class=\"elementor-button-text\">D\u00c9MARRER<\/span>\n\t\t\t\t\t<\/span>\n\t\t\t\t\t<\/a>\n\t\t\t\t<\/div>\n\t\t\t\t\t\t\t\t<\/div>\n\t\t\t\t<\/div>\n\t\t\t\t\t<\/div>\n\t\t<\/div>\n\t\t\t\t\t<\/div>\n\t\t<\/section>\n\t\t\t\t<\/div>\n\t\t","protected":false},"excerpt":{"rendered":"<p>Politique d\u2019annulation Le cycle de traitement peut \u00eatre annul\u00e9 \u00e0 diff\u00e9rents stades, et ce d\u00e9nouement peut certainement \u00eatre contrariant. En fonction de la raison pour laquelle le cycle est annul\u00e9, il peut \u00eatre possible de recommencer \u00e0 un autre moment en utilisant une approche alternative. Nous sommes l\u00e0 pour vous soutenir avec notre \u00e9quipe de [&hellip;]<\/p>\n","protected":false},"author":1,"featured_media":0,"parent":6802,"menu_order":0,"comment_status":"closed","ping_status":"closed","template":"","meta":{"site-sidebar-layout":"no-sidebar","site-content-layout":"page-builder","ast-site-content-layout":"default","site-content-style":"default","site-sidebar-style":"default","ast-global-header-display":"","ast-banner-title-visibility":"","ast-main-header-display":"","ast-hfb-above-header-display":"","ast-hfb-below-header-display":"","ast-hfb-mobile-header-display":"","site-post-title":"disabled","ast-breadcrumbs-content":"disabled","ast-featured-img":"disabled","footer-sml-layout":"","ast-disable-related-posts":"","theme-transparent-header-meta":"default","adv-header-id-meta":"","stick-header-meta":"enabled","header-above-stick-meta":"on","header-main-stick-meta":"on","header-below-stick-meta":"","astra-migrate-meta-layouts":"default","ast-page-background-enabled":"default","ast-page-background-meta":{"desktop":{"background-color":"","background-image":"","background-repeat":"repeat","background-position":"center center","background-size":"auto","background-attachment":"scroll","background-type":"","background-media":"","overlay-type":"","overlay-color":"","overlay-opacity":"","overlay-gradient":""},"tablet":{"background-color":"","background-image":"","background-repeat":"repeat","background-position":"center center","background-size":"auto","background-attachment":"scroll","background-type":"","background-media":"","overlay-type":"","overlay-color":"","overlay-opacity":"","overlay-gradient":""},"mobile":{"background-color":"","background-image":"","background-repeat":"repeat","background-position":"center center","background-size":"auto","background-attachment":"scroll","background-type":"","background-media":"","overlay-type":"","overlay-color":"","overlay-opacity":"","overlay-gradient":""}},"ast-content-background-meta":{"desktop":{"background-color":"var(--ast-global-color-5)","background-image":"","background-repeat":"repeat","background-position":"center center","background-size":"auto","background-attachment":"scroll","background-type":"","background-media":"","overlay-type":"","overlay-color":"","overlay-opacity":"","overlay-gradient":""},"tablet":{"background-color":"var(--ast-global-color-5)","background-image":"","background-repeat":"repeat","background-position":"center center","background-size":"auto","background-attachment":"scroll","background-type":"","background-media":"","overlay-type":"","overlay-color":"","overlay-opacity":"","overlay-gradient":""},"mobile":{"background-color":"var(--ast-global-color-5)","background-image":"","background-repeat":"repeat","background-position":"center center","background-size":"auto","background-attachment":"scroll","background-type":"","background-media":"","overlay-type":"","overlay-color":"","overlay-opacity":"","overlay-gradient":""}},"footnotes":""},"class_list":["post-6848","page","type-page","status-publish","hentry"],"yoast_head":"<!-- This site is optimized with the Yoast SEO plugin v27.2 - https:\/\/yoast.com\/product\/yoast-seo-wordpress\/ -->\n<title>Politique d\u2019annulation - NOW-fertility<\/title>\n<meta name=\"robots\" content=\"index, follow, max-snippet:-1, max-image-preview:large, max-video-preview:-1\" \/>\n<link rel=\"canonical\" href=\"https:\/\/now-fertility.com\/fr\/tarification\/politique-dannulation\/\" \/>\n<meta property=\"og:locale\" content=\"fr_FR\" \/>\n<meta property=\"og:type\" content=\"article\" \/>\n<meta property=\"og:title\" content=\"Politique d\u2019annulation - NOW-fertility\" \/>\n<meta property=\"og:description\" content=\"Politique d\u2019annulation Le cycle de traitement peut \u00eatre annul\u00e9 \u00e0 diff\u00e9rents stades, et ce d\u00e9nouement peut certainement \u00eatre contrariant. En fonction de la raison pour laquelle le cycle est annul\u00e9, il peut \u00eatre possible de recommencer \u00e0 un autre moment en utilisant une approche alternative. Nous sommes l\u00e0 pour vous soutenir avec notre \u00e9quipe de [&hellip;]\" \/>\n<meta property=\"og:url\" content=\"https:\/\/now-fertility.com\/fr\/tarification\/politique-dannulation\/\" \/>\n<meta property=\"og:site_name\" content=\"NOW-fertility\" \/>\n<meta property=\"article:publisher\" content=\"https:\/\/www.facebook.com\/nowfertilitycare\" \/>\n<meta property=\"article:modified_time\" content=\"2024-08-14T10:00:47+00:00\" \/>\n<meta property=\"og:image\" content=\"https:\/\/now-fertility.com\/wp-content\/uploads\/2023\/11\/NOW-fertility-Global-fertility-service-without-barriers.webp\" \/>\n\t<meta property=\"og:image:width\" content=\"900\" \/>\n\t<meta property=\"og:image:height\" content=\"600\" \/>\n\t<meta property=\"og:image:type\" content=\"image\/webp\" \/>\n<meta name=\"twitter:card\" content=\"summary_large_image\" \/>\n<meta name=\"twitter:site\" content=\"@nowfertility\" \/>\n<meta name=\"twitter:label1\" content=\"Dur\u00e9e de lecture estim\u00e9e\" \/>\n\t<meta name=\"twitter:data1\" content=\"3 minutes\" \/>\n<script type=\"application\/ld+json\" class=\"yoast-schema-graph\">{\"@context\":\"https:\/\/schema.org\",\"@graph\":[{\"@type\":\"WebPage\",\"@id\":\"https:\/\/now-fertility.com\/fr\/tarification\/politique-dannulation\/\",\"url\":\"https:\/\/now-fertility.com\/fr\/tarification\/politique-dannulation\/\",\"name\":\"Politique d\u2019annulation - NOW-fertility\",\"isPartOf\":{\"@id\":\"https:\/\/now-fertility.com\/fr\/#website\"},\"datePublished\":\"2022-06-24T08:57:30+00:00\",\"dateModified\":\"2024-08-14T10:00:47+00:00\",\"breadcrumb\":{\"@id\":\"https:\/\/now-fertility.com\/fr\/tarification\/politique-dannulation\/#breadcrumb\"},\"inLanguage\":\"fr-FR\",\"potentialAction\":[{\"@type\":\"ReadAction\",\"target\":[\"https:\/\/now-fertility.com\/fr\/tarification\/politique-dannulation\/\"]}]},{\"@type\":\"BreadcrumbList\",\"@id\":\"https:\/\/now-fertility.com\/fr\/tarification\/politique-dannulation\/#breadcrumb\",\"itemListElement\":[{\"@type\":\"ListItem\",\"position\":1,\"name\":\"Accueil\",\"item\":\"https:\/\/now-fertility.com\/fr\/domicile\/\"},{\"@type\":\"ListItem\",\"position\":2,\"name\":\"Tarification\",\"item\":\"https:\/\/now-fertility.com\/fr\/tarification\/\"},{\"@type\":\"ListItem\",\"position\":3,\"name\":\"Politique d\u2019annulation\"}]},{\"@type\":\"WebSite\",\"@id\":\"https:\/\/now-fertility.com\/fr\/#website\",\"url\":\"https:\/\/now-fertility.com\/fr\/\",\"name\":\"NOW-fertility\",\"description\":\"Global fertility service without barriers\",\"publisher\":{\"@id\":\"https:\/\/now-fertility.com\/fr\/#organization\"},\"potentialAction\":[{\"@type\":\"SearchAction\",\"target\":{\"@type\":\"EntryPoint\",\"urlTemplate\":\"https:\/\/now-fertility.com\/fr\/?s={search_term_string}\"},\"query-input\":{\"@type\":\"PropertyValueSpecification\",\"valueRequired\":true,\"valueName\":\"search_term_string\"}}],\"inLanguage\":\"fr-FR\"},{\"@type\":\"Organization\",\"@id\":\"https:\/\/now-fertility.com\/fr\/#organization\",\"name\":\"NOW-fertility\",\"url\":\"https:\/\/now-fertility.com\/fr\/\",\"logo\":{\"@type\":\"ImageObject\",\"inLanguage\":\"fr-FR\",\"@id\":\"https:\/\/now-fertility.com\/fr\/#\/schema\/logo\/image\/\",\"url\":\"https:\/\/now-fertility.com\/wp-content\/uploads\/2023\/11\/NOW-fertility.png\",\"contentUrl\":\"https:\/\/now-fertility.com\/wp-content\/uploads\/2023\/11\/NOW-fertility.png\",\"width\":720,\"height\":720,\"caption\":\"NOW-fertility\"},\"image\":{\"@id\":\"https:\/\/now-fertility.com\/fr\/#\/schema\/logo\/image\/\"},\"sameAs\":[\"https:\/\/www.facebook.com\/nowfertilitycare\",\"https:\/\/x.com\/nowfertility\",\"https:\/\/www.instagram.com\/nowfertilitycare\/\",\"https:\/\/www.linkedin.com\/company\/nowfertilitycare\/\"]}]}<\/script>\n<!-- \/ Yoast SEO plugin. -->","yoast_head_json":{"title":"Politique d\u2019annulation - NOW-fertility","robots":{"index":"index","follow":"follow","max-snippet":"max-snippet:-1","max-image-preview":"max-image-preview:large","max-video-preview":"max-video-preview:-1"},"canonical":"https:\/\/now-fertility.com\/fr\/tarification\/politique-dannulation\/","og_locale":"fr_FR","og_type":"article","og_title":"Politique d\u2019annulation - NOW-fertility","og_description":"Politique d\u2019annulation Le cycle de traitement peut \u00eatre annul\u00e9 \u00e0 diff\u00e9rents stades, et ce d\u00e9nouement peut certainement \u00eatre contrariant. En fonction de la raison pour laquelle le cycle est annul\u00e9, il peut \u00eatre possible de recommencer \u00e0 un autre moment en utilisant une approche alternative. Nous sommes l\u00e0 pour vous soutenir avec notre \u00e9quipe de [&hellip;]","og_url":"https:\/\/now-fertility.com\/fr\/tarification\/politique-dannulation\/","og_site_name":"NOW-fertility","article_publisher":"https:\/\/www.facebook.com\/nowfertilitycare","article_modified_time":"2024-08-14T10:00:47+00:00","og_image":[{"width":900,"height":600,"url":"https:\/\/now-fertility.com\/wp-content\/uploads\/2023\/11\/NOW-fertility-Global-fertility-service-without-barriers.webp","type":"image\/webp"}],"twitter_card":"summary_large_image","twitter_site":"@nowfertility","twitter_misc":{"Dur\u00e9e de lecture estim\u00e9e":"3 minutes"},"schema":{"@context":"https:\/\/schema.org","@graph":[{"@type":"WebPage","@id":"https:\/\/now-fertility.com\/fr\/tarification\/politique-dannulation\/","url":"https:\/\/now-fertility.com\/fr\/tarification\/politique-dannulation\/","name":"Politique d\u2019annulation - NOW-fertility","isPartOf":{"@id":"https:\/\/now-fertility.com\/fr\/#website"},"datePublished":"2022-06-24T08:57:30+00:00","dateModified":"2024-08-14T10:00:47+00:00","breadcrumb":{"@id":"https:\/\/now-fertility.com\/fr\/tarification\/politique-dannulation\/#breadcrumb"},"inLanguage":"fr-FR","potentialAction":[{"@type":"ReadAction","target":["https:\/\/now-fertility.com\/fr\/tarification\/politique-dannulation\/"]}]},{"@type":"BreadcrumbList","@id":"https:\/\/now-fertility.com\/fr\/tarification\/politique-dannulation\/#breadcrumb","itemListElement":[{"@type":"ListItem","position":1,"name":"Accueil","item":"https:\/\/now-fertility.com\/fr\/domicile\/"},{"@type":"ListItem","position":2,"name":"Tarification","item":"https:\/\/now-fertility.com\/fr\/tarification\/"},{"@type":"ListItem","position":3,"name":"Politique d\u2019annulation"}]},{"@type":"WebSite","@id":"https:\/\/now-fertility.com\/fr\/#website","url":"https:\/\/now-fertility.com\/fr\/","name":"NOW-fertility","description":"Global fertility service without barriers","publisher":{"@id":"https:\/\/now-fertility.com\/fr\/#organization"},"potentialAction":[{"@type":"SearchAction","target":{"@type":"EntryPoint","urlTemplate":"https:\/\/now-fertility.com\/fr\/?s={search_term_string}"},"query-input":{"@type":"PropertyValueSpecification","valueRequired":true,"valueName":"search_term_string"}}],"inLanguage":"fr-FR"},{"@type":"Organization","@id":"https:\/\/now-fertility.com\/fr\/#organization","name":"NOW-fertility","url":"https:\/\/now-fertility.com\/fr\/","logo":{"@type":"ImageObject","inLanguage":"fr-FR","@id":"https:\/\/now-fertility.com\/fr\/#\/schema\/logo\/image\/","url":"https:\/\/now-fertility.com\/wp-content\/uploads\/2023\/11\/NOW-fertility.png","contentUrl":"https:\/\/now-fertility.com\/wp-content\/uploads\/2023\/11\/NOW-fertility.png","width":720,"height":720,"caption":"NOW-fertility"},"image":{"@id":"https:\/\/now-fertility.com\/fr\/#\/schema\/logo\/image\/"},"sameAs":["https:\/\/www.facebook.com\/nowfertilitycare","https:\/\/x.com\/nowfertility","https:\/\/www.instagram.com\/nowfertilitycare\/","https:\/\/www.linkedin.com\/company\/nowfertilitycare\/"]}]}},"_links":{"self":[{"href":"https:\/\/now-fertility.com\/fr\/wp-json\/wp\/v2\/pages\/6848","targetHints":{"allow":["GET"]}}],"collection":[{"href":"https:\/\/now-fertility.com\/fr\/wp-json\/wp\/v2\/pages"}],"about":[{"href":"https:\/\/now-fertility.com\/fr\/wp-json\/wp\/v2\/types\/page"}],"author":[{"embeddable":true,"href":"https:\/\/now-fertility.com\/fr\/wp-json\/wp\/v2\/users\/1"}],"replies":[{"embeddable":true,"href":"https:\/\/now-fertility.com\/fr\/wp-json\/wp\/v2\/comments?post=6848"}],"version-history":[{"count":14,"href":"https:\/\/now-fertility.com\/fr\/wp-json\/wp\/v2\/pages\/6848\/revisions"}],"predecessor-version":[{"id":26251,"href":"https:\/\/now-fertility.com\/fr\/wp-json\/wp\/v2\/pages\/6848\/revisions\/26251"}],"up":[{"embeddable":true,"href":"https:\/\/now-fertility.com\/fr\/wp-json\/wp\/v2\/pages\/6802"}],"wp:attachment":[{"href":"https:\/\/now-fertility.com\/fr\/wp-json\/wp\/v2\/media?parent=6848"}],"curies":[{"name":"wp","href":"https:\/\/api.w.org\/{rel}","templated":true}]}}