{"id":7054,"date":"2022-06-24T10:01:23","date_gmt":"2022-06-24T09:01:23","guid":{"rendered":"https:\/\/now-fertility.com\/notre-equipe-de-soins\/"},"modified":"2025-06-27T16:19:44","modified_gmt":"2025-06-27T15:19:44","slug":"notre-equipe-de-soins","status":"publish","type":"page","link":"https:\/\/now-fertility.com\/fr\/environ\/notre-equipe-de-soins\/","title":{"rendered":"Notre \u00e9quipe de soins"},"content":{"rendered":"\t\t<div data-elementor-type=\"wp-page\" data-elementor-id=\"7054\" class=\"elementor elementor-7054 elementor-5242\" data-elementor-post-type=\"page\">\n\t\t\t\t\t\t<section class=\"elementor-section elementor-top-section elementor-element elementor-element-3a8e7c03 elementor-section-height-min-height elementor-section-boxed elementor-section-height-default elementor-section-items-middle\" data-id=\"3a8e7c03\" data-element_type=\"section\" data-e-type=\"section\" data-settings=\"{&quot;background_background&quot;:&quot;classic&quot;,&quot;shape_divider_bottom&quot;:&quot;curve-asymmetrical&quot;,&quot;shape_divider_bottom_negative&quot;:&quot;yes&quot;}\">\n\t\t\t\t\t\t\t<div class=\"elementor-background-overlay\"><\/div>\n\t\t\t\t\t\t<div class=\"elementor-shape elementor-shape-bottom\" aria-hidden=\"true\" data-negative=\"true\">\n\t\t\t<svg xmlns=\"http:\/\/www.w3.org\/2000\/svg\" viewBox=\"0 0 1000 100\" preserveAspectRatio=\"none\">\n\t<path class=\"elementor-shape-fill\" d=\"M615.2,96.7C240.2,97.8,0,18.9,0,0v100h1000V0C1000,19.2,989.8,96,615.2,96.7z\"\/>\n<\/svg>\t\t<\/div>\n\t\t\t\t\t<div class=\"elementor-container elementor-column-gap-default\">\n\t\t\t\t\t<div class=\"elementor-column elementor-col-66 elementor-top-column elementor-element elementor-element-66ade616\" data-id=\"66ade616\" data-element_type=\"column\" data-e-type=\"column\">\n\t\t\t<div class=\"elementor-widget-wrap elementor-element-populated\">\n\t\t\t\t\t\t<div class=\"elementor-element elementor-element-b127fdc elementor-widget elementor-widget-heading\" data-id=\"b127fdc\" data-element_type=\"widget\" data-e-type=\"widget\" data-widget_type=\"heading.default\">\n\t\t\t\t<div class=\"elementor-widget-container\">\n\t\t\t\t\t<h1 class=\"elementor-heading-title elementor-size-xl\"><b>Notre \u00e9quipe<\/b><\/h1>\t\t\t\t<\/div>\n\t\t\t\t<\/div>\n\t\t\t\t\t<\/div>\n\t\t<\/div>\n\t\t\t\t<div class=\"elementor-column elementor-col-33 elementor-top-column elementor-element elementor-element-4de0ba35\" data-id=\"4de0ba35\" data-element_type=\"column\" data-e-type=\"column\">\n\t\t\t<div class=\"elementor-widget-wrap elementor-element-populated\">\n\t\t\t\t\t\t<div class=\"elementor-element elementor-element-79cb6b3 elementor-align-center elementor-mobile-align-left elementor-widget elementor-widget-breadcrumbs\" data-id=\"79cb6b3\" data-element_type=\"widget\" data-e-type=\"widget\" data-widget_type=\"breadcrumbs.default\">\n\t\t\t\t<div class=\"elementor-widget-container\">\n\t\t\t\t\t<p id=\"breadcrumbs\"><span><span><a href=\"https:\/\/now-fertility.com\/fr\/domicile\/\">Accueil<\/a><\/span><\/span><\/p>\t\t\t\t<\/div>\n\t\t\t\t<\/div>\n\t\t\t\t\t<\/div>\n\t\t<\/div>\n\t\t\t\t\t<\/div>\n\t\t<\/section>\n\t\t\t\t<section class=\"elementor-section elementor-top-section elementor-element elementor-element-66093dbc elementor-section-boxed elementor-section-height-default elementor-section-height-default\" data-id=\"66093dbc\" data-element_type=\"section\" data-e-type=\"section\">\n\t\t\t\t\t\t<div class=\"elementor-container elementor-column-gap-default\">\n\t\t\t\t\t<div class=\"elementor-column elementor-col-100 elementor-top-column elementor-element elementor-element-3cae3056\" data-id=\"3cae3056\" data-element_type=\"column\" data-e-type=\"column\">\n\t\t\t<div class=\"elementor-widget-wrap elementor-element-populated\">\n\t\t\t\t\t\t<div class=\"elementor-element elementor-element-7bda74a1 elementor-widget elementor-widget-text-editor\" data-id=\"7bda74a1\" data-element_type=\"widget\" data-e-type=\"widget\" data-widget_type=\"text-editor.default\">\n\t\t\t\t<div class=\"elementor-widget-container\">\n\t\t\t\t\t\t\t\t\t<p>Nous sommes fiers de vous pr\u00e9senter notre \u00e9quipe de soins de fertilit\u00e9. Gr\u00e2ce \u00e0 notre approche multidisciplinaire, nous offrons les plus hauts standards de soins de la part de professionnels de la fertilit\u00e9 exp\u00e9riment\u00e9s et d\u00e9vou\u00e9s \u00e0 chaque \u00e9tape de votre parcours pour cr\u00e9er votre famille ou pour pr\u00e9server votre fertilit\u00e9.  <\/p>\t\t\t\t\t\t\t\t<\/div>\n\t\t\t\t<\/div>\n\t\t\t\t<div class=\"elementor-element elementor-element-3629b04 elementor-widget elementor-widget-heading\" data-id=\"3629b04\" data-element_type=\"widget\" data-e-type=\"widget\" data-widget_type=\"heading.default\">\n\t\t\t\t<div class=\"elementor-widget-container\">\n\t\t\t\t\t<h3 class=\"elementor-heading-title elementor-size-default\">Rencontrez notre \u00e9quipe<\/h3>\t\t\t\t<\/div>\n\t\t\t\t<\/div>\n\t\t\t\t<div class=\"elementor-element elementor-element-2c3d1bfa elementor-align-center elementor-widget__width-auto elementor-widget elementor-widget-button\" data-id=\"2c3d1bfa\" data-element_type=\"widget\" data-e-type=\"widget\" data-widget_type=\"button.default\">\n\t\t\t\t<div class=\"elementor-widget-container\">\n\t\t\t\t\t\t\t\t\t<div class=\"elementor-button-wrapper\">\n\t\t\t\t\t<a class=\"elementor-button elementor-button-link elementor-size-sm\" href=\"https:\/\/now-fertility.com\/fr\/environ\/notre-equipe-de-soins\/consultants\/\">\n\t\t\t\t\t\t<span class=\"elementor-button-content-wrapper\">\n\t\t\t\t\t\t\t\t\t<span class=\"elementor-button-text\">Consultants<\/span>\n\t\t\t\t\t<\/span>\n\t\t\t\t\t<\/a>\n\t\t\t\t<\/div>\n\t\t\t\t\t\t\t\t<\/div>\n\t\t\t\t<\/div>\n\t\t\t\t<div class=\"elementor-element elementor-element-da3cb7d elementor-align-center elementor-widget__width-auto elementor-widget elementor-widget-button\" data-id=\"da3cb7d\" data-element_type=\"widget\" data-e-type=\"widget\" data-widget_type=\"button.default\">\n\t\t\t\t<div class=\"elementor-widget-container\">\n\t\t\t\t\t\t\t\t\t<div class=\"elementor-button-wrapper\">\n\t\t\t\t\t<a class=\"elementor-button elementor-button-link elementor-size-sm\" href=\"https:\/\/now-fertility.com\/fr\/environ\/notre-equipe-de-soins\/coordonnateurs-de-soins\/\">\n\t\t\t\t\t\t<span class=\"elementor-button-content-wrapper\">\n\t\t\t\t\t\t\t\t\t<span class=\"elementor-button-text\">Services aux patients<\/span>\n\t\t\t\t\t<\/span>\n\t\t\t\t\t<\/a>\n\t\t\t\t<\/div>\n\t\t\t\t\t\t\t\t<\/div>\n\t\t\t\t<\/div>\n\t\t\t\t<div class=\"elementor-element elementor-element-28127d0c elementor-align-center elementor-widget__width-auto elementor-widget elementor-widget-button\" data-id=\"28127d0c\" data-element_type=\"widget\" data-e-type=\"widget\" data-widget_type=\"button.default\">\n\t\t\t\t<div class=\"elementor-widget-container\">\n\t\t\t\t\t\t\t\t\t<div class=\"elementor-button-wrapper\">\n\t\t\t\t\t<a class=\"elementor-button elementor-button-link elementor-size-sm\" href=\"https:\/\/now-fertility.com\/fr\/environ\/notre-equipe-de-soins\/infirmieres\/\">\n\t\t\t\t\t\t<span class=\"elementor-button-content-wrapper\">\n\t\t\t\t\t\t\t\t\t<span class=\"elementor-button-text\">Infirmi\u00e8res<\/span>\n\t\t\t\t\t<\/span>\n\t\t\t\t\t<\/a>\n\t\t\t\t<\/div>\n\t\t\t\t\t\t\t\t<\/div>\n\t\t\t\t<\/div>\n\t\t\t\t<div class=\"elementor-element elementor-element-762e850 elementor-align-center elementor-widget__width-auto elementor-widget elementor-widget-button\" data-id=\"762e850\" data-element_type=\"widget\" data-e-type=\"widget\" data-widget_type=\"button.default\">\n\t\t\t\t<div class=\"elementor-widget-container\">\n\t\t\t\t\t\t\t\t\t<div class=\"elementor-button-wrapper\">\n\t\t\t\t\t<a class=\"elementor-button elementor-button-link elementor-size-sm\" href=\"https:\/\/now-fertility.com\/fr\/environ\/notre-equipe-de-soins\/conseillers\/\">\n\t\t\t\t\t\t<span class=\"elementor-button-content-wrapper\">\n\t\t\t\t\t\t\t\t\t<span class=\"elementor-button-text\">Conseillers<\/span>\n\t\t\t\t\t<\/span>\n\t\t\t\t\t<\/a>\n\t\t\t\t<\/div>\n\t\t\t\t\t\t\t\t<\/div>\n\t\t\t\t<\/div>\n\t\t\t\t\t<\/div>\n\t\t<\/div>\n\t\t\t\t\t<\/div>\n\t\t<\/section>\n\t\t\t\t<section class=\"elementor-section elementor-top-section elementor-element elementor-element-4e6b8f88 elementor-section-full_width elementor-section-height-default elementor-section-height-default\" data-id=\"4e6b8f88\" data-element_type=\"section\" data-e-type=\"section\">\n\t\t\t\t\t\t<div class=\"elementor-container elementor-column-gap-default\">\n\t\t\t\t\t<div class=\"elementor-column elementor-col-100 elementor-top-column elementor-element elementor-element-143937e2\" data-id=\"143937e2\" data-element_type=\"column\" data-e-type=\"column\">\n\t\t\t<div class=\"elementor-widget-wrap elementor-element-populated\">\n\t\t\t\t\t\t<div class=\"elementor-element elementor-element-7cd01d91 elementor-widget elementor-widget-template\" data-id=\"7cd01d91\" data-element_type=\"widget\" data-e-type=\"widget\" data-widget_type=\"template.default\">\n\t\t\t\t<div class=\"elementor-widget-container\">\n\t\t\t\t\t\t\t<div class=\"elementor-template\">\n\t\t\t\t\t<div data-elementor-type=\"section\" data-elementor-id=\"7780\" class=\"elementor elementor-7780 elementor-5350 elementor-5350\" data-elementor-post-type=\"elementor_library\">\n\t\t\t\t\t<section class=\"elementor-section elementor-top-section elementor-element elementor-element-1281607f elementor-section-boxed elementor-section-height-default elementor-section-height-default\" data-id=\"1281607f\" data-element_type=\"section\" data-e-type=\"section\" data-settings=\"{&quot;background_background&quot;:&quot;classic&quot;}\">\n\t\t\t\t\t\t\t<div class=\"elementor-background-overlay\"><\/div>\n\t\t\t\t\t\t\t<div class=\"elementor-container elementor-column-gap-default\">\n\t\t\t\t\t<div class=\"elementor-column elementor-col-66 elementor-top-column elementor-element elementor-element-ff10d5e\" data-id=\"ff10d5e\" data-element_type=\"column\" data-e-type=\"column\">\n\t\t\t<div class=\"elementor-widget-wrap elementor-element-populated\">\n\t\t\t\t\t\t<div class=\"elementor-element elementor-element-5452847b elementor-widget elementor-widget-heading\" data-id=\"5452847b\" data-element_type=\"widget\" data-e-type=\"widget\" data-widget_type=\"heading.default\">\n\t\t\t\t<div class=\"elementor-widget-container\">\n\t\t\t\t\t<h3 class=\"elementor-heading-title elementor-size-large\"><b>Pr\u00eat \u00e0 commencer votre voyage ?<\/b><\/h3>\t\t\t\t<\/div>\n\t\t\t\t<\/div>\n\t\t\t\t<div class=\"elementor-element elementor-element-53a5090c elementor-widget elementor-widget-text-editor\" data-id=\"53a5090c\" data-element_type=\"widget\" data-e-type=\"widget\" data-widget_type=\"text-editor.default\">\n\t\t\t\t<div class=\"elementor-widget-container\">\n\t\t\t\t\t\t\t\t\t<p>Notre engagement est de rendre les soins de fertilit\u00e9 accessibles, fructueux et sans stress pour les patients <\/p>\n<p class=\"p1\">Si vous \u00eates pr\u00eat \u00e0 commencer votre d\u00e9marche, prenez rendez-vous avec l\u2019un de nos consultants sp\u00e9cialis\u00e9s en fertilit\u00e9.<\/p>\n\t\t\t\t\t\t\t\t<\/div>\n\t\t\t\t<\/div>\n\t\t\t\t\t<\/div>\n\t\t<\/div>\n\t\t\t\t<div class=\"elementor-column elementor-col-33 elementor-top-column elementor-element elementor-element-784b0eea\" data-id=\"784b0eea\" data-element_type=\"column\" data-e-type=\"column\">\n\t\t\t<div class=\"elementor-widget-wrap elementor-element-populated\">\n\t\t\t\t\t\t<div class=\"elementor-element elementor-element-49419ba3 elementor-align-center elementor-mobile-align-left elementor-widget elementor-widget-button\" data-id=\"49419ba3\" data-element_type=\"widget\" data-e-type=\"widget\" data-widget_type=\"button.default\">\n\t\t\t\t<div class=\"elementor-widget-container\">\n\t\t\t\t\t\t\t\t\t<div class=\"elementor-button-wrapper\">\n\t\t\t\t\t<a class=\"elementor-button elementor-button-link elementor-size-xl\" href=\"https:\/\/now-fertility.com\/fr\/consultation\/\">\n\t\t\t\t\t\t<span class=\"elementor-button-content-wrapper\">\n\t\t\t\t\t\t\t\t\t<span class=\"elementor-button-text\">D\u00c9MARRER<\/span>\n\t\t\t\t\t<\/span>\n\t\t\t\t\t<\/a>\n\t\t\t\t<\/div>\n\t\t\t\t\t\t\t\t<\/div>\n\t\t\t\t<\/div>\n\t\t\t\t\t<\/div>\n\t\t<\/div>\n\t\t\t\t\t<\/div>\n\t\t<\/section>\n\t\t\t\t<\/div>\n\t\t\t\t<\/div>\n\t\t\t\t\t\t<\/div>\n\t\t\t\t<\/div>\n\t\t\t\t\t<\/div>\n\t\t<\/div>\n\t\t\t\t\t<\/div>\n\t\t<\/section>\n\t\t\t\t<\/div>\n\t\t","protected":false},"excerpt":{"rendered":"<p>Notre \u00e9quipe Nous sommes fiers de vous pr\u00e9senter notre \u00e9quipe de soins de fertilit\u00e9. Gr\u00e2ce \u00e0 notre approche multidisciplinaire, nous offrons les plus hauts standards de soins de la part de professionnels de la fertilit\u00e9 exp\u00e9riment\u00e9s et d\u00e9vou\u00e9s \u00e0 chaque \u00e9tape de votre parcours pour cr\u00e9er votre famille ou pour pr\u00e9server votre fertilit\u00e9. Rencontrez notre [&hellip;]<\/p>\n","protected":false},"author":1,"featured_media":6632,"parent":7053,"menu_order":0,"comment_status":"closed","ping_status":"closed","template":"","meta":{"site-sidebar-layout":"no-sidebar","site-content-layout":"page-builder","ast-site-content-layout":"default","site-content-style":"default","site-sidebar-style":"default","ast-global-header-display":"","ast-banner-title-visibility":"","ast-main-header-display":"","ast-hfb-above-header-display":"","ast-hfb-below-header-display":"","ast-hfb-mobile-header-display":"","site-post-title":"disabled","ast-breadcrumbs-content":"disabled","ast-featured-img":"disabled","footer-sml-layout":"","ast-disable-related-posts":"","theme-transparent-header-meta":"default","adv-header-id-meta":"","stick-header-meta":"enabled","header-above-stick-meta":"on","header-main-stick-meta":"on","header-below-stick-meta":"","astra-migrate-meta-layouts":"default","ast-page-background-enabled":"default","ast-page-background-meta":{"desktop":{"background-color":"","background-image":"","background-repeat":"repeat","background-position":"center center","background-size":"auto","background-attachment":"scroll","background-type":"","background-media":"","overlay-type":"","overlay-color":"","overlay-opacity":"","overlay-gradient":""},"tablet":{"background-color":"","background-image":"","background-repeat":"repeat","background-position":"center center","background-size":"auto","background-attachment":"scroll","background-type":"","background-media":"","overlay-type":"","overlay-color":"","overlay-opacity":"","overlay-gradient":""},"mobile":{"background-color":"","background-image":"","background-repeat":"repeat","background-position":"center center","background-size":"auto","background-attachment":"scroll","background-type":"","background-media":"","overlay-type":"","overlay-color":"","overlay-opacity":"","overlay-gradient":""}},"ast-content-background-meta":{"desktop":{"background-color":"var(--ast-global-color-5)","background-image":"","background-repeat":"repeat","background-position":"center center","background-size":"auto","background-attachment":"scroll","background-type":"","background-media":"","overlay-type":"","overlay-color":"","overlay-opacity":"","overlay-gradient":""},"tablet":{"background-color":"var(--ast-global-color-5)","background-image":"","background-repeat":"repeat","background-position":"center center","background-size":"auto","background-attachment":"scroll","background-type":"","background-media":"","overlay-type":"","overlay-color":"","overlay-opacity":"","overlay-gradient":""},"mobile":{"background-color":"var(--ast-global-color-5)","background-image":"","background-repeat":"repeat","background-position":"center center","background-size":"auto","background-attachment":"scroll","background-type":"","background-media":"","overlay-type":"","overlay-color":"","overlay-opacity":"","overlay-gradient":""}},"footnotes":""},"class_list":["post-7054","page","type-page","status-publish","has-post-thumbnail","hentry"],"yoast_head":"<!-- This site is optimized with the Yoast SEO plugin v27.2 - https:\/\/yoast.com\/product\/yoast-seo-wordpress\/ -->\n<title>Notre \u00e9quipe de soins - NOW-fertility<\/title>\n<meta name=\"robots\" content=\"index, follow, max-snippet:-1, max-image-preview:large, max-video-preview:-1\" \/>\n<link rel=\"canonical\" href=\"https:\/\/now-fertility.com\/fr\/environ\/notre-equipe-de-soins\/\" \/>\n<meta property=\"og:locale\" content=\"fr_FR\" \/>\n<meta property=\"og:type\" content=\"article\" \/>\n<meta property=\"og:title\" content=\"Notre \u00e9quipe de soins - NOW-fertility\" \/>\n<meta property=\"og:description\" content=\"Notre \u00e9quipe Nous sommes fiers de vous pr\u00e9senter notre \u00e9quipe de soins de fertilit\u00e9. Gr\u00e2ce \u00e0 notre approche multidisciplinaire, nous offrons les plus hauts standards de soins de la part de professionnels de la fertilit\u00e9 exp\u00e9riment\u00e9s et d\u00e9vou\u00e9s \u00e0 chaque \u00e9tape de votre parcours pour cr\u00e9er votre famille ou pour pr\u00e9server votre fertilit\u00e9. Rencontrez notre [&hellip;]\" \/>\n<meta property=\"og:url\" content=\"https:\/\/now-fertility.com\/fr\/environ\/notre-equipe-de-soins\/\" \/>\n<meta property=\"og:site_name\" content=\"NOW-fertility\" \/>\n<meta property=\"article:publisher\" content=\"https:\/\/www.facebook.com\/nowfertilitycare\" \/>\n<meta property=\"article:modified_time\" content=\"2025-06-27T15:19:44+00:00\" \/>\n<meta property=\"og:image\" content=\"https:\/\/now-fertility.com\/wp-content\/uploads\/2022\/06\/Our-Care-Team\u200b-1.jpg\" \/>\n\t<meta property=\"og:image:width\" content=\"900\" \/>\n\t<meta property=\"og:image:height\" content=\"600\" \/>\n\t<meta property=\"og:image:type\" content=\"image\/jpeg\" \/>\n<meta name=\"twitter:card\" content=\"summary_large_image\" \/>\n<meta name=\"twitter:site\" content=\"@nowfertility\" \/>\n<script type=\"application\/ld+json\" class=\"yoast-schema-graph\">{\"@context\":\"https:\/\/schema.org\",\"@graph\":[{\"@type\":\"WebPage\",\"@id\":\"https:\/\/now-fertility.com\/fr\/environ\/notre-equipe-de-soins\/\",\"url\":\"https:\/\/now-fertility.com\/fr\/environ\/notre-equipe-de-soins\/\",\"name\":\"Notre \u00e9quipe de soins - NOW-fertility\",\"isPartOf\":{\"@id\":\"https:\/\/now-fertility.com\/fr\/#website\"},\"primaryImageOfPage\":{\"@id\":\"https:\/\/now-fertility.com\/fr\/environ\/notre-equipe-de-soins\/#primaryimage\"},\"image\":{\"@id\":\"https:\/\/now-fertility.com\/fr\/environ\/notre-equipe-de-soins\/#primaryimage\"},\"thumbnailUrl\":\"https:\/\/now-fertility.com\/wp-content\/uploads\/2022\/06\/Our-Care-Team\u200b-1.webp\",\"datePublished\":\"2022-06-24T09:01:23+00:00\",\"dateModified\":\"2025-06-27T15:19:44+00:00\",\"breadcrumb\":{\"@id\":\"https:\/\/now-fertility.com\/fr\/environ\/notre-equipe-de-soins\/#breadcrumb\"},\"inLanguage\":\"fr-FR\",\"potentialAction\":[{\"@type\":\"ReadAction\",\"target\":[\"https:\/\/now-fertility.com\/fr\/environ\/notre-equipe-de-soins\/\"]}]},{\"@type\":\"ImageObject\",\"inLanguage\":\"fr-FR\",\"@id\":\"https:\/\/now-fertility.com\/fr\/environ\/notre-equipe-de-soins\/#primaryimage\",\"url\":\"https:\/\/now-fertility.com\/wp-content\/uploads\/2022\/06\/Our-Care-Team\u200b-1.webp\",\"contentUrl\":\"https:\/\/now-fertility.com\/wp-content\/uploads\/2022\/06\/Our-Care-Team\u200b-1.webp\",\"width\":900,\"height\":600},{\"@type\":\"BreadcrumbList\",\"@id\":\"https:\/\/now-fertility.com\/fr\/environ\/notre-equipe-de-soins\/#breadcrumb\",\"itemListElement\":[{\"@type\":\"ListItem\",\"position\":1,\"name\":\"Accueil\",\"item\":\"https:\/\/now-fertility.com\/fr\/domicile\/\"},{\"@type\":\"ListItem\",\"position\":2,\"name\":\"\u00c0 propos\",\"item\":\"https:\/\/now-fertility.com\/fr\/environ\/\"},{\"@type\":\"ListItem\",\"position\":3,\"name\":\"Notre \u00e9quipe de soins\"}]},{\"@type\":\"WebSite\",\"@id\":\"https:\/\/now-fertility.com\/fr\/#website\",\"url\":\"https:\/\/now-fertility.com\/fr\/\",\"name\":\"NOW-fertility\",\"description\":\"Global fertility service without barriers\",\"publisher\":{\"@id\":\"https:\/\/now-fertility.com\/fr\/#organization\"},\"potentialAction\":[{\"@type\":\"SearchAction\",\"target\":{\"@type\":\"EntryPoint\",\"urlTemplate\":\"https:\/\/now-fertility.com\/fr\/?s={search_term_string}\"},\"query-input\":{\"@type\":\"PropertyValueSpecification\",\"valueRequired\":true,\"valueName\":\"search_term_string\"}}],\"inLanguage\":\"fr-FR\"},{\"@type\":\"Organization\",\"@id\":\"https:\/\/now-fertility.com\/fr\/#organization\",\"name\":\"NOW-fertility\",\"url\":\"https:\/\/now-fertility.com\/fr\/\",\"logo\":{\"@type\":\"ImageObject\",\"inLanguage\":\"fr-FR\",\"@id\":\"https:\/\/now-fertility.com\/fr\/#\/schema\/logo\/image\/\",\"url\":\"https:\/\/now-fertility.com\/wp-content\/uploads\/2023\/11\/NOW-fertility.png\",\"contentUrl\":\"https:\/\/now-fertility.com\/wp-content\/uploads\/2023\/11\/NOW-fertility.png\",\"width\":720,\"height\":720,\"caption\":\"NOW-fertility\"},\"image\":{\"@id\":\"https:\/\/now-fertility.com\/fr\/#\/schema\/logo\/image\/\"},\"sameAs\":[\"https:\/\/www.facebook.com\/nowfertilitycare\",\"https:\/\/x.com\/nowfertility\",\"https:\/\/www.instagram.com\/nowfertilitycare\/\",\"https:\/\/www.linkedin.com\/company\/nowfertilitycare\/\"]}]}<\/script>\n<!-- \/ Yoast SEO plugin. -->","yoast_head_json":{"title":"Notre \u00e9quipe de soins - NOW-fertility","robots":{"index":"index","follow":"follow","max-snippet":"max-snippet:-1","max-image-preview":"max-image-preview:large","max-video-preview":"max-video-preview:-1"},"canonical":"https:\/\/now-fertility.com\/fr\/environ\/notre-equipe-de-soins\/","og_locale":"fr_FR","og_type":"article","og_title":"Notre \u00e9quipe de soins - NOW-fertility","og_description":"Notre \u00e9quipe Nous sommes fiers de vous pr\u00e9senter notre \u00e9quipe de soins de fertilit\u00e9. Gr\u00e2ce \u00e0 notre approche multidisciplinaire, nous offrons les plus hauts standards de soins de la part de professionnels de la fertilit\u00e9 exp\u00e9riment\u00e9s et d\u00e9vou\u00e9s \u00e0 chaque \u00e9tape de votre parcours pour cr\u00e9er votre famille ou pour pr\u00e9server votre fertilit\u00e9. Rencontrez notre [&hellip;]","og_url":"https:\/\/now-fertility.com\/fr\/environ\/notre-equipe-de-soins\/","og_site_name":"NOW-fertility","article_publisher":"https:\/\/www.facebook.com\/nowfertilitycare","article_modified_time":"2025-06-27T15:19:44+00:00","og_image":[{"width":900,"height":600,"url":"https:\/\/now-fertility.com\/wp-content\/uploads\/2022\/06\/Our-Care-Team\u200b-1.jpg","type":"image\/jpeg"}],"twitter_card":"summary_large_image","twitter_site":"@nowfertility","schema":{"@context":"https:\/\/schema.org","@graph":[{"@type":"WebPage","@id":"https:\/\/now-fertility.com\/fr\/environ\/notre-equipe-de-soins\/","url":"https:\/\/now-fertility.com\/fr\/environ\/notre-equipe-de-soins\/","name":"Notre \u00e9quipe de soins - NOW-fertility","isPartOf":{"@id":"https:\/\/now-fertility.com\/fr\/#website"},"primaryImageOfPage":{"@id":"https:\/\/now-fertility.com\/fr\/environ\/notre-equipe-de-soins\/#primaryimage"},"image":{"@id":"https:\/\/now-fertility.com\/fr\/environ\/notre-equipe-de-soins\/#primaryimage"},"thumbnailUrl":"https:\/\/now-fertility.com\/wp-content\/uploads\/2022\/06\/Our-Care-Team\u200b-1.webp","datePublished":"2022-06-24T09:01:23+00:00","dateModified":"2025-06-27T15:19:44+00:00","breadcrumb":{"@id":"https:\/\/now-fertility.com\/fr\/environ\/notre-equipe-de-soins\/#breadcrumb"},"inLanguage":"fr-FR","potentialAction":[{"@type":"ReadAction","target":["https:\/\/now-fertility.com\/fr\/environ\/notre-equipe-de-soins\/"]}]},{"@type":"ImageObject","inLanguage":"fr-FR","@id":"https:\/\/now-fertility.com\/fr\/environ\/notre-equipe-de-soins\/#primaryimage","url":"https:\/\/now-fertility.com\/wp-content\/uploads\/2022\/06\/Our-Care-Team\u200b-1.webp","contentUrl":"https:\/\/now-fertility.com\/wp-content\/uploads\/2022\/06\/Our-Care-Team\u200b-1.webp","width":900,"height":600},{"@type":"BreadcrumbList","@id":"https:\/\/now-fertility.com\/fr\/environ\/notre-equipe-de-soins\/#breadcrumb","itemListElement":[{"@type":"ListItem","position":1,"name":"Accueil","item":"https:\/\/now-fertility.com\/fr\/domicile\/"},{"@type":"ListItem","position":2,"name":"\u00c0 propos","item":"https:\/\/now-fertility.com\/fr\/environ\/"},{"@type":"ListItem","position":3,"name":"Notre \u00e9quipe de soins"}]},{"@type":"WebSite","@id":"https:\/\/now-fertility.com\/fr\/#website","url":"https:\/\/now-fertility.com\/fr\/","name":"NOW-fertility","description":"Global fertility service without barriers","publisher":{"@id":"https:\/\/now-fertility.com\/fr\/#organization"},"potentialAction":[{"@type":"SearchAction","target":{"@type":"EntryPoint","urlTemplate":"https:\/\/now-fertility.com\/fr\/?s={search_term_string}"},"query-input":{"@type":"PropertyValueSpecification","valueRequired":true,"valueName":"search_term_string"}}],"inLanguage":"fr-FR"},{"@type":"Organization","@id":"https:\/\/now-fertility.com\/fr\/#organization","name":"NOW-fertility","url":"https:\/\/now-fertility.com\/fr\/","logo":{"@type":"ImageObject","inLanguage":"fr-FR","@id":"https:\/\/now-fertility.com\/fr\/#\/schema\/logo\/image\/","url":"https:\/\/now-fertility.com\/wp-content\/uploads\/2023\/11\/NOW-fertility.png","contentUrl":"https:\/\/now-fertility.com\/wp-content\/uploads\/2023\/11\/NOW-fertility.png","width":720,"height":720,"caption":"NOW-fertility"},"image":{"@id":"https:\/\/now-fertility.com\/fr\/#\/schema\/logo\/image\/"},"sameAs":["https:\/\/www.facebook.com\/nowfertilitycare","https:\/\/x.com\/nowfertility","https:\/\/www.instagram.com\/nowfertilitycare\/","https:\/\/www.linkedin.com\/company\/nowfertilitycare\/"]}]}},"_links":{"self":[{"href":"https:\/\/now-fertility.com\/fr\/wp-json\/wp\/v2\/pages\/7054","targetHints":{"allow":["GET"]}}],"collection":[{"href":"https:\/\/now-fertility.com\/fr\/wp-json\/wp\/v2\/pages"}],"about":[{"href":"https:\/\/now-fertility.com\/fr\/wp-json\/wp\/v2\/types\/page"}],"author":[{"embeddable":true,"href":"https:\/\/now-fertility.com\/fr\/wp-json\/wp\/v2\/users\/1"}],"replies":[{"embeddable":true,"href":"https:\/\/now-fertility.com\/fr\/wp-json\/wp\/v2\/comments?post=7054"}],"version-history":[{"count":18,"href":"https:\/\/now-fertility.com\/fr\/wp-json\/wp\/v2\/pages\/7054\/revisions"}],"predecessor-version":[{"id":32199,"href":"https:\/\/now-fertility.com\/fr\/wp-json\/wp\/v2\/pages\/7054\/revisions\/32199"}],"up":[{"embeddable":true,"href":"https:\/\/now-fertility.com\/fr\/wp-json\/wp\/v2\/pages\/7053"}],"wp:featuredmedia":[{"embeddable":true,"href":"https:\/\/now-fertility.com\/fr\/wp-json\/wp\/v2\/media\/6632"}],"wp:attachment":[{"href":"https:\/\/now-fertility.com\/fr\/wp-json\/wp\/v2\/media?parent=7054"}],"curies":[{"name":"wp","href":"https:\/\/api.w.org\/{rel}","templated":true}]}}