{"id":2571,"date":"2021-10-07T19:19:12","date_gmt":"2021-10-07T18:19:12","guid":{"rendered":"https:\/\/now-fertility.com\/termini\/"},"modified":"2023-03-28T12:52:16","modified_gmt":"2023-03-28T11:52:16","slug":"termini","status":"publish","type":"page","link":"https:\/\/now-fertility.com\/it\/termini\/","title":{"rendered":"Termini"},"content":{"rendered":"<p class=\"p1\">Benvenuti nel nostro sito web. Se continui a navigare e utilizzare questo sito Web, accetti di rispettare e di essere vincolato dai seguenti Termini e condizioni d&#8217;uso, che insieme alla nostra politica sulla privacy regolano il rapporto<span class=\"s1\">di<\/span>NOW-fertility SA con te in relazione al sito web. Se non sei d&#8217;accordo con qualsiasi parte dei Termini e condizioni, ti preghiamo di non utilizzare il nostro sito web.<\/p>\n<p class=\"p1\">The term <span class=\"s1\">\u2018<\/span> SA\u2019 or <span class=\"s1\">\u2018<\/span>us\u2019 or \u2018we\u2019 refers to the owner of the website whose registered office is at C\/o Morgaine Advisory SA, Via G.B. Pioda 9, 6900 Lugano, Switzerland, and company\u2019s registration number is CHE-429079326. Il termine <span class=\"s1\">&#8220;tu&#8221;<\/span>si riferisce all&#8217;utente o al visualizzatore del nostro sito web.<\/p>\n<p class=\"p1\">L&#8217;utilizzo di questo sito web \u00e8 soggetto a quanto segue:<\/p>\n<ul class=\"ul1\">\n<li class=\"li2\"><span class=\"s3\">Il contenuto delle pagine di questo sito Web \u00e8 solo per informazioni generali e utilizzo. \u00c8 soggetto a modifiche in qualsiasi momento e senza preavviso.<\/span><\/li>\n<li class=\"li2\"><span class=\"s3\">Questo sito web utilizza i cookie per monitorare le preferenze di navigazione. \u00c8 possibile visualizzare una copia completa della nostra <a href=\"https:\/\/now-fertility.com\/it\/informativa-sulla-privacy-e-sui-cookie\/\">politica sulla privacy qui<\/a>.<\/span><\/li>\n<li class=\"li2\"><span class=\"s3\">N\u00e9 noi n\u00e9 terze parti forniamo alcuna garanzia o garanzia in merito all&#8217;accuratezza, tempestivit\u00e0, prestazioni, completezza o idoneit\u00e0 delle informazioni e dei materiali trovati o offerti su questo sito Web per qualsiasi scopo e scopo. L&#8217;utente riconosce che tali informazioni e materiali possono contenere imprecisioni o errori e noi escludiamo espressamente la responsabilit\u00e0 per tali imprecisioni o errori nella misura massima consentita dalla legge.<\/span><\/li>\n<li class=\"li2\"><span class=\"s3\">L&#8217;utilizzo di qualsiasi informazione o materiale su questo sito Web \u00e8 interamente a proprio rischio, per il quale non saremo responsabili. Sar\u00e0 tua responsabilit\u00e0 garantire che qualsiasi prodotto, servizio o informazione disponibile attraverso questo sito Web soddisfi i tuoi requisiti e le tue intenzioni specifici.<\/span><\/li>\n<li class=\"li2\"><span class=\"s3\">Questo sito Web contiene materiale di propriet\u00e0 o concesso in licenza esclusivamente a noi. Questo materiale include, ma non \u00e8 limitato al design, al layout, all&#8217;aspetto, all&#8217;aspetto, al logo, al testo e alla grafica. La riproduzione \u00e8 vietata se non in conformit\u00e0 con l&#8217;avviso di copyright, che fa parte di questi Termini e Condizioni.<\/span><\/li>\n<li class=\"li2\"><span class=\"s3\">Tutti i marchi riprodotti in questo sito Web, che non sono di propriet\u00e0 o concessi in licenza all&#8217;operatore, sono riconosciuti sul sito Web come appropriato.<\/span><\/li>\n<li class=\"li2\"><span class=\"s3\">L&#8217;uso non autorizzato di questo sito web pu\u00f2 dar luogo a una richiesta di risarcimento danni e\/o essere un reato penale.<\/span><\/li>\n<li class=\"li2\"><span class=\"s3\">Di tanto in tanto, questo sito Web pu\u00f2 anche includere collegamenti ad altri siti Web. Questi collegamenti sono forniti per comodit\u00e0 e trasparenza dell&#8217;utente per offrire ulteriori informazioni, se del caso. Non significano che approviamo i siti web n\u00e9 abbiamo un interesse. Non abbiamo alcuna responsabilit\u00e0 per il contenuto dei siti web collegati.<\/span><\/li>\n<li class=\"li2\"><span class=\"s3\">L&#8217;utilizzo di questo sito Web e qualsiasi controversia derivante da tale utilizzo del sito Web \u00e8 soggetto alle leggi dell&#8217;Inghilterra.<\/span><\/li>\n<\/ul>\n","protected":false},"excerpt":{"rendered":"<p>Benvenuti nel nostro sito web. Se continui a navigare e utilizzare questo sito Web, accetti di rispettare e di essere vincolato dai seguenti Termini e condizioni d&#8217;uso, che insieme alla nostra politica sulla privacy regolano il rapportodiNOW-fertility SA con te in relazione al sito web. Se non sei d&#8217;accordo con qualsiasi parte dei Termini e [&hellip;]<\/p>\n","protected":false},"author":1,"featured_media":0,"parent":0,"menu_order":0,"comment_status":"closed","ping_status":"closed","template":"","meta":{"site-sidebar-layout":"default","site-content-layout":"default","ast-site-content-layout":"default","site-content-style":"default","site-sidebar-style":"default","ast-global-header-display":"","ast-banner-title-visibility":"","ast-main-header-display":"","ast-hfb-above-header-display":"","ast-hfb-below-header-display":"","ast-hfb-mobile-header-display":"","site-post-title":"","ast-breadcrumbs-content":"","ast-featured-img":"","footer-sml-layout":"","ast-disable-related-posts":"","theme-transparent-header-meta":"disabled","adv-header-id-meta":"","stick-header-meta":"enabled","header-above-stick-meta":"on","header-main-stick-meta":"on","header-below-stick-meta":"","astra-migrate-meta-layouts":"default","ast-page-background-enabled":"default","ast-page-background-meta":{"desktop":{"background-color":"","background-image":"","background-repeat":"repeat","background-position":"center center","background-size":"auto","background-attachment":"scroll","background-type":"","background-media":"","overlay-type":"","overlay-color":"","overlay-opacity":"","overlay-gradient":""},"tablet":{"background-color":"","background-image":"","background-repeat":"repeat","background-position":"center center","background-size":"auto","background-attachment":"scroll","background-type":"","background-media":"","overlay-type":"","overlay-color":"","overlay-opacity":"","overlay-gradient":""},"mobile":{"background-color":"","background-image":"","background-repeat":"repeat","background-position":"center center","background-size":"auto","background-attachment":"scroll","background-type":"","background-media":"","overlay-type":"","overlay-color":"","overlay-opacity":"","overlay-gradient":""}},"ast-content-background-meta":{"desktop":{"background-color":"var(--ast-global-color-5)","background-image":"","background-repeat":"repeat","background-position":"center center","background-size":"auto","background-attachment":"scroll","background-type":"","background-media":"","overlay-type":"","overlay-color":"","overlay-opacity":"","overlay-gradient":""},"tablet":{"background-color":"var(--ast-global-color-5)","background-image":"","background-repeat":"repeat","background-position":"center center","background-size":"auto","background-attachment":"scroll","background-type":"","background-media":"","overlay-type":"","overlay-color":"","overlay-opacity":"","overlay-gradient":""},"mobile":{"background-color":"var(--ast-global-color-5)","background-image":"","background-repeat":"repeat","background-position":"center center","background-size":"auto","background-attachment":"scroll","background-type":"","background-media":"","overlay-type":"","overlay-color":"","overlay-opacity":"","overlay-gradient":""}},"footnotes":""},"class_list":["post-2571","page","type-page","status-publish","hentry"],"yoast_head":"<!-- This site is optimized with the Yoast SEO plugin v27.2 - https:\/\/yoast.com\/product\/yoast-seo-wordpress\/ -->\n<title>Termini - NOW-fertility<\/title>\n<meta name=\"robots\" content=\"index, follow, max-snippet:-1, max-image-preview:large, max-video-preview:-1\" \/>\n<link rel=\"canonical\" href=\"https:\/\/now-fertility.com\/it\/termini\/\" \/>\n<meta property=\"og:locale\" content=\"it_IT\" \/>\n<meta property=\"og:type\" content=\"article\" \/>\n<meta property=\"og:title\" content=\"Termini - NOW-fertility\" \/>\n<meta property=\"og:description\" content=\"Benvenuti nel nostro sito web. Se continui a navigare e utilizzare questo sito Web, accetti di rispettare e di essere vincolato dai seguenti Termini e condizioni d&#8217;uso, che insieme alla nostra politica sulla privacy regolano il rapportodiNOW-fertility SA con te in relazione al sito web. Se non sei d&#8217;accordo con qualsiasi parte dei Termini e [&hellip;]\" \/>\n<meta property=\"og:url\" content=\"https:\/\/now-fertility.com\/it\/termini\/\" \/>\n<meta property=\"og:site_name\" content=\"NOW-fertility\" \/>\n<meta property=\"article:publisher\" content=\"https:\/\/www.facebook.com\/nowfertilitycare\" \/>\n<meta property=\"article:modified_time\" content=\"2023-03-28T11:52:16+00:00\" \/>\n<meta property=\"og:image\" content=\"https:\/\/now-fertility.com\/wp-content\/uploads\/2023\/11\/NOW-fertility-Global-fertility-service-without-barriers.webp\" \/>\n\t<meta property=\"og:image:width\" content=\"900\" \/>\n\t<meta property=\"og:image:height\" content=\"600\" \/>\n\t<meta property=\"og:image:type\" content=\"image\/webp\" \/>\n<meta name=\"twitter:card\" content=\"summary_large_image\" \/>\n<meta name=\"twitter:site\" content=\"@nowfertility\" \/>\n<meta name=\"twitter:label1\" content=\"Tempo di lettura stimato\" \/>\n\t<meta name=\"twitter:data1\" content=\"2 minuti\" \/>\n<script type=\"application\/ld+json\" class=\"yoast-schema-graph\">{\"@context\":\"https:\/\/schema.org\",\"@graph\":[{\"@type\":\"WebPage\",\"@id\":\"https:\/\/now-fertility.com\/it\/termini\/\",\"url\":\"https:\/\/now-fertility.com\/it\/termini\/\",\"name\":\"Termini - NOW-fertility\",\"isPartOf\":{\"@id\":\"https:\/\/now-fertility.com\/it\/#website\"},\"datePublished\":\"2021-10-07T18:19:12+00:00\",\"dateModified\":\"2023-03-28T11:52:16+00:00\",\"breadcrumb\":{\"@id\":\"https:\/\/now-fertility.com\/it\/termini\/#breadcrumb\"},\"inLanguage\":\"it-IT\",\"potentialAction\":[{\"@type\":\"ReadAction\",\"target\":[\"https:\/\/now-fertility.com\/it\/termini\/\"]}]},{\"@type\":\"BreadcrumbList\",\"@id\":\"https:\/\/now-fertility.com\/it\/termini\/#breadcrumb\",\"itemListElement\":[{\"@type\":\"ListItem\",\"position\":1,\"name\":\"Casa\",\"item\":\"https:\/\/now-fertility.com\/it\/casa\/\"},{\"@type\":\"ListItem\",\"position\":2,\"name\":\"Termini\"}]},{\"@type\":\"WebSite\",\"@id\":\"https:\/\/now-fertility.com\/it\/#website\",\"url\":\"https:\/\/now-fertility.com\/it\/\",\"name\":\"NOW-fertility\",\"description\":\"Global fertility service without barriers\",\"publisher\":{\"@id\":\"https:\/\/now-fertility.com\/it\/#organization\"},\"potentialAction\":[{\"@type\":\"SearchAction\",\"target\":{\"@type\":\"EntryPoint\",\"urlTemplate\":\"https:\/\/now-fertility.com\/it\/?s={search_term_string}\"},\"query-input\":{\"@type\":\"PropertyValueSpecification\",\"valueRequired\":true,\"valueName\":\"search_term_string\"}}],\"inLanguage\":\"it-IT\"},{\"@type\":\"Organization\",\"@id\":\"https:\/\/now-fertility.com\/it\/#organization\",\"name\":\"NOW-fertility\",\"url\":\"https:\/\/now-fertility.com\/it\/\",\"logo\":{\"@type\":\"ImageObject\",\"inLanguage\":\"it-IT\",\"@id\":\"https:\/\/now-fertility.com\/it\/#\/schema\/logo\/image\/\",\"url\":\"https:\/\/now-fertility.com\/wp-content\/uploads\/2023\/11\/NOW-fertility.png\",\"contentUrl\":\"https:\/\/now-fertility.com\/wp-content\/uploads\/2023\/11\/NOW-fertility.png\",\"width\":720,\"height\":720,\"caption\":\"NOW-fertility\"},\"image\":{\"@id\":\"https:\/\/now-fertility.com\/it\/#\/schema\/logo\/image\/\"},\"sameAs\":[\"https:\/\/www.facebook.com\/nowfertilitycare\",\"https:\/\/x.com\/nowfertility\",\"https:\/\/www.instagram.com\/nowfertilitycare\/\",\"https:\/\/www.linkedin.com\/company\/nowfertilitycare\/\"]}]}<\/script>\n<!-- \/ Yoast SEO plugin. -->","yoast_head_json":{"title":"Termini - NOW-fertility","robots":{"index":"index","follow":"follow","max-snippet":"max-snippet:-1","max-image-preview":"max-image-preview:large","max-video-preview":"max-video-preview:-1"},"canonical":"https:\/\/now-fertility.com\/it\/termini\/","og_locale":"it_IT","og_type":"article","og_title":"Termini - NOW-fertility","og_description":"Benvenuti nel nostro sito web. Se continui a navigare e utilizzare questo sito Web, accetti di rispettare e di essere vincolato dai seguenti Termini e condizioni d&#8217;uso, che insieme alla nostra politica sulla privacy regolano il rapportodiNOW-fertility SA con te in relazione al sito web. Se non sei d&#8217;accordo con qualsiasi parte dei Termini e [&hellip;]","og_url":"https:\/\/now-fertility.com\/it\/termini\/","og_site_name":"NOW-fertility","article_publisher":"https:\/\/www.facebook.com\/nowfertilitycare","article_modified_time":"2023-03-28T11:52:16+00:00","og_image":[{"width":900,"height":600,"url":"https:\/\/now-fertility.com\/wp-content\/uploads\/2023\/11\/NOW-fertility-Global-fertility-service-without-barriers.webp","type":"image\/webp"}],"twitter_card":"summary_large_image","twitter_site":"@nowfertility","twitter_misc":{"Tempo di lettura stimato":"2 minuti"},"schema":{"@context":"https:\/\/schema.org","@graph":[{"@type":"WebPage","@id":"https:\/\/now-fertility.com\/it\/termini\/","url":"https:\/\/now-fertility.com\/it\/termini\/","name":"Termini - NOW-fertility","isPartOf":{"@id":"https:\/\/now-fertility.com\/it\/#website"},"datePublished":"2021-10-07T18:19:12+00:00","dateModified":"2023-03-28T11:52:16+00:00","breadcrumb":{"@id":"https:\/\/now-fertility.com\/it\/termini\/#breadcrumb"},"inLanguage":"it-IT","potentialAction":[{"@type":"ReadAction","target":["https:\/\/now-fertility.com\/it\/termini\/"]}]},{"@type":"BreadcrumbList","@id":"https:\/\/now-fertility.com\/it\/termini\/#breadcrumb","itemListElement":[{"@type":"ListItem","position":1,"name":"Casa","item":"https:\/\/now-fertility.com\/it\/casa\/"},{"@type":"ListItem","position":2,"name":"Termini"}]},{"@type":"WebSite","@id":"https:\/\/now-fertility.com\/it\/#website","url":"https:\/\/now-fertility.com\/it\/","name":"NOW-fertility","description":"Global fertility service without barriers","publisher":{"@id":"https:\/\/now-fertility.com\/it\/#organization"},"potentialAction":[{"@type":"SearchAction","target":{"@type":"EntryPoint","urlTemplate":"https:\/\/now-fertility.com\/it\/?s={search_term_string}"},"query-input":{"@type":"PropertyValueSpecification","valueRequired":true,"valueName":"search_term_string"}}],"inLanguage":"it-IT"},{"@type":"Organization","@id":"https:\/\/now-fertility.com\/it\/#organization","name":"NOW-fertility","url":"https:\/\/now-fertility.com\/it\/","logo":{"@type":"ImageObject","inLanguage":"it-IT","@id":"https:\/\/now-fertility.com\/it\/#\/schema\/logo\/image\/","url":"https:\/\/now-fertility.com\/wp-content\/uploads\/2023\/11\/NOW-fertility.png","contentUrl":"https:\/\/now-fertility.com\/wp-content\/uploads\/2023\/11\/NOW-fertility.png","width":720,"height":720,"caption":"NOW-fertility"},"image":{"@id":"https:\/\/now-fertility.com\/it\/#\/schema\/logo\/image\/"},"sameAs":["https:\/\/www.facebook.com\/nowfertilitycare","https:\/\/x.com\/nowfertility","https:\/\/www.instagram.com\/nowfertilitycare\/","https:\/\/www.linkedin.com\/company\/nowfertilitycare\/"]}]}},"_links":{"self":[{"href":"https:\/\/now-fertility.com\/it\/wp-json\/wp\/v2\/pages\/2571","targetHints":{"allow":["GET"]}}],"collection":[{"href":"https:\/\/now-fertility.com\/it\/wp-json\/wp\/v2\/pages"}],"about":[{"href":"https:\/\/now-fertility.com\/it\/wp-json\/wp\/v2\/types\/page"}],"author":[{"embeddable":true,"href":"https:\/\/now-fertility.com\/it\/wp-json\/wp\/v2\/users\/1"}],"replies":[{"embeddable":true,"href":"https:\/\/now-fertility.com\/it\/wp-json\/wp\/v2\/comments?post=2571"}],"version-history":[{"count":4,"href":"https:\/\/now-fertility.com\/it\/wp-json\/wp\/v2\/pages\/2571\/revisions"}],"predecessor-version":[{"id":15320,"href":"https:\/\/now-fertility.com\/it\/wp-json\/wp\/v2\/pages\/2571\/revisions\/15320"}],"wp:attachment":[{"href":"https:\/\/now-fertility.com\/it\/wp-json\/wp\/v2\/media?parent=2571"}],"curies":[{"name":"wp","href":"https:\/\/api.w.org\/{rel}","templated":true}]}}