{"id":29557,"date":"2025-03-14T13:09:03","date_gmt":"2025-03-14T13:09:03","guid":{"rendered":"https:\/\/now-fertility.com\/now-fertil-integratori\/"},"modified":"2025-04-23T12:45:00","modified_gmt":"2025-04-23T11:45:00","slug":"now-fertil-integratori","status":"publish","type":"page","link":"https:\/\/now-fertility.com\/it\/now-fertil-integratori\/","title":{"rendered":"NOW-fertil Integratori"},"content":{"rendered":"\t\t<div data-elementor-type=\"wp-page\" data-elementor-id=\"29557\" class=\"elementor elementor-29557 elementor-28856\" data-elementor-post-type=\"page\">\n\t\t\t\t\t\t<section class=\"elementor-section elementor-top-section elementor-element elementor-element-1922aad9 elementor-section-height-min-height elementor-section-boxed elementor-section-height-default elementor-section-items-middle\" data-id=\"1922aad9\" data-element_type=\"section\" data-e-type=\"section\" data-settings=\"{&quot;background_background&quot;:&quot;classic&quot;,&quot;shape_divider_bottom&quot;:&quot;curve-asymmetrical&quot;,&quot;shape_divider_bottom_negative&quot;:&quot;yes&quot;}\">\n\t\t\t\t\t\t\t<div class=\"elementor-background-overlay\"><\/div>\n\t\t\t\t\t\t<div class=\"elementor-shape elementor-shape-bottom\" aria-hidden=\"true\" data-negative=\"true\">\n\t\t\t<svg xmlns=\"http:\/\/www.w3.org\/2000\/svg\" viewBox=\"0 0 1000 100\" preserveAspectRatio=\"none\">\n\t<path class=\"elementor-shape-fill\" d=\"M615.2,96.7C240.2,97.8,0,18.9,0,0v100h1000V0C1000,19.2,989.8,96,615.2,96.7z\"\/>\n<\/svg>\t\t<\/div>\n\t\t\t\t\t<div class=\"elementor-container elementor-column-gap-default\">\n\t\t\t\t\t<div class=\"elementor-column elementor-col-66 elementor-top-column elementor-element elementor-element-1d33a8e\" data-id=\"1d33a8e\" data-element_type=\"column\" data-e-type=\"column\">\n\t\t\t<div class=\"elementor-widget-wrap elementor-element-populated\">\n\t\t\t\t\t\t<div class=\"elementor-element elementor-element-12f6e82f elementor-widget elementor-widget-heading\" data-id=\"12f6e82f\" data-element_type=\"widget\" data-e-type=\"widget\" data-widget_type=\"heading.default\">\n\t\t\t\t<div class=\"elementor-widget-container\">\n\t\t\t\t\t<h1 class=\"elementor-heading-title elementor-size-xl\"><strong>NOW-Fertil<\/strong> Integratori<\/h1>\t\t\t\t<\/div>\n\t\t\t\t<\/div>\n\t\t\t\t<div class=\"elementor-element elementor-element-1769bab elementor-widget elementor-widget-heading\" data-id=\"1769bab\" data-element_type=\"widget\" data-e-type=\"widget\" data-widget_type=\"heading.default\">\n\t\t\t\t<div class=\"elementor-widget-container\">\n\t\t\t\t\t<h3 class=\"elementor-heading-title elementor-size-default\">Sostenere la tua salute riproduttiva<\/h3>\t\t\t\t<\/div>\n\t\t\t\t<\/div>\n\t\t\t\t\t<\/div>\n\t\t<\/div>\n\t\t\t\t<div class=\"elementor-column elementor-col-33 elementor-top-column elementor-element elementor-element-2a6a0d3a\" data-id=\"2a6a0d3a\" data-element_type=\"column\" data-e-type=\"column\">\n\t\t\t<div class=\"elementor-widget-wrap elementor-element-populated\">\n\t\t\t\t\t\t<div class=\"elementor-element elementor-element-796da9b5 elementor-align-center elementor-mobile-align-left elementor-widget elementor-widget-breadcrumbs\" data-id=\"796da9b5\" data-element_type=\"widget\" data-e-type=\"widget\" data-widget_type=\"breadcrumbs.default\">\n\t\t\t\t<div class=\"elementor-widget-container\">\n\t\t\t\t\t<p id=\"breadcrumbs\"><span><span><a href=\"https:\/\/now-fertility.com\/it\/casa\/\">Casa<\/a><\/span><\/span><\/p>\t\t\t\t<\/div>\n\t\t\t\t<\/div>\n\t\t\t\t\t<\/div>\n\t\t<\/div>\n\t\t\t\t\t<\/div>\n\t\t<\/section>\n\t\t\t\t<section class=\"elementor-section elementor-top-section elementor-element elementor-element-7ef98d35 elementor-section-boxed elementor-section-height-default elementor-section-height-default\" data-id=\"7ef98d35\" data-element_type=\"section\" data-e-type=\"section\">\n\t\t\t\t\t\t<div class=\"elementor-container elementor-column-gap-default\">\n\t\t\t\t\t<div class=\"elementor-column elementor-col-100 elementor-top-column elementor-element elementor-element-2631fb91\" data-id=\"2631fb91\" data-element_type=\"column\" data-e-type=\"column\">\n\t\t\t<div class=\"elementor-widget-wrap elementor-element-populated\">\n\t\t\t\t\t\t<div class=\"elementor-element elementor-element-7eeae19 elementor-widget elementor-widget-heading\" data-id=\"7eeae19\" data-element_type=\"widget\" data-e-type=\"widget\" data-widget_type=\"heading.default\">\n\t\t\t\t<div class=\"elementor-widget-container\">\n\t\t\t\t\t<h2 class=\"elementor-heading-title elementor-size-default\">Ti presentiamo la nostra nuova gamma di integratori per la fertilit\u00e0<\/h2>\t\t\t\t<\/div>\n\t\t\t\t<\/div>\n\t\t\t\t<div class=\"elementor-element elementor-element-da10f3f elementor-widget-divider--view-line elementor-widget elementor-widget-divider\" data-id=\"da10f3f\" data-element_type=\"widget\" data-e-type=\"widget\" data-widget_type=\"divider.default\">\n\t\t\t\t<div class=\"elementor-widget-container\">\n\t\t\t\t\t\t\t<div class=\"elementor-divider\">\n\t\t\t<span class=\"elementor-divider-separator\">\n\t\t\t\t\t\t<\/span>\n\t\t<\/div>\n\t\t\t\t\t\t<\/div>\n\t\t\t\t<\/div>\n\t\t\t\t<div class=\"elementor-element elementor-element-2a3abcd5 elementor-widget elementor-widget-text-editor\" data-id=\"2a3abcd5\" data-element_type=\"widget\" data-e-type=\"widget\" data-widget_type=\"text-editor.default\">\n\t\t\t\t<div class=\"elementor-widget-container\">\n\t\t\t\t\t\t\t\t\t<p>Aumenta la tua fertilit\u00e0 con i nostri integratori per la fertilit\u00e0 sapientemente formulati per uomini, donne e coppie. Progettato per supportare la naturale salute riproduttiva del tuo corpo, ogni integratore \u00e8 ricco di nutrienti essenziali per migliorare la fertilit\u00e0, bilanciare gli ormoni e promuovere il benessere generale. <\/p><p>Che tu stia appena iniziando il tuo percorso o che ci stia provando da un po&#8217;, le nostre formule mirate aiutano a preparare il tuo corpo alla fertilit\u00e0, offrendoti le migliori possibilit\u00e0 di successo. Fai il passo successivo verso la genitorialit\u00e0 con fiducia. <\/p><p><strong>Ottimizza la tua fertilit\u00e0 in modo naturale, perch\u00e9 ogni viaggio verso la genitorialit\u00e0 inizia con il giusto supporto.<\/strong><\/p>\t\t\t\t\t\t\t\t<\/div>\n\t\t\t\t<\/div>\n\t\t\t\t\t<\/div>\n\t\t<\/div>\n\t\t\t\t\t<\/div>\n\t\t<\/section>\n\t\t\t\t<section class=\"elementor-section elementor-top-section elementor-element elementor-element-63ce344 elementor-section-boxed elementor-section-height-default elementor-section-height-default\" data-id=\"63ce344\" data-element_type=\"section\" data-e-type=\"section\">\n\t\t\t\t\t\t<div class=\"elementor-container elementor-column-gap-default\">\n\t\t\t\t\t<div class=\"elementor-column elementor-col-50 elementor-top-column elementor-element elementor-element-f400ac0\" data-id=\"f400ac0\" data-element_type=\"column\" data-e-type=\"column\">\n\t\t\t<div class=\"elementor-widget-wrap elementor-element-populated\">\n\t\t\t\t\t\t<div class=\"elementor-element elementor-element-58d52c6 elementor-widget elementor-widget-heading\" data-id=\"58d52c6\" data-element_type=\"widget\" data-e-type=\"widget\" data-widget_type=\"heading.default\">\n\t\t\t\t<div class=\"elementor-widget-container\">\n\t\t\t\t\t<h3 class=\"elementor-heading-title elementor-size-default\"><strong>NOW-Fertil<\/strong> <i>PLUS<\/i><\/h3>\t\t\t\t<\/div>\n\t\t\t\t<\/div>\n\t\t\t\t<div class=\"elementor-element elementor-element-b190dc2 elementor-widget elementor-widget-image\" data-id=\"b190dc2\" data-element_type=\"widget\" data-e-type=\"widget\" data-widget_type=\"image.default\">\n\t\t\t\t<div class=\"elementor-widget-container\">\n\t\t\t\t\t\t\t\t\t\t\t\t\t\t\t\t<a href=\"https:\/\/now-fertility.com\/fertility-supplements\/now-fertil-plus\/\">\n\t\t\t\t\t\t\t<img decoding=\"async\" width=\"533\" height=\"533\" src=\"https:\/\/now-fertility.com\/wp-content\/uploads\/2025\/04\/CoupleBundle.webp\" class=\"attachment-full size-full wp-image-30329\" alt=\"NOW-fertil PLUS Bundle\" srcset=\"https:\/\/now-fertility.com\/wp-content\/uploads\/2025\/04\/CoupleBundle.webp 533w, https:\/\/now-fertility.com\/wp-content\/uploads\/2025\/04\/CoupleBundle-300x300.webp 300w, https:\/\/now-fertility.com\/wp-content\/uploads\/2025\/04\/CoupleBundle-150x150.webp 150w\" sizes=\"(max-width: 533px) 100vw, 533px\" \/>\t\t\t\t\t\t\t\t<\/a>\n\t\t\t\t\t\t\t\t\t\t\t\t\t\t\t<\/div>\n\t\t\t\t<\/div>\n\t\t\t\t<div class=\"elementor-element elementor-element-a7f85ac elementor-widget elementor-widget-heading\" data-id=\"a7f85ac\" data-element_type=\"widget\" data-e-type=\"widget\" data-widget_type=\"heading.default\">\n\t\t\t\t<div class=\"elementor-widget-container\">\n\t\t\t\t\t<h5 class=\"elementor-heading-title elementor-size-default\">Integratori per la fertilit\u00e0 maschile e femminile<\/h5>\t\t\t\t<\/div>\n\t\t\t\t<\/div>\n\t\t\t\t<div class=\"elementor-element elementor-element-73d50a0 elementor-align-center elementor-widget elementor-widget-button\" data-id=\"73d50a0\" data-element_type=\"widget\" data-e-type=\"widget\" data-widget_type=\"button.default\">\n\t\t\t\t<div class=\"elementor-widget-container\">\n\t\t\t\t\t\t\t\t\t<div class=\"elementor-button-wrapper\">\n\t\t\t\t\t<a class=\"elementor-button elementor-button-link elementor-size-sm\" href=\"https:\/\/now-fertility.com\/it\/now-fertil-integratori\/now-fertil-plus\/\">\n\t\t\t\t\t\t<span class=\"elementor-button-content-wrapper\">\n\t\t\t\t\t\t\t\t\t<span class=\"elementor-button-text\">Ulteriori informazioni<\/span>\n\t\t\t\t\t<\/span>\n\t\t\t\t\t<\/a>\n\t\t\t\t<\/div>\n\t\t\t\t\t\t\t\t<\/div>\n\t\t\t\t<\/div>\n\t\t\t\t\t<\/div>\n\t\t<\/div>\n\t\t\t\t<div class=\"elementor-column elementor-col-50 elementor-top-column elementor-element elementor-element-8ba5157\" data-id=\"8ba5157\" data-element_type=\"column\" data-e-type=\"column\">\n\t\t\t<div class=\"elementor-widget-wrap elementor-element-populated\">\n\t\t\t\t\t\t<div class=\"elementor-element elementor-element-6cfae82 elementor-widget elementor-widget-heading\" data-id=\"6cfae82\" data-element_type=\"widget\" data-e-type=\"widget\" data-widget_type=\"heading.default\">\n\t\t\t\t<div class=\"elementor-widget-container\">\n\t\t\t\t\t<h3 class=\"elementor-heading-title elementor-size-default\"><strong>NOW-salute<\/strong> NMN<\/h3>\t\t\t\t<\/div>\n\t\t\t\t<\/div>\n\t\t\t\t<div class=\"elementor-element elementor-element-13216b8 elementor-widget elementor-widget-image\" data-id=\"13216b8\" data-element_type=\"widget\" data-e-type=\"widget\" data-widget_type=\"image.default\">\n\t\t\t\t<div class=\"elementor-widget-container\">\n\t\t\t\t\t\t\t\t\t\t\t\t\t\t\t\t<a href=\"https:\/\/now-fertility.com\/fertility-supplements\/now-health-nmn\/\">\n\t\t\t\t\t\t\t<img decoding=\"async\" width=\"713\" height=\"713\" src=\"https:\/\/now-fertility.com\/wp-content\/uploads\/2025\/04\/NOW-Health-NMN-2.webp\" class=\"attachment-full size-full wp-image-30271\" alt=\"NOW-health NMN\" \/>\t\t\t\t\t\t\t\t<\/a>\n\t\t\t\t\t\t\t\t\t\t\t\t\t\t\t<\/div>\n\t\t\t\t<\/div>\n\t\t\t\t<div class=\"elementor-element elementor-element-13699b0 elementor-widget elementor-widget-heading\" data-id=\"13699b0\" data-element_type=\"widget\" data-e-type=\"widget\" data-widget_type=\"heading.default\">\n\t\t\t\t<div class=\"elementor-widget-container\">\n\t\t\t\t\t<h5 class=\"elementor-heading-title elementor-size-default\">Integratore per il potenziamento delle funzioni energetiche e metaboliche<\/h5>\t\t\t\t<\/div>\n\t\t\t\t<\/div>\n\t\t\t\t<div class=\"elementor-element elementor-element-bffcc4e elementor-align-center elementor-widget elementor-widget-button\" data-id=\"bffcc4e\" data-element_type=\"widget\" data-e-type=\"widget\" data-widget_type=\"button.default\">\n\t\t\t\t<div class=\"elementor-widget-container\">\n\t\t\t\t\t\t\t\t\t<div class=\"elementor-button-wrapper\">\n\t\t\t\t\t<a class=\"elementor-button elementor-button-link elementor-size-sm\" href=\"https:\/\/now-fertility.com\/it\/now-fertil-integratori\/now-salute-nmn\/\">\n\t\t\t\t\t\t<span class=\"elementor-button-content-wrapper\">\n\t\t\t\t\t\t\t\t\t<span class=\"elementor-button-text\">Ulteriori informazioni<\/span>\n\t\t\t\t\t<\/span>\n\t\t\t\t\t<\/a>\n\t\t\t\t<\/div>\n\t\t\t\t\t\t\t\t<\/div>\n\t\t\t\t<\/div>\n\t\t\t\t\t<\/div>\n\t\t<\/div>\n\t\t\t\t\t<\/div>\n\t\t<\/section>\n\t\t\t\t<section class=\"elementor-section elementor-top-section elementor-element elementor-element-27a58412 elementor-section-full_width elementor-section-height-default elementor-section-height-default\" data-id=\"27a58412\" data-element_type=\"section\" data-e-type=\"section\">\n\t\t\t\t\t\t<div class=\"elementor-container elementor-column-gap-default\">\n\t\t\t\t\t<div class=\"elementor-column elementor-col-100 elementor-top-column elementor-element elementor-element-16be3b3e\" data-id=\"16be3b3e\" data-element_type=\"column\" data-e-type=\"column\">\n\t\t\t<div class=\"elementor-widget-wrap elementor-element-populated\">\n\t\t\t\t\t\t\t<\/div>\n\t\t<\/div>\n\t\t\t\t\t<\/div>\n\t\t<\/section>\n\t\t\t\t<\/div>\n\t\t","protected":false},"excerpt":{"rendered":"<p>NOW-Fertil Integratori Sostenere la tua salute riproduttiva Ti presentiamo la nostra nuova gamma di integratori per la fertilit\u00e0 Aumenta la tua fertilit\u00e0 con i nostri integratori per la fertilit\u00e0 sapientemente formulati per uomini, donne e coppie. Progettato per supportare la naturale salute riproduttiva del tuo corpo, ogni integratore \u00e8 ricco di nutrienti essenziali per migliorare [&hellip;]<\/p>\n","protected":false},"author":1,"featured_media":29552,"parent":0,"menu_order":0,"comment_status":"closed","ping_status":"closed","template":"","meta":{"site-sidebar-layout":"no-sidebar","site-content-layout":"page-builder","ast-site-content-layout":"full-width-container","site-content-style":"unboxed","site-sidebar-style":"unboxed","ast-global-header-display":"","ast-banner-title-visibility":"","ast-main-header-display":"","ast-hfb-above-header-display":"","ast-hfb-below-header-display":"","ast-hfb-mobile-header-display":"","site-post-title":"disabled","ast-breadcrumbs-content":"disabled","ast-featured-img":"disabled","footer-sml-layout":"","ast-disable-related-posts":"","theme-transparent-header-meta":"default","adv-header-id-meta":"","stick-header-meta":"enabled","header-above-stick-meta":"on","header-main-stick-meta":"on","header-below-stick-meta":"","astra-migrate-meta-layouts":"default","ast-page-background-enabled":"default","ast-page-background-meta":{"desktop":{"background-color":"","background-image":"","background-repeat":"repeat","background-position":"center center","background-size":"auto","background-attachment":"scroll","background-type":"","background-media":"","overlay-type":"","overlay-color":"","overlay-opacity":"","overlay-gradient":""},"tablet":{"background-color":"","background-image":"","background-repeat":"repeat","background-position":"center center","background-size":"auto","background-attachment":"scroll","background-type":"","background-media":"","overlay-type":"","overlay-color":"","overlay-opacity":"","overlay-gradient":""},"mobile":{"background-color":"","background-image":"","background-repeat":"repeat","background-position":"center center","background-size":"auto","background-attachment":"scroll","background-type":"","background-media":"","overlay-type":"","overlay-color":"","overlay-opacity":"","overlay-gradient":""}},"ast-content-background-meta":{"desktop":{"background-color":"var(--ast-global-color-5)","background-image":"","background-repeat":"repeat","background-position":"center center","background-size":"auto","background-attachment":"scroll","background-type":"","background-media":"","overlay-type":"","overlay-color":"","overlay-opacity":"","overlay-gradient":""},"tablet":{"background-color":"var(--ast-global-color-5)","background-image":"","background-repeat":"repeat","background-position":"center center","background-size":"auto","background-attachment":"scroll","background-type":"","background-media":"","overlay-type":"","overlay-color":"","overlay-opacity":"","overlay-gradient":""},"mobile":{"background-color":"var(--ast-global-color-5)","background-image":"","background-repeat":"repeat","background-position":"center center","background-size":"auto","background-attachment":"scroll","background-type":"","background-media":"","overlay-type":"","overlay-color":"","overlay-opacity":"","overlay-gradient":""}},"footnotes":""},"class_list":["post-29557","page","type-page","status-publish","has-post-thumbnail","hentry"],"yoast_head":"<!-- This site is optimized with the Yoast SEO plugin v27.2 - https:\/\/yoast.com\/product\/yoast-seo-wordpress\/ -->\n<title>NOW-fertil Integratori per il potenziamento della fertilit\u00e0 - NOW-fertility<\/title>\n<meta name=\"description\" content=\"Ti presentiamo la nostra nuova gamma di integratori per la fertilit\u00e0. Aumenta la tua fertilit\u00e0 con i nostri integratori per la fertilit\u00e0 sapientemente formulati per uomini, donne e coppie.\" \/>\n<meta name=\"robots\" content=\"index, follow, max-snippet:-1, max-image-preview:large, max-video-preview:-1\" \/>\n<link rel=\"canonical\" href=\"https:\/\/now-fertility.com\/it\/now-fertil-integratori\/\" \/>\n<meta property=\"og:locale\" content=\"it_IT\" \/>\n<meta property=\"og:type\" content=\"article\" \/>\n<meta property=\"og:title\" content=\"NOW-fertil Integratori per il potenziamento della fertilit\u00e0 - NOW-fertility\" \/>\n<meta property=\"og:description\" content=\"Ti presentiamo la nostra nuova gamma di integratori per la fertilit\u00e0. Aumenta la tua fertilit\u00e0 con i nostri integratori per la fertilit\u00e0 sapientemente formulati per uomini, donne e coppie.\" \/>\n<meta property=\"og:url\" content=\"https:\/\/now-fertility.com\/it\/now-fertil-integratori\/\" \/>\n<meta property=\"og:site_name\" content=\"NOW-fertility\" \/>\n<meta property=\"article:publisher\" content=\"https:\/\/www.facebook.com\/nowfertilitycare\" \/>\n<meta property=\"article:modified_time\" content=\"2025-04-23T11:45:00+00:00\" \/>\n<meta property=\"og:image\" content=\"https:\/\/now-fertility.com\/wp-content\/uploads\/2025\/03\/Now-fertil.jpg\" \/>\n\t<meta property=\"og:image:width\" content=\"1200\" \/>\n\t<meta property=\"og:image:height\" content=\"800\" \/>\n\t<meta property=\"og:image:type\" content=\"image\/jpeg\" \/>\n<meta name=\"twitter:card\" content=\"summary_large_image\" \/>\n<meta name=\"twitter:site\" content=\"@nowfertility\" \/>\n<meta name=\"twitter:label1\" content=\"Tempo di lettura stimato\" \/>\n\t<meta name=\"twitter:data1\" content=\"1 minuto\" \/>\n<script type=\"application\/ld+json\" class=\"yoast-schema-graph\">{\"@context\":\"https:\/\/schema.org\",\"@graph\":[{\"@type\":\"WebPage\",\"@id\":\"https:\/\/now-fertility.com\/it\/now-fertil-integratori\/\",\"url\":\"https:\/\/now-fertility.com\/it\/now-fertil-integratori\/\",\"name\":\"NOW-fertil Integratori per il potenziamento della fertilit\u00e0 - NOW-fertility\",\"isPartOf\":{\"@id\":\"https:\/\/now-fertility.com\/it\/#website\"},\"primaryImageOfPage\":{\"@id\":\"https:\/\/now-fertility.com\/it\/now-fertil-integratori\/#primaryimage\"},\"image\":{\"@id\":\"https:\/\/now-fertility.com\/it\/now-fertil-integratori\/#primaryimage\"},\"thumbnailUrl\":\"https:\/\/now-fertility.com\/wp-content\/uploads\/2025\/03\/Now-fertil.webp\",\"datePublished\":\"2025-03-14T13:09:03+00:00\",\"dateModified\":\"2025-04-23T11:45:00+00:00\",\"description\":\"Ti presentiamo la nostra nuova gamma di integratori per la fertilit\u00e0. Aumenta la tua fertilit\u00e0 con i nostri integratori per la fertilit\u00e0 sapientemente formulati per uomini, donne e coppie.\",\"breadcrumb\":{\"@id\":\"https:\/\/now-fertility.com\/it\/now-fertil-integratori\/#breadcrumb\"},\"inLanguage\":\"it-IT\",\"potentialAction\":[{\"@type\":\"ReadAction\",\"target\":[\"https:\/\/now-fertility.com\/it\/now-fertil-integratori\/\"]}]},{\"@type\":\"ImageObject\",\"inLanguage\":\"it-IT\",\"@id\":\"https:\/\/now-fertility.com\/it\/now-fertil-integratori\/#primaryimage\",\"url\":\"https:\/\/now-fertility.com\/wp-content\/uploads\/2025\/03\/Now-fertil.webp\",\"contentUrl\":\"https:\/\/now-fertility.com\/wp-content\/uploads\/2025\/03\/Now-fertil.webp\",\"width\":1200,\"height\":800,\"caption\":\"Now-fertil\"},{\"@type\":\"BreadcrumbList\",\"@id\":\"https:\/\/now-fertility.com\/it\/now-fertil-integratori\/#breadcrumb\",\"itemListElement\":[{\"@type\":\"ListItem\",\"position\":1,\"name\":\"Casa\",\"item\":\"https:\/\/now-fertility.com\/it\/casa\/\"},{\"@type\":\"ListItem\",\"position\":2,\"name\":\"NOW-fertil Integratori\"}]},{\"@type\":\"WebSite\",\"@id\":\"https:\/\/now-fertility.com\/it\/#website\",\"url\":\"https:\/\/now-fertility.com\/it\/\",\"name\":\"NOW-fertility\",\"description\":\"Global fertility service without barriers\",\"publisher\":{\"@id\":\"https:\/\/now-fertility.com\/it\/#organization\"},\"potentialAction\":[{\"@type\":\"SearchAction\",\"target\":{\"@type\":\"EntryPoint\",\"urlTemplate\":\"https:\/\/now-fertility.com\/it\/?s={search_term_string}\"},\"query-input\":{\"@type\":\"PropertyValueSpecification\",\"valueRequired\":true,\"valueName\":\"search_term_string\"}}],\"inLanguage\":\"it-IT\"},{\"@type\":\"Organization\",\"@id\":\"https:\/\/now-fertility.com\/it\/#organization\",\"name\":\"NOW-fertility\",\"url\":\"https:\/\/now-fertility.com\/it\/\",\"logo\":{\"@type\":\"ImageObject\",\"inLanguage\":\"it-IT\",\"@id\":\"https:\/\/now-fertility.com\/it\/#\/schema\/logo\/image\/\",\"url\":\"https:\/\/now-fertility.com\/wp-content\/uploads\/2023\/11\/NOW-fertility.png\",\"contentUrl\":\"https:\/\/now-fertility.com\/wp-content\/uploads\/2023\/11\/NOW-fertility.png\",\"width\":720,\"height\":720,\"caption\":\"NOW-fertility\"},\"image\":{\"@id\":\"https:\/\/now-fertility.com\/it\/#\/schema\/logo\/image\/\"},\"sameAs\":[\"https:\/\/www.facebook.com\/nowfertilitycare\",\"https:\/\/x.com\/nowfertility\",\"https:\/\/www.instagram.com\/nowfertilitycare\/\",\"https:\/\/www.linkedin.com\/company\/nowfertilitycare\/\"]}]}<\/script>\n<!-- \/ Yoast SEO plugin. -->","yoast_head_json":{"title":"NOW-fertil Integratori per il potenziamento della fertilit\u00e0 - NOW-fertility","description":"Ti presentiamo la nostra nuova gamma di integratori per la fertilit\u00e0. Aumenta la tua fertilit\u00e0 con i nostri integratori per la fertilit\u00e0 sapientemente formulati per uomini, donne e coppie.","robots":{"index":"index","follow":"follow","max-snippet":"max-snippet:-1","max-image-preview":"max-image-preview:large","max-video-preview":"max-video-preview:-1"},"canonical":"https:\/\/now-fertility.com\/it\/now-fertil-integratori\/","og_locale":"it_IT","og_type":"article","og_title":"NOW-fertil Integratori per il potenziamento della fertilit\u00e0 - NOW-fertility","og_description":"Ti presentiamo la nostra nuova gamma di integratori per la fertilit\u00e0. Aumenta la tua fertilit\u00e0 con i nostri integratori per la fertilit\u00e0 sapientemente formulati per uomini, donne e coppie.","og_url":"https:\/\/now-fertility.com\/it\/now-fertil-integratori\/","og_site_name":"NOW-fertility","article_publisher":"https:\/\/www.facebook.com\/nowfertilitycare","article_modified_time":"2025-04-23T11:45:00+00:00","og_image":[{"width":1200,"height":800,"url":"https:\/\/now-fertility.com\/wp-content\/uploads\/2025\/03\/Now-fertil.jpg","type":"image\/jpeg"}],"twitter_card":"summary_large_image","twitter_site":"@nowfertility","twitter_misc":{"Tempo di lettura stimato":"1 minuto"},"schema":{"@context":"https:\/\/schema.org","@graph":[{"@type":"WebPage","@id":"https:\/\/now-fertility.com\/it\/now-fertil-integratori\/","url":"https:\/\/now-fertility.com\/it\/now-fertil-integratori\/","name":"NOW-fertil Integratori per il potenziamento della fertilit\u00e0 - NOW-fertility","isPartOf":{"@id":"https:\/\/now-fertility.com\/it\/#website"},"primaryImageOfPage":{"@id":"https:\/\/now-fertility.com\/it\/now-fertil-integratori\/#primaryimage"},"image":{"@id":"https:\/\/now-fertility.com\/it\/now-fertil-integratori\/#primaryimage"},"thumbnailUrl":"https:\/\/now-fertility.com\/wp-content\/uploads\/2025\/03\/Now-fertil.webp","datePublished":"2025-03-14T13:09:03+00:00","dateModified":"2025-04-23T11:45:00+00:00","description":"Ti presentiamo la nostra nuova gamma di integratori per la fertilit\u00e0. Aumenta la tua fertilit\u00e0 con i nostri integratori per la fertilit\u00e0 sapientemente formulati per uomini, donne e coppie.","breadcrumb":{"@id":"https:\/\/now-fertility.com\/it\/now-fertil-integratori\/#breadcrumb"},"inLanguage":"it-IT","potentialAction":[{"@type":"ReadAction","target":["https:\/\/now-fertility.com\/it\/now-fertil-integratori\/"]}]},{"@type":"ImageObject","inLanguage":"it-IT","@id":"https:\/\/now-fertility.com\/it\/now-fertil-integratori\/#primaryimage","url":"https:\/\/now-fertility.com\/wp-content\/uploads\/2025\/03\/Now-fertil.webp","contentUrl":"https:\/\/now-fertility.com\/wp-content\/uploads\/2025\/03\/Now-fertil.webp","width":1200,"height":800,"caption":"Now-fertil"},{"@type":"BreadcrumbList","@id":"https:\/\/now-fertility.com\/it\/now-fertil-integratori\/#breadcrumb","itemListElement":[{"@type":"ListItem","position":1,"name":"Casa","item":"https:\/\/now-fertility.com\/it\/casa\/"},{"@type":"ListItem","position":2,"name":"NOW-fertil Integratori"}]},{"@type":"WebSite","@id":"https:\/\/now-fertility.com\/it\/#website","url":"https:\/\/now-fertility.com\/it\/","name":"NOW-fertility","description":"Global fertility service without barriers","publisher":{"@id":"https:\/\/now-fertility.com\/it\/#organization"},"potentialAction":[{"@type":"SearchAction","target":{"@type":"EntryPoint","urlTemplate":"https:\/\/now-fertility.com\/it\/?s={search_term_string}"},"query-input":{"@type":"PropertyValueSpecification","valueRequired":true,"valueName":"search_term_string"}}],"inLanguage":"it-IT"},{"@type":"Organization","@id":"https:\/\/now-fertility.com\/it\/#organization","name":"NOW-fertility","url":"https:\/\/now-fertility.com\/it\/","logo":{"@type":"ImageObject","inLanguage":"it-IT","@id":"https:\/\/now-fertility.com\/it\/#\/schema\/logo\/image\/","url":"https:\/\/now-fertility.com\/wp-content\/uploads\/2023\/11\/NOW-fertility.png","contentUrl":"https:\/\/now-fertility.com\/wp-content\/uploads\/2023\/11\/NOW-fertility.png","width":720,"height":720,"caption":"NOW-fertility"},"image":{"@id":"https:\/\/now-fertility.com\/it\/#\/schema\/logo\/image\/"},"sameAs":["https:\/\/www.facebook.com\/nowfertilitycare","https:\/\/x.com\/nowfertility","https:\/\/www.instagram.com\/nowfertilitycare\/","https:\/\/www.linkedin.com\/company\/nowfertilitycare\/"]}]}},"_links":{"self":[{"href":"https:\/\/now-fertility.com\/it\/wp-json\/wp\/v2\/pages\/29557","targetHints":{"allow":["GET"]}}],"collection":[{"href":"https:\/\/now-fertility.com\/it\/wp-json\/wp\/v2\/pages"}],"about":[{"href":"https:\/\/now-fertility.com\/it\/wp-json\/wp\/v2\/types\/page"}],"author":[{"embeddable":true,"href":"https:\/\/now-fertility.com\/it\/wp-json\/wp\/v2\/users\/1"}],"replies":[{"embeddable":true,"href":"https:\/\/now-fertility.com\/it\/wp-json\/wp\/v2\/comments?post=29557"}],"version-history":[{"count":3,"href":"https:\/\/now-fertility.com\/it\/wp-json\/wp\/v2\/pages\/29557\/revisions"}],"predecessor-version":[{"id":30391,"href":"https:\/\/now-fertility.com\/it\/wp-json\/wp\/v2\/pages\/29557\/revisions\/30391"}],"wp:featuredmedia":[{"embeddable":true,"href":"https:\/\/now-fertility.com\/it\/wp-json\/wp\/v2\/media\/29552"}],"wp:attachment":[{"href":"https:\/\/now-fertility.com\/it\/wp-json\/wp\/v2\/media?parent=29557"}],"curies":[{"name":"wp","href":"https:\/\/api.w.org\/{rel}","templated":true}]}}